{"id":17163,"date":"2025-09-02T11:08:44","date_gmt":"2025-09-02T09:08:44","guid":{"rendered":"https:\/\/perfettohome.sk\/produkt\/atrix-intenziv-kamillas-kezkrem-100ml\/"},"modified":"2025-09-02T11:08:44","modified_gmt":"2025-09-02T09:08:44","slug":"atrix-intenziv-kamillas-kezkrem-100ml","status":"publish","type":"product","link":"https:\/\/perfettohome.sk\/hu\/produkt\/atrix-intenziv-kamillas-kezkrem-100ml\/","title":{"rendered":"Atrix intenz\u00edv kamill\u00e1s k\u00e9zkr\u00e9m 100ml"},"content":{"rendered":"<p data-start=\"43\" data-end=\"295\">T\u00e1pl\u00e1l\u00f3 k\u00e9zkr\u00e9m kamill\u00e1val, amely intenz\u00edven hidrat\u00e1lja \u00e9s v\u00e9di a sz\u00e1raz b\u0151rt. Puha, megnyugtatott \u00e9s finoman illatos\u00edtott kezet hagy. Gyorsan felsz\u00edv\u00f3dik \u00e9s ide\u00e1lis a napi \u00e1pol\u00e1shoz.  <\/p>\n<ul data-start=\"297\" data-end=\"466\">\n<li data-start=\"297\" data-end=\"318\">\n<p data-start=\"299\" data-end=\"318\"><strong data-start=\"299\" data-end=\"309\">T\u00e9rfogat:<\/strong> 100 ml<\/p>\n<\/li>\n<li data-start=\"319\" data-end=\"362\">\n<p data-start=\"321\" data-end=\"362\"><strong data-start=\"321\" data-end=\"339\">F\u0151 \u00f6sszetev\u0151:<\/strong> kamilla<\/p>\n<\/li>\n<li data-start=\"363\" data-end=\"466\">\n<p data-start=\"365\" data-end=\"466\"><strong data-start=\"365\" data-end=\"378\">Haszn\u00e1lata:<\/strong> vigyen fel egy kis mennyis\u00e9g\u0171 kr\u00e9met a tiszta k\u00e9zre, \u00e9s finoman massz\u00edrozza be. Ism\u00e9telje meg sz\u00fcks\u00e9g szerint.<\/p>\n<\/li>\n<\/ul>\n","protected":false},"excerpt":{"rendered":"<p>T\u00e1pl\u00e1l\u00f3 k\u00e9zkr\u00e9m kamill\u00e1val, amely intenz\u00edven hidrat\u00e1lja \u00e9s v\u00e9di a sz\u00e1raz b\u0151rt. Puha, megnyugtatott \u00e9s finoman illatos\u00edtott kezet hagy. Gyorsan felsz\u00edv\u00f3dik \u00e9s ide\u00e1lis a napi \u00e1pol\u00e1shoz. T\u00e9rfogat: 100 ml F\u0151 \u00f6sszetev\u0151: kamilla Haszn\u00e1lata: vigyen fel egy kis mennyis\u00e9g\u0171 kr\u00e9met a tiszta k\u00e9zre, \u00e9s finoman massz\u00edrozza be. Ism\u00e9telje meg sz\u00fcks\u00e9g szerint.<\/p>\n","protected":false},"featured_media":17164,"template":"","meta":[],"product_brand":[],"product_cat":[317],"product_tag":[],"class_list":{"0":"post-17163","1":"product","2":"type-product","3":"status-publish","4":"has-post-thumbnail","6":"product_cat-borapolas","8":"first","9":"outofstock","10":"taxable","11":"shipping-taxable","12":"purchasable","13":"product-type-simple"},"_links":{"self":[{"href":"https:\/\/perfettohome.sk\/hu\/wp-json\/wp\/v2\/product\/17163","targetHints":{"allow":["GET"]}}],"collection":[{"href":"https:\/\/perfettohome.sk\/hu\/wp-json\/wp\/v2\/product"}],"about":[{"href":"https:\/\/perfettohome.sk\/hu\/wp-json\/wp\/v2\/types\/product"}],"wp:featuredmedia":[{"embeddable":true,"href":"https:\/\/perfettohome.sk\/hu\/wp-json\/wp\/v2\/media\/17164"}],"wp:attachment":[{"href":"https:\/\/perfettohome.sk\/hu\/wp-json\/wp\/v2\/media?parent=17163"}],"wp:term":[{"taxonomy":"product_brand","embeddable":true,"href":"https:\/\/perfettohome.sk\/hu\/wp-json\/wp\/v2\/product_brand?post=17163"},{"taxonomy":"product_cat","embeddable":true,"href":"https:\/\/perfettohome.sk\/hu\/wp-json\/wp\/v2\/product_cat?post=17163"},{"taxonomy":"product_tag","embeddable":true,"href":"https:\/\/perfettohome.sk\/hu\/wp-json\/wp\/v2\/product_tag?post=17163"}],"curies":[{"name":"wp","href":"https:\/\/api.w.org\/{rel}","templated":true}]}}