{"id":17166,"date":"2025-09-22T12:09:00","date_gmt":"2025-09-22T10:09:00","guid":{"rendered":"https:\/\/perfettohome.sk\/produkt\/bolsius-uveg-ongyujto-arany-sziv-36h\/"},"modified":"2025-12-14T18:58:23","modified_gmt":"2025-12-14T17:58:23","slug":"bolsius-uveg-ongyujto-arany-sziv-36h","status":"publish","type":"product","link":"https:\/\/perfettohome.sk\/hu\/produkt\/bolsius-uveg-ongyujto-arany-sziv-36h\/","title":{"rendered":"Bolsius \u00fcveg m\u00e9cses Arany sz\u00edv 36h"},"content":{"rendered":"<p>Dekorat\u00edv \u00fcveg m\u00e9cses aranysz\u00edn\u0171 sz\u00edv alak\u00fa fed\u00e9llel. K\u00f6r\u00fclbel\u00fcl 36 \u00f3ra egyenletes \u00e9s csendes \u00e9g\u00e9st biztos\u00edt. Alkalmas temet\u0151kbe, s\u00edrokba \u00e9s eml\u00e9khelyekre.  <\/p>\n<p>\u00c9g\u00e9si id\u0151: kb. 36 \u00f3ra<\/p>\n<p>Design: sz\u00edv alak\u00fa \u00fcveg aranyfed\u00e9llel<\/p>\n<p>Haszn\u00e1lat:<br \/>\nHelyezze a t\u0171zhelyet stabil \u00e9s nem gy\u00fal\u00e9kony fel\u00fcletre, gyermekekt\u0151l \u00e9s huzatt\u00f3l t\u00e1vol. Miut\u00e1n meggy\u00fajtotta, hagyja eg\u00e9szben \u00e9gni, hogy a viasz egyenletesen elfogyjon. K\u00fclt\u00e9ri \u00e9s belt\u00e9ri haszn\u00e1latra egyar\u00e1nt alkalmas.<\/p>\n","protected":false},"excerpt":{"rendered":"<p>Dekorat\u00edv \u00fcveg m\u00e9cses aranysz\u00edn\u0171 sz\u00edv alak\u00fa fed\u00e9llel. K\u00f6r\u00fclbel\u00fcl 36 \u00f3ra egyenletes \u00e9s csendes \u00e9g\u00e9st biztos\u00edt. Alkalmas temet\u0151kbe, s\u00edrokba \u00e9s eml\u00e9khelyekre. \u00c9g\u00e9si id\u0151: kb. 36 \u00f3ra Design: sz\u00edv alak\u00fa \u00fcveg aranyfed\u00e9llel Haszn\u00e1lat: Helyezze a t\u0171zhelyet stabil \u00e9s nem gy\u00fal\u00e9kony fel\u00fcletre, gyermekekt\u0151l \u00e9s huzatt\u00f3l t\u00e1vol. Miut\u00e1n meggy\u00fajtotta, hagyja eg\u00e9szben \u00e9gni, hogy a viasz egyenletesen elfogyjon. K\u00fclt\u00e9ri \u00e9s [&hellip;]<\/p>\n","protected":false},"featured_media":17112,"template":"","meta":[],"product_brand":[254],"product_cat":[337],"product_tag":[],"class_list":{"0":"post-17166","1":"product","2":"type-product","3":"status-publish","4":"has-post-thumbnail","6":"product_brand-bolsius","7":"product_cat-kahance-hu-2","9":"first","10":"instock","11":"taxable","12":"shipping-taxable","13":"purchasable","14":"product-type-simple"},"_links":{"self":[{"href":"https:\/\/perfettohome.sk\/hu\/wp-json\/wp\/v2\/product\/17166","targetHints":{"allow":["GET"]}}],"collection":[{"href":"https:\/\/perfettohome.sk\/hu\/wp-json\/wp\/v2\/product"}],"about":[{"href":"https:\/\/perfettohome.sk\/hu\/wp-json\/wp\/v2\/types\/product"}],"wp:featuredmedia":[{"embeddable":true,"href":"https:\/\/perfettohome.sk\/hu\/wp-json\/wp\/v2\/media\/17112"}],"wp:attachment":[{"href":"https:\/\/perfettohome.sk\/hu\/wp-json\/wp\/v2\/media?parent=17166"}],"wp:term":[{"taxonomy":"product_brand","embeddable":true,"href":"https:\/\/perfettohome.sk\/hu\/wp-json\/wp\/v2\/product_brand?post=17166"},{"taxonomy":"product_cat","embeddable":true,"href":"https:\/\/perfettohome.sk\/hu\/wp-json\/wp\/v2\/product_cat?post=17166"},{"taxonomy":"product_tag","embeddable":true,"href":"https:\/\/perfettohome.sk\/hu\/wp-json\/wp\/v2\/product_tag?post=17166"}],"curies":[{"name":"wp","href":"https:\/\/api.w.org\/{rel}","templated":true}]}}