{"id":17169,"date":"2025-09-02T11:08:42","date_gmt":"2025-09-02T09:08:42","guid":{"rendered":"https:\/\/perfettohome.sk\/produkt\/nivea-careprotect-3in1-kezkrem-75ml\/"},"modified":"2025-09-02T11:08:42","modified_gmt":"2025-09-02T09:08:42","slug":"nivea-careprotect-3in1-kezkrem-75ml","status":"publish","type":"product","link":"https:\/\/perfettohome.sk\/hu\/produkt\/nivea-careprotect-3in1-kezkrem-75ml\/","title":{"rendered":"Nivea Care&amp;Protect 3in1 k\u00e9zkr\u00e9m 75ml"},"content":{"rendered":"<p>T\u00e1pl\u00e1l\u00f3 k\u00e9zkr\u00e9m h\u00e1rmas hat\u00e1ssal: hidrat\u00e1lja, t\u00e1pl\u00e1lja \u00e9s v\u00e9di a b\u0151rt. B5 provitaminnal \u00e9s az eredeti Nivea illattal gazdag\u00edtva puh\u00e1v\u00e1, v\u00e9dett\u00e9 \u00e9s kellemesen illatoss\u00e1 teszi a kezeket. Gyorsan felsz\u00edv\u00f3dik \u00e9s nem hagy zs\u00edros r\u00e9teget.  <\/p>\n<p>T\u00e9rfogat: 75 ml<\/p>\n<p>Haszn\u00e1lat: megfelel\u0151 mennyis\u00e9g\u0171 kr\u00e9met kenjen a tiszta k\u00e9zre, \u00e9s finoman massz\u00edrozza be. Ism\u00e9telje meg sz\u00fcks\u00e9g szerint.<\/p>\n","protected":false},"excerpt":{"rendered":"<p>T\u00e1pl\u00e1l\u00f3 k\u00e9zkr\u00e9m h\u00e1rmas hat\u00e1ssal: hidrat\u00e1lja, t\u00e1pl\u00e1lja \u00e9s v\u00e9di a b\u0151rt. B5 provitaminnal \u00e9s az eredeti Nivea illattal gazdag\u00edtva puh\u00e1v\u00e1, v\u00e9dett\u00e9 \u00e9s kellemesen illatoss\u00e1 teszi a kezeket. Gyorsan felsz\u00edv\u00f3dik \u00e9s nem hagy zs\u00edros r\u00e9teget. T\u00e9rfogat: 75 ml Haszn\u00e1lat: megfelel\u0151 mennyis\u00e9g\u0171 kr\u00e9met kenjen a tiszta k\u00e9zre, \u00e9s finoman massz\u00edrozza be. Ism\u00e9telje meg sz\u00fcks\u00e9g szerint.<\/p>\n","protected":false},"featured_media":17170,"template":"","meta":[],"product_brand":[201],"product_cat":[317],"product_tag":[],"class_list":{"0":"post-17169","1":"product","2":"type-product","3":"status-publish","4":"has-post-thumbnail","6":"product_brand-nivea","7":"product_cat-borapolas","9":"first","10":"outofstock","11":"taxable","12":"shipping-taxable","13":"purchasable","14":"product-type-simple"},"_links":{"self":[{"href":"https:\/\/perfettohome.sk\/hu\/wp-json\/wp\/v2\/product\/17169","targetHints":{"allow":["GET"]}}],"collection":[{"href":"https:\/\/perfettohome.sk\/hu\/wp-json\/wp\/v2\/product"}],"about":[{"href":"https:\/\/perfettohome.sk\/hu\/wp-json\/wp\/v2\/types\/product"}],"wp:featuredmedia":[{"embeddable":true,"href":"https:\/\/perfettohome.sk\/hu\/wp-json\/wp\/v2\/media\/17170"}],"wp:attachment":[{"href":"https:\/\/perfettohome.sk\/hu\/wp-json\/wp\/v2\/media?parent=17169"}],"wp:term":[{"taxonomy":"product_brand","embeddable":true,"href":"https:\/\/perfettohome.sk\/hu\/wp-json\/wp\/v2\/product_brand?post=17169"},{"taxonomy":"product_cat","embeddable":true,"href":"https:\/\/perfettohome.sk\/hu\/wp-json\/wp\/v2\/product_cat?post=17169"},{"taxonomy":"product_tag","embeddable":true,"href":"https:\/\/perfettohome.sk\/hu\/wp-json\/wp\/v2\/product_tag?post=17169"}],"curies":[{"name":"wp","href":"https:\/\/api.w.org\/{rel}","templated":true}]}}