{"id":17171,"date":"2025-09-02T11:39:05","date_gmt":"2025-09-02T09:39:05","guid":{"rendered":"https:\/\/perfettohome.sk\/produkt\/air-wick-utantolto-a-warm-vanillasandalwood-250ml-automatikus-legfrissitohoz\/"},"modified":"2025-09-02T11:39:05","modified_gmt":"2025-09-02T09:39:05","slug":"air-wick-utantolto-a-warm-vanillasandalwood-250ml-automatikus-legfrissitohoz","status":"publish","type":"product","link":"https:\/\/perfettohome.sk\/hu\/produkt\/air-wick-utantolto-a-warm-vanillasandalwood-250ml-automatikus-legfrissitohoz\/","title":{"rendered":"Air Wick ut\u00e1nt\u00f6lt\u0151 a Warm Vanilla&amp;SandalWood 250ml automatikus l\u00e9gfriss\u00edt\u0151h\u00f6z"},"content":{"rendered":"<p>Cseret\u00f6lt\u0151 az Air Wick automatikus l\u00e9gfriss\u00edt\u0151h\u00f6z, van\u00edlia \u00e9s szant\u00e1lfa meleg\u00edt\u0151 illat\u00e1val. Kellemes hangulatot teremt a lak\u00e1sban, semleges\u00edti a szagokat \u00e9s ak\u00e1r t\u00f6bb h\u00e9tig friss\u00edti a leveg\u0151t. <\/p>\n<p>T\u00e9rfogat: 250 ml<\/p>\n<p>Meleg van\u00edlia \u00e9s szant\u00e1lfa<\/p>\n<p>Haszn\u00e1lat: alkalmas minden Air Wick Freshmatic automatikus l\u00e9gfriss\u00edt\u0151h\u00f6z.<\/p>\n","protected":false},"excerpt":{"rendered":"<p>Cseret\u00f6lt\u0151 az Air Wick automatikus l\u00e9gfriss\u00edt\u0151h\u00f6z, van\u00edlia \u00e9s szant\u00e1lfa meleg\u00edt\u0151 illat\u00e1val. Kellemes hangulatot teremt a lak\u00e1sban, semleges\u00edti a szagokat \u00e9s ak\u00e1r t\u00f6bb h\u00e9tig friss\u00edti a leveg\u0151t. T\u00e9rfogat: 250 ml Meleg van\u00edlia \u00e9s szant\u00e1lfa Haszn\u00e1lat: alkalmas minden Air Wick Freshmatic automatikus l\u00e9gfriss\u00edt\u0151h\u00f6z.<\/p>\n","protected":false},"featured_media":17173,"template":"","meta":[],"product_brand":[45],"product_cat":[172],"product_tag":[],"class_list":{"0":"post-17171","1":"product","2":"type-product","3":"status-publish","4":"has-post-thumbnail","6":"product_brand-airwick","7":"product_cat-elektricke-difuzery-hu","9":"first","10":"instock","11":"taxable","12":"shipping-taxable","13":"purchasable","14":"product-type-simple"},"_links":{"self":[{"href":"https:\/\/perfettohome.sk\/hu\/wp-json\/wp\/v2\/product\/17171","targetHints":{"allow":["GET"]}}],"collection":[{"href":"https:\/\/perfettohome.sk\/hu\/wp-json\/wp\/v2\/product"}],"about":[{"href":"https:\/\/perfettohome.sk\/hu\/wp-json\/wp\/v2\/types\/product"}],"wp:featuredmedia":[{"embeddable":true,"href":"https:\/\/perfettohome.sk\/hu\/wp-json\/wp\/v2\/media\/17173"}],"wp:attachment":[{"href":"https:\/\/perfettohome.sk\/hu\/wp-json\/wp\/v2\/media?parent=17171"}],"wp:term":[{"taxonomy":"product_brand","embeddable":true,"href":"https:\/\/perfettohome.sk\/hu\/wp-json\/wp\/v2\/product_brand?post=17171"},{"taxonomy":"product_cat","embeddable":true,"href":"https:\/\/perfettohome.sk\/hu\/wp-json\/wp\/v2\/product_cat?post=17171"},{"taxonomy":"product_tag","embeddable":true,"href":"https:\/\/perfettohome.sk\/hu\/wp-json\/wp\/v2\/product_tag?post=17171"}],"curies":[{"name":"wp","href":"https:\/\/api.w.org\/{rel}","templated":true}]}}