{"id":17182,"date":"2025-09-02T11:08:41","date_gmt":"2025-09-02T09:08:41","guid":{"rendered":"https:\/\/perfettohome.sk\/produkt\/dove-intenziv-gyorsan-felszivodo-kezkrem\/"},"modified":"2025-12-14T18:53:56","modified_gmt":"2025-12-14T17:53:56","slug":"dove-intenziv-gyorsan-felszivodo-kezkrem","status":"publish","type":"product","link":"https:\/\/perfettohome.sk\/hu\/produkt\/dove-intenziv-gyorsan-felszivodo-kezkrem\/","title":{"rendered":"Dove intenz\u00edv Rapid Absorb"},"content":{"rendered":"<p>T\u00e1pl\u00e1l\u00f3 k\u00e9zkr\u00e9m gyorsan felsz\u00edv\u00f3d\u00f3 formul\u00e1val. Intenz\u00edv hidrat\u00e1l\u00e1st biztos\u00edt, puh\u00edtja a sz\u00e1raz b\u0151rt \u00e9s zs\u00edros \u00e9rz\u00e9s n\u00e9lk\u00fcl puh\u00e1v\u00e1 teszi. Ide\u00e1lis napi haszn\u00e1latra.  <\/p>\n<p>T\u00e9rfogat: 75 ml<\/p>\n<p>Haszn\u00e1lata: vigyen fel egy kis mennyis\u00e9g\u0171 kr\u00e9met a tiszta k\u00e9zre, \u00e9s sz\u00fcks\u00e9g eset\u00e9n gyeng\u00e9den massz\u00edrozza be.<\/p>\n","protected":false},"excerpt":{"rendered":"<p>T\u00e1pl\u00e1l\u00f3 k\u00e9zkr\u00e9m gyorsan felsz\u00edv\u00f3d\u00f3 formul\u00e1val. Intenz\u00edv hidrat\u00e1l\u00e1st biztos\u00edt, puh\u00edtja a sz\u00e1raz b\u0151rt \u00e9s zs\u00edros \u00e9rz\u00e9s n\u00e9lk\u00fcl puh\u00e1v\u00e1 teszi. Ide\u00e1lis napi haszn\u00e1latra. T\u00e9rfogat: 75 ml Haszn\u00e1lata: vigyen fel egy kis mennyis\u00e9g\u0171 kr\u00e9met a tiszta k\u00e9zre, \u00e9s sz\u00fcks\u00e9g eset\u00e9n gyeng\u00e9den massz\u00edrozza be.<\/p>\n","protected":false},"featured_media":17180,"template":"","meta":[],"product_brand":[201],"product_cat":[317],"product_tag":[],"class_list":{"0":"post-17182","1":"product","2":"type-product","3":"status-publish","4":"has-post-thumbnail","6":"product_brand-nivea","7":"product_cat-borapolas","9":"first","10":"instock","11":"taxable","12":"shipping-taxable","13":"purchasable","14":"product-type-simple"},"_links":{"self":[{"href":"https:\/\/perfettohome.sk\/hu\/wp-json\/wp\/v2\/product\/17182","targetHints":{"allow":["GET"]}}],"collection":[{"href":"https:\/\/perfettohome.sk\/hu\/wp-json\/wp\/v2\/product"}],"about":[{"href":"https:\/\/perfettohome.sk\/hu\/wp-json\/wp\/v2\/types\/product"}],"wp:featuredmedia":[{"embeddable":true,"href":"https:\/\/perfettohome.sk\/hu\/wp-json\/wp\/v2\/media\/17180"}],"wp:attachment":[{"href":"https:\/\/perfettohome.sk\/hu\/wp-json\/wp\/v2\/media?parent=17182"}],"wp:term":[{"taxonomy":"product_brand","embeddable":true,"href":"https:\/\/perfettohome.sk\/hu\/wp-json\/wp\/v2\/product_brand?post=17182"},{"taxonomy":"product_cat","embeddable":true,"href":"https:\/\/perfettohome.sk\/hu\/wp-json\/wp\/v2\/product_cat?post=17182"},{"taxonomy":"product_tag","embeddable":true,"href":"https:\/\/perfettohome.sk\/hu\/wp-json\/wp\/v2\/product_tag?post=17182"}],"curies":[{"name":"wp","href":"https:\/\/api.w.org\/{rel}","templated":true}]}}