{"id":17185,"date":"2025-09-02T10:23:41","date_gmt":"2025-09-02T08:23:41","guid":{"rendered":"https:\/\/perfettohome.sk\/produkt\/bolsius-paraffin-utantolto-277g-egesi-ido-91h\/"},"modified":"2025-12-14T18:45:56","modified_gmt":"2025-12-14T17:45:56","slug":"bolsius-paraffin-utantolto-277g-egesi-ido-91h","status":"publish","type":"product","link":"https:\/\/perfettohome.sk\/hu\/produkt\/bolsius-paraffin-utantolto-277g-egesi-ido-91h\/","title":{"rendered":"Bolsius paraffin m\u00e9cses bet\u00e9t 277g (\u00e9g\u00e9si id\u0151 91h)"},"content":{"rendered":"<p>Nagym\u00e9ret\u0171 paraffin m\u00e9cses bet\u00e9t, kb. 91 \u00f3ra \u00e9g\u00e9si id\u0151vel. Stabil \u00e9s egyenletes \u00e9g\u00e9st biztos\u00edt, alkalmas nagyobb f\u00fcst\u00f6l\u0151kh\u00f6z \u00e9s hossz\u00fa t\u00e1v\u00fa haszn\u00e1latra. <\/p>\n<p>S\u00faly: 277 g<\/p>\n<p>\u00c9g\u00e9si id\u0151: kb. 91 \u00f3ra<\/p>\n<p>Anyag: paraffin<\/p>\n<p>Sz\u00edn: feh\u00e9r<\/p>\n<p>Haszn\u00e1lat:<br \/>\nHelyezze az ut\u00e1nt\u00f6lt\u0151t egy megfelel\u0151 gyuf\u00e1ba, gy\u00fajtsa meg a kan\u00f3cot, \u00e9s hagyja, hogy eg\u00e9szben \u00e9gjen, hogy a viasz egyenletesen elfogyjon. Csak stabil \u00e9s nem gy\u00fal\u00e9kony f\u00fcst\u00f6l\u0151ed\u00e9nyben, gyermekek \u00e9s huzat el\u0151l elz\u00e1rva haszn\u00e1lja.<\/p>\n","protected":false},"excerpt":{"rendered":"<p>Nagym\u00e9ret\u0171 paraffin m\u00e9cses bet\u00e9t, kb. 91 \u00f3ra \u00e9g\u00e9si id\u0151vel. Stabil \u00e9s egyenletes \u00e9g\u00e9st biztos\u00edt, alkalmas nagyobb f\u00fcst\u00f6l\u0151kh\u00f6z \u00e9s hossz\u00fa t\u00e1v\u00fa haszn\u00e1latra. S\u00faly: 277 g \u00c9g\u00e9si id\u0151: kb. 91 \u00f3ra Anyag: paraffin Sz\u00edn: feh\u00e9r Haszn\u00e1lat: Helyezze az ut\u00e1nt\u00f6lt\u0151t egy megfelel\u0151 gyuf\u00e1ba, gy\u00fajtsa meg a kan\u00f3cot, \u00e9s hagyja, hogy eg\u00e9szben \u00e9gjen, hogy a viasz egyenletesen elfogyjon. Csak [&hellip;]<\/p>\n","protected":false},"featured_media":17187,"template":"","meta":[],"product_brand":[254],"product_cat":[337],"product_tag":[],"class_list":{"0":"post-17185","1":"product","2":"type-product","3":"status-publish","4":"has-post-thumbnail","6":"product_brand-bolsius","7":"product_cat-kahance-hu-2","9":"first","10":"instock","11":"taxable","12":"shipping-taxable","13":"purchasable","14":"product-type-simple"},"_links":{"self":[{"href":"https:\/\/perfettohome.sk\/hu\/wp-json\/wp\/v2\/product\/17185","targetHints":{"allow":["GET"]}}],"collection":[{"href":"https:\/\/perfettohome.sk\/hu\/wp-json\/wp\/v2\/product"}],"about":[{"href":"https:\/\/perfettohome.sk\/hu\/wp-json\/wp\/v2\/types\/product"}],"wp:featuredmedia":[{"embeddable":true,"href":"https:\/\/perfettohome.sk\/hu\/wp-json\/wp\/v2\/media\/17187"}],"wp:attachment":[{"href":"https:\/\/perfettohome.sk\/hu\/wp-json\/wp\/v2\/media?parent=17185"}],"wp:term":[{"taxonomy":"product_brand","embeddable":true,"href":"https:\/\/perfettohome.sk\/hu\/wp-json\/wp\/v2\/product_brand?post=17185"},{"taxonomy":"product_cat","embeddable":true,"href":"https:\/\/perfettohome.sk\/hu\/wp-json\/wp\/v2\/product_cat?post=17185"},{"taxonomy":"product_tag","embeddable":true,"href":"https:\/\/perfettohome.sk\/hu\/wp-json\/wp\/v2\/product_tag?post=17185"}],"curies":[{"name":"wp","href":"https:\/\/api.w.org\/{rel}","templated":true}]}}