{"id":17190,"date":"2025-09-02T10:23:43","date_gmt":"2025-09-02T08:23:43","guid":{"rendered":"https:\/\/perfettohome.sk\/produkt\/bolsius-tealampak-50-darabos-csomag-egesi-ido-35h\/"},"modified":"2025-12-14T18:51:38","modified_gmt":"2025-12-14T17:51:38","slug":"bolsius-tealampak-50-darabos-csomag-egesi-ido-35h","status":"publish","type":"product","link":"https:\/\/perfettohome.sk\/hu\/produkt\/bolsius-tealampak-50-darabos-csomag-egesi-ido-35h\/","title":{"rendered":"Bolsius team\u00e9cses &#8211; 50 darabos csomag (\u00e9g\u00e9si id\u0151 3,5h)"},"content":{"rendered":"<p>Min\u0151s\u00e9gi team\u00e9cses, amelyek mindennapi haszn\u00e1latra, dekor\u00e1ci\u00f3ra vagy kellemes hangulat megteremt\u00e9s\u00e9re alkalmasak. Minden egyes gyertya k\u00f6r\u00fclbel\u00fcl 3,5 \u00f3r\u00e1n \u00e1t \u00e9g, \u00e9s garant\u00e1lja az egyenletes \u00e9s tiszta \u00e9g\u00e9st. <\/p>\n<p>Csomagol\u00e1s: 50 darab<\/p>\n<p>\u00c9g\u00e9si id\u0151: kb. 3,5 \u00f3ra gyerty\u00e1nk\u00e9nt<\/p>\n<p>Anyag: paraffin<\/p>\n<p>Sz\u00edn: feh\u00e9r<\/p>\n<p>Haszn\u00e1lat:<br \/>\nHelyezze a gyerty\u00e1kat megfelel\u0151 t\u0171z\u00e1ll\u00f3 gyertyatart\u00f3kba vagy cs\u00e9sz\u00e9kbe. Gyermekekt\u0151l \u00e9s huzatt\u00f3l elz\u00e1rva tartsa.<\/p>\n","protected":false},"excerpt":{"rendered":"<p>Min\u0151s\u00e9gi team\u00e9cses, amelyek mindennapi haszn\u00e1latra, dekor\u00e1ci\u00f3ra vagy kellemes hangulat megteremt\u00e9s\u00e9re alkalmasak. Minden egyes gyertya k\u00f6r\u00fclbel\u00fcl 3,5 \u00f3r\u00e1n \u00e1t \u00e9g, \u00e9s garant\u00e1lja az egyenletes \u00e9s tiszta \u00e9g\u00e9st. Csomagol\u00e1s: 50 darab \u00c9g\u00e9si id\u0151: kb. 3,5 \u00f3ra gyerty\u00e1nk\u00e9nt Anyag: paraffin Sz\u00edn: feh\u00e9r Haszn\u00e1lat: Helyezze a gyerty\u00e1kat megfelel\u0151 t\u0171z\u00e1ll\u00f3 gyertyatart\u00f3kba vagy cs\u00e9sz\u00e9kbe. Gyermekekt\u0151l \u00e9s huzatt\u00f3l elz\u00e1rva tartsa.<\/p>\n","protected":false},"featured_media":17192,"template":"","meta":[],"product_brand":[254],"product_cat":[337],"product_tag":[],"class_list":{"0":"post-17190","1":"product","2":"type-product","3":"status-publish","4":"has-post-thumbnail","6":"product_brand-bolsius","7":"product_cat-kahance-hu-2","9":"first","10":"instock","11":"taxable","12":"shipping-taxable","13":"purchasable","14":"product-type-simple"},"_links":{"self":[{"href":"https:\/\/perfettohome.sk\/hu\/wp-json\/wp\/v2\/product\/17190","targetHints":{"allow":["GET"]}}],"collection":[{"href":"https:\/\/perfettohome.sk\/hu\/wp-json\/wp\/v2\/product"}],"about":[{"href":"https:\/\/perfettohome.sk\/hu\/wp-json\/wp\/v2\/types\/product"}],"wp:featuredmedia":[{"embeddable":true,"href":"https:\/\/perfettohome.sk\/hu\/wp-json\/wp\/v2\/media\/17192"}],"wp:attachment":[{"href":"https:\/\/perfettohome.sk\/hu\/wp-json\/wp\/v2\/media?parent=17190"}],"wp:term":[{"taxonomy":"product_brand","embeddable":true,"href":"https:\/\/perfettohome.sk\/hu\/wp-json\/wp\/v2\/product_brand?post=17190"},{"taxonomy":"product_cat","embeddable":true,"href":"https:\/\/perfettohome.sk\/hu\/wp-json\/wp\/v2\/product_cat?post=17190"},{"taxonomy":"product_tag","embeddable":true,"href":"https:\/\/perfettohome.sk\/hu\/wp-json\/wp\/v2\/product_tag?post=17190"}],"curies":[{"name":"wp","href":"https:\/\/api.w.org\/{rel}","templated":true}]}}