{"id":17194,"date":"2025-09-02T10:23:43","date_gmt":"2025-09-02T08:23:43","guid":{"rendered":"https:\/\/perfettohome.sk\/produkt\/bolsius-paraffin-utantolto-025g-4-darabos-csomag-egesi-ido-18-ora-piros\/"},"modified":"2025-12-14T18:50:00","modified_gmt":"2025-12-14T17:50:00","slug":"bolsius-paraffin-utantolto-025g-4-darabos-csomag-egesi-ido-18-ora-piros","status":"publish","type":"product","link":"https:\/\/perfettohome.sk\/hu\/produkt\/bolsius-paraffin-utantolto-025g-4-darabos-csomag-egesi-ido-18-ora-piros\/","title":{"rendered":"Bolsius Paraffin m\u00e9cses bet\u00e9t 0,25g &#8211; 4 darabos csomag (\u00e9g\u00e9si id\u0151 18 \u00f3ra) piros"},"content":{"rendered":"<p>Kisebb paraffin m\u00e9cses bet\u00e9t, kb. 18 \u00f3ra \u00e9g\u00e9si id\u0151vel. Egyenletes \u00e9s csendes \u00e9g\u00e9st biztos\u00edtanak, r\u00f6videbb haszn\u00e1latra vagy eml\u00e9kezetes pillanatokra alkalmasak. <\/p>\n<p>S\u00faly: 0,25 g (minden egyes ut\u00e1nt\u00f6lt\u0151)<\/p>\n<p>M\u00e9retek: 70 \u00d7 50 mm<\/p>\n<p>\u00c9g\u00e9si id\u0151: kb. 18 \u00f3ra t\u00f6lt\u00e9senk\u00e9nt<\/p>\n<p>Anyag: paraffin<\/p>\n<p>Csomagol\u00e1s: 4 darab<\/p>\n<p>Haszn\u00e1lat:<br \/>\nHelyezze az ut\u00e1nt\u00f6lt\u0151t egy megfelel\u0151 gyuf\u00e1ba, gy\u00fajtsa meg a kan\u00f3cot, \u00e9s hagyja, hogy eg\u00e9szben \u00e9gjen, hogy a viasz egyenletesen elfogyjon. Csak stabil \u00e9s nem gy\u00fal\u00e9kony f\u00fcst\u00f6l\u0151ed\u00e9nyben, gyermekek \u00e9s huzat el\u0151l elz\u00e1rva haszn\u00e1lja.<\/p>\n","protected":false},"excerpt":{"rendered":"<p>Kisebb paraffin m\u00e9cses bet\u00e9t, kb. 18 \u00f3ra \u00e9g\u00e9si id\u0151vel. Egyenletes \u00e9s csendes \u00e9g\u00e9st biztos\u00edtanak, r\u00f6videbb haszn\u00e1latra vagy eml\u00e9kezetes pillanatokra alkalmasak. S\u00faly: 0,25 g (minden egyes ut\u00e1nt\u00f6lt\u0151) M\u00e9retek: 70 \u00d7 50 mm \u00c9g\u00e9si id\u0151: kb. 18 \u00f3ra t\u00f6lt\u00e9senk\u00e9nt Anyag: paraffin Csomagol\u00e1s: 4 darab Haszn\u00e1lat: Helyezze az ut\u00e1nt\u00f6lt\u0151t egy megfelel\u0151 gyuf\u00e1ba, gy\u00fajtsa meg a kan\u00f3cot, \u00e9s hagyja, [&hellip;]<\/p>\n","protected":false},"featured_media":17196,"template":"","meta":[],"product_brand":[254],"product_cat":[337],"product_tag":[],"class_list":{"0":"post-17194","1":"product","2":"type-product","3":"status-publish","4":"has-post-thumbnail","6":"product_brand-bolsius","7":"product_cat-kahance-hu-2","9":"first","10":"instock","11":"taxable","12":"shipping-taxable","13":"purchasable","14":"product-type-simple"},"_links":{"self":[{"href":"https:\/\/perfettohome.sk\/hu\/wp-json\/wp\/v2\/product\/17194","targetHints":{"allow":["GET"]}}],"collection":[{"href":"https:\/\/perfettohome.sk\/hu\/wp-json\/wp\/v2\/product"}],"about":[{"href":"https:\/\/perfettohome.sk\/hu\/wp-json\/wp\/v2\/types\/product"}],"wp:featuredmedia":[{"embeddable":true,"href":"https:\/\/perfettohome.sk\/hu\/wp-json\/wp\/v2\/media\/17196"}],"wp:attachment":[{"href":"https:\/\/perfettohome.sk\/hu\/wp-json\/wp\/v2\/media?parent=17194"}],"wp:term":[{"taxonomy":"product_brand","embeddable":true,"href":"https:\/\/perfettohome.sk\/hu\/wp-json\/wp\/v2\/product_brand?post=17194"},{"taxonomy":"product_cat","embeddable":true,"href":"https:\/\/perfettohome.sk\/hu\/wp-json\/wp\/v2\/product_cat?post=17194"},{"taxonomy":"product_tag","embeddable":true,"href":"https:\/\/perfettohome.sk\/hu\/wp-json\/wp\/v2\/product_tag?post=17194"}],"curies":[{"name":"wp","href":"https:\/\/api.w.org\/{rel}","templated":true}]}}