{"id":17205,"date":"2025-09-02T10:08:43","date_gmt":"2025-09-02T08:08:43","guid":{"rendered":"https:\/\/perfettohome.sk\/produkt\/bolsius-uvegego-diamond-red-egesi-ido-24h\/"},"modified":"2025-12-14T12:22:49","modified_gmt":"2025-12-14T11:22:49","slug":"bolsius-uvegego-diamond-red-egesi-ido-24h","status":"publish","type":"product","link":"https:\/\/perfettohome.sk\/hu\/produkt\/bolsius-uvegego-diamond-red-egesi-ido-24h\/","title":{"rendered":"Bolsius \u00fcvegm\u00e9cses Diamond Red (\u00e9g\u00e9si id\u0151 24h)"},"content":{"rendered":"<p>Eleg\u00e1ns gy\u00e9m\u00e1nt alak\u00fa \u00fcveg m\u00e9cses piros \u00fcveggel \u00e9s arany fed\u0151vel. K\u00f6r\u00fclbel\u00fcl 24 \u00f3r\u00e1s nyugodt \u00e9s egyenletes \u00e9g\u00e9st biztos\u00edt. Alkalmas temet\u0151kbe, s\u00edrokba \u00e9s eml\u00e9khelyekre.  <\/p>\n<p>M\u00e9retek: magass\u00e1g 185 mm \u00d7 \u00e1tm\u00e9r\u0151 110 mm<\/p>\n<p>\u00c9g\u00e9si id\u0151: kb. 24 \u00f3ra<\/p>\n<p>Sz\u00edn: piros<\/p>\n<p>Haszn\u00e1lat:<br \/>\nHelyezze a t\u0171zhelyet stabil \u00e9s nem gy\u00fal\u00e9kony fel\u00fcletre, gyermekekt\u0151l \u00e9s huzatt\u00f3l t\u00e1vol. Miut\u00e1n meggy\u00fajtotta, hagyja eg\u00e9szben \u00e9gni, hogy a viasz egyenletesen elfogyjon. K\u00fclt\u00e9ri \u00e9s belt\u00e9ri haszn\u00e1latra egyar\u00e1nt alkalmas.<\/p>\n","protected":false},"excerpt":{"rendered":"<p>Eleg\u00e1ns gy\u00e9m\u00e1nt alak\u00fa \u00fcveg m\u00e9cses piros \u00fcveggel \u00e9s arany fed\u0151vel. K\u00f6r\u00fclbel\u00fcl 24 \u00f3r\u00e1s nyugodt \u00e9s egyenletes \u00e9g\u00e9st biztos\u00edt. Alkalmas temet\u0151kbe, s\u00edrokba \u00e9s eml\u00e9khelyekre. M\u00e9retek: magass\u00e1g 185 mm \u00d7 \u00e1tm\u00e9r\u0151 110 mm \u00c9g\u00e9si id\u0151: kb. 24 \u00f3ra Sz\u00edn: piros Haszn\u00e1lat: Helyezze a t\u0171zhelyet stabil \u00e9s nem gy\u00fal\u00e9kony fel\u00fcletre, gyermekekt\u0151l \u00e9s huzatt\u00f3l t\u00e1vol. Miut\u00e1n meggy\u00fajtotta, hagyja eg\u00e9szben [&hellip;]<\/p>\n","protected":false},"featured_media":17207,"template":"","meta":[],"product_brand":[254],"product_cat":[337],"product_tag":[],"class_list":{"0":"post-17205","1":"product","2":"type-product","3":"status-publish","4":"has-post-thumbnail","6":"product_brand-bolsius","7":"product_cat-kahance-hu-2","9":"first","10":"instock","11":"taxable","12":"shipping-taxable","13":"purchasable","14":"product-type-simple"},"_links":{"self":[{"href":"https:\/\/perfettohome.sk\/hu\/wp-json\/wp\/v2\/product\/17205","targetHints":{"allow":["GET"]}}],"collection":[{"href":"https:\/\/perfettohome.sk\/hu\/wp-json\/wp\/v2\/product"}],"about":[{"href":"https:\/\/perfettohome.sk\/hu\/wp-json\/wp\/v2\/types\/product"}],"wp:featuredmedia":[{"embeddable":true,"href":"https:\/\/perfettohome.sk\/hu\/wp-json\/wp\/v2\/media\/17207"}],"wp:attachment":[{"href":"https:\/\/perfettohome.sk\/hu\/wp-json\/wp\/v2\/media?parent=17205"}],"wp:term":[{"taxonomy":"product_brand","embeddable":true,"href":"https:\/\/perfettohome.sk\/hu\/wp-json\/wp\/v2\/product_brand?post=17205"},{"taxonomy":"product_cat","embeddable":true,"href":"https:\/\/perfettohome.sk\/hu\/wp-json\/wp\/v2\/product_cat?post=17205"},{"taxonomy":"product_tag","embeddable":true,"href":"https:\/\/perfettohome.sk\/hu\/wp-json\/wp\/v2\/product_tag?post=17205"}],"curies":[{"name":"wp","href":"https:\/\/api.w.org\/{rel}","templated":true}]}}