{"id":17210,"date":"2025-09-02T10:08:45","date_gmt":"2025-09-02T08:08:45","guid":{"rendered":"https:\/\/perfettohome.sk\/produkt\/bolsius-olajtoltet-235g-egesi-ido-75h\/"},"modified":"2025-12-14T18:36:16","modified_gmt":"2025-12-14T17:36:16","slug":"bolsius-olajtoltet-235g-egesi-ido-75h","status":"publish","type":"product","link":"https:\/\/perfettohome.sk\/hu\/produkt\/bolsius-olajtoltet-235g-egesi-ido-75h\/","title":{"rendered":"Bolsius olajos bet\u00e9t 235g (\u00e9g\u00e9si id\u0151 75h)"},"content":{"rendered":"<p>Praktikus olaj bet\u00e9t, kb. 75 \u00f3ra \u00e9g\u00e9si id\u0151vel. Egyenletes \u00e9s hosszan tart\u00f3 \u00e9g\u00e9st biztos\u00edt, a legt\u00f6bb szabv\u00e1nyos f\u00fcst\u00f6l\u0151h\u00f6z alkalmas. Ide\u00e1lis a k\u00f6nny\u0171 cser\u00e9hez \u00e9s a hossz\u00fa t\u00e1v\u00fa haszn\u00e1lathoz.  <\/p>\n<p>S\u00faly: 235 g<\/p>\n<p>M\u00e9retek: 140 \u00d7 57 mm<\/p>\n<p>\u00c9g\u00e9si id\u0151: kb. 75 \u00f3ra<\/p>\n<p>Sz\u00edn: feh\u00e9r<\/p>\n<p>Haszn\u00e1lat:<br \/>\nHelyezze a patront egy megfelel\u0151 gyuf\u00e1ba, gy\u00fajtsa meg a kan\u00f3cot, \u00e9s hagyja eg\u00e9szben \u00e9gni, hogy az olaj egyenletesen fogyjon. Csak stabil \u00e9s nem gy\u00fal\u00e9kony gyuf\u00e1ban haszn\u00e1lja.<\/p>\n","protected":false},"excerpt":{"rendered":"<p>Praktikus olaj bet\u00e9t, kb. 75 \u00f3ra \u00e9g\u00e9si id\u0151vel. Egyenletes \u00e9s hosszan tart\u00f3 \u00e9g\u00e9st biztos\u00edt, a legt\u00f6bb szabv\u00e1nyos f\u00fcst\u00f6l\u0151h\u00f6z alkalmas. Ide\u00e1lis a k\u00f6nny\u0171 cser\u00e9hez \u00e9s a hossz\u00fa t\u00e1v\u00fa haszn\u00e1lathoz. S\u00faly: 235 g M\u00e9retek: 140 \u00d7 57 mm \u00c9g\u00e9si id\u0151: kb. 75 \u00f3ra Sz\u00edn: feh\u00e9r Haszn\u00e1lat: Helyezze a patront egy megfelel\u0151 gyuf\u00e1ba, gy\u00fajtsa meg a kan\u00f3cot, \u00e9s [&hellip;]<\/p>\n","protected":false},"featured_media":17212,"template":"","meta":[],"product_brand":[254],"product_cat":[337],"product_tag":[],"class_list":{"0":"post-17210","1":"product","2":"type-product","3":"status-publish","4":"has-post-thumbnail","6":"product_brand-bolsius","7":"product_cat-kahance-hu-2","9":"first","10":"instock","11":"taxable","12":"shipping-taxable","13":"purchasable","14":"product-type-simple"},"_links":{"self":[{"href":"https:\/\/perfettohome.sk\/hu\/wp-json\/wp\/v2\/product\/17210","targetHints":{"allow":["GET"]}}],"collection":[{"href":"https:\/\/perfettohome.sk\/hu\/wp-json\/wp\/v2\/product"}],"about":[{"href":"https:\/\/perfettohome.sk\/hu\/wp-json\/wp\/v2\/types\/product"}],"wp:featuredmedia":[{"embeddable":true,"href":"https:\/\/perfettohome.sk\/hu\/wp-json\/wp\/v2\/media\/17212"}],"wp:attachment":[{"href":"https:\/\/perfettohome.sk\/hu\/wp-json\/wp\/v2\/media?parent=17210"}],"wp:term":[{"taxonomy":"product_brand","embeddable":true,"href":"https:\/\/perfettohome.sk\/hu\/wp-json\/wp\/v2\/product_brand?post=17210"},{"taxonomy":"product_cat","embeddable":true,"href":"https:\/\/perfettohome.sk\/hu\/wp-json\/wp\/v2\/product_cat?post=17210"},{"taxonomy":"product_tag","embeddable":true,"href":"https:\/\/perfettohome.sk\/hu\/wp-json\/wp\/v2\/product_tag?post=17210"}],"curies":[{"name":"wp","href":"https:\/\/api.w.org\/{rel}","templated":true}]}}