{"id":17217,"date":"2025-08-18T16:09:32","date_gmt":"2025-08-18T14:09:32","guid":{"rendered":"https:\/\/perfettohome.sk\/produkt\/hulladekgyujto-zsakok-60l-kod-4539\/"},"modified":"2025-12-14T12:14:47","modified_gmt":"2025-12-14T11:14:47","slug":"hulladekgyujto-zsakok-60l-kod-4539","status":"publish","type":"product","link":"https:\/\/perfettohome.sk\/hu\/produkt\/hulladekgyujto-zsakok-60l-kod-4539\/","title":{"rendered":"Szemetes zs\u00e1kok 60l (k\u00f3d 4539)"},"content":{"rendered":"<p>Univerz\u00e1lis hullad\u00e9kgy\u0171jt\u0151 zs\u00e1kok 60 literes \u0171rtartalommal, amelyek alkalmasak \u00e1ltal\u00e1nos h\u00e1ztart\u00e1si hullad\u00e9kok, valamint irod\u00e1k vagy k\u00f6z\u00f6s helyis\u00e9gek takar\u00edt\u00e1s\u00e1ra. A tart\u00f3s anyag k\u00f6nny\u0171 kezelhet\u0151s\u00e9get biztos\u00edt, \u00e9s cs\u00f6kkenti a t\u00f6r\u00e9s kock\u00e1zat\u00e1t.<\/p>\n","protected":false},"excerpt":{"rendered":"<p>Univerz\u00e1lis hullad\u00e9kgy\u0171jt\u0151 zs\u00e1kok 60 literes \u0171rtartalommal, amelyek alkalmasak \u00e1ltal\u00e1nos h\u00e1ztart\u00e1si hullad\u00e9kok, valamint irod\u00e1k vagy k\u00f6z\u00f6s helyis\u00e9gek takar\u00edt\u00e1s\u00e1ra. A tart\u00f3s anyag k\u00f6nny\u0171 kezelhet\u0151s\u00e9get biztos\u00edt, \u00e9s cs\u00f6kkenti a t\u00f6r\u00e9s kock\u00e1zat\u00e1t.<\/p>\n","protected":false},"featured_media":17220,"template":"","meta":[],"product_brand":[],"product_cat":[343],"product_tag":[],"class_list":{"0":"post-17217","1":"product","2":"type-product","3":"status-publish","4":"has-post-thumbnail","6":"product_cat-segedanyag","8":"first","9":"instock","10":"taxable","11":"shipping-taxable","12":"purchasable","13":"product-type-simple"},"_links":{"self":[{"href":"https:\/\/perfettohome.sk\/hu\/wp-json\/wp\/v2\/product\/17217","targetHints":{"allow":["GET"]}}],"collection":[{"href":"https:\/\/perfettohome.sk\/hu\/wp-json\/wp\/v2\/product"}],"about":[{"href":"https:\/\/perfettohome.sk\/hu\/wp-json\/wp\/v2\/types\/product"}],"wp:featuredmedia":[{"embeddable":true,"href":"https:\/\/perfettohome.sk\/hu\/wp-json\/wp\/v2\/media\/17220"}],"wp:attachment":[{"href":"https:\/\/perfettohome.sk\/hu\/wp-json\/wp\/v2\/media?parent=17217"}],"wp:term":[{"taxonomy":"product_brand","embeddable":true,"href":"https:\/\/perfettohome.sk\/hu\/wp-json\/wp\/v2\/product_brand?post=17217"},{"taxonomy":"product_cat","embeddable":true,"href":"https:\/\/perfettohome.sk\/hu\/wp-json\/wp\/v2\/product_cat?post=17217"},{"taxonomy":"product_tag","embeddable":true,"href":"https:\/\/perfettohome.sk\/hu\/wp-json\/wp\/v2\/product_tag?post=17217"}],"curies":[{"name":"wp","href":"https:\/\/api.w.org\/{rel}","templated":true}]}}