{"id":17218,"date":"2025-09-02T10:08:41","date_gmt":"2025-09-02T08:08:41","guid":{"rendered":"https:\/\/perfettohome.sk\/produkt\/bolsius-uvegcsillar-jezus-krisztus-egesi-ido-36h\/"},"modified":"2025-12-14T12:19:41","modified_gmt":"2025-12-14T11:19:41","slug":"bolsius-uvegcsillar-jezus-krisztus-egesi-ido-36h","status":"publish","type":"product","link":"https:\/\/perfettohome.sk\/hu\/produkt\/bolsius-uvegcsillar-jezus-krisztus-egesi-ido-36h\/","title":{"rendered":"Bolsius \u00fcvegm\u00e9cses J\u00e9zus Krisztus (\u00c9g\u00e9si id\u0151 36h)"},"content":{"rendered":"<p>Bolsius \u00fcveg m\u00e9cses J\u00e9zus Krisztussal (36 h)<br \/>\nDekorat\u00edv \u00fcveg gyertyatart\u00f3 arany fed\u0151vel \u00e9s J\u00e9zus Krisztus mot\u00edvummal. K\u00f6r\u00fclbel\u00fcl 36 \u00f3ra egyenletes \u00e9s nyugodt \u00e9g\u00e9st biztos\u00edt. Alkalmas temet\u0151kbe, s\u00edrokba \u00e9s eml\u00e9khelyekre.  <\/p>\n<p>M\u00e9retek: magass\u00e1g 224 mm \u00d7 \u00e1tm\u00e9r\u0151 110 mm<\/p>\n<p>\u00c9g\u00e9si id\u0151: kb. 36 \u00f3ra<\/p>\n<p>Design: \u00fcveg vall\u00e1si mot\u00edvummal<\/p>\n<p>Haszn\u00e1lat:<br \/>\nHelyezze a t\u0171zhelyet stabil \u00e9s nem gy\u00fal\u00e9kony fel\u00fcletre, gyermekekt\u0151l \u00e9s huzatt\u00f3l t\u00e1vol. Miut\u00e1n meggy\u00fajtotta, hagyja eg\u00e9szben \u00e9gni, hogy a viasz egyenletesen elfogyjon. K\u00fclt\u00e9ri \u00e9s belt\u00e9ri haszn\u00e1latra egyar\u00e1nt alkalmas.<\/p>\n","protected":false},"excerpt":{"rendered":"<p>Bolsius \u00fcveg m\u00e9cses J\u00e9zus Krisztussal (36 h) Dekorat\u00edv \u00fcveg gyertyatart\u00f3 arany fed\u0151vel \u00e9s J\u00e9zus Krisztus mot\u00edvummal. K\u00f6r\u00fclbel\u00fcl 36 \u00f3ra egyenletes \u00e9s nyugodt \u00e9g\u00e9st biztos\u00edt. Alkalmas temet\u0151kbe, s\u00edrokba \u00e9s eml\u00e9khelyekre. M\u00e9retek: magass\u00e1g 224 mm \u00d7 \u00e1tm\u00e9r\u0151 110 mm \u00c9g\u00e9si id\u0151: kb. 36 \u00f3ra Design: \u00fcveg vall\u00e1si mot\u00edvummal Haszn\u00e1lat: Helyezze a t\u0171zhelyet stabil \u00e9s nem gy\u00fal\u00e9kony fel\u00fcletre, [&hellip;]<\/p>\n","protected":false},"featured_media":17219,"template":"","meta":[],"product_brand":[254],"product_cat":[337],"product_tag":[],"class_list":{"0":"post-17218","1":"product","2":"type-product","3":"status-publish","4":"has-post-thumbnail","6":"product_brand-bolsius","7":"product_cat-kahance-hu-2","9":"first","10":"instock","11":"taxable","12":"shipping-taxable","13":"purchasable","14":"product-type-simple"},"_links":{"self":[{"href":"https:\/\/perfettohome.sk\/hu\/wp-json\/wp\/v2\/product\/17218","targetHints":{"allow":["GET"]}}],"collection":[{"href":"https:\/\/perfettohome.sk\/hu\/wp-json\/wp\/v2\/product"}],"about":[{"href":"https:\/\/perfettohome.sk\/hu\/wp-json\/wp\/v2\/types\/product"}],"wp:featuredmedia":[{"embeddable":true,"href":"https:\/\/perfettohome.sk\/hu\/wp-json\/wp\/v2\/media\/17219"}],"wp:attachment":[{"href":"https:\/\/perfettohome.sk\/hu\/wp-json\/wp\/v2\/media?parent=17218"}],"wp:term":[{"taxonomy":"product_brand","embeddable":true,"href":"https:\/\/perfettohome.sk\/hu\/wp-json\/wp\/v2\/product_brand?post=17218"},{"taxonomy":"product_cat","embeddable":true,"href":"https:\/\/perfettohome.sk\/hu\/wp-json\/wp\/v2\/product_cat?post=17218"},{"taxonomy":"product_tag","embeddable":true,"href":"https:\/\/perfettohome.sk\/hu\/wp-json\/wp\/v2\/product_tag?post=17218"}],"curies":[{"name":"wp","href":"https:\/\/api.w.org\/{rel}","templated":true}]}}