{"id":17263,"date":"2025-08-18T15:08:44","date_gmt":"2025-08-18T13:08:44","guid":{"rendered":"https:\/\/perfettohome.sk\/produkt\/dove-spray-dezodor-men-clean-150ml\/"},"modified":"2025-08-18T15:08:44","modified_gmt":"2025-08-18T13:08:44","slug":"dove-spray-dezodor-men-clean-150ml","status":"publish","type":"product","link":"https:\/\/perfettohome.sk\/hu\/produkt\/dove-spray-dezodor-men-clean-150ml\/","title":{"rendered":"Dove spray dezodor MEN &#8211; Clean 150ml"},"content":{"rendered":"<p data-start=\"89\" data-end=\"316\">F\u00e9rfi dezodor, amely a friss illatot hat\u00e9kony szagv\u00e9delemmel \u00f6tv\u00f6zi, ak\u00e1r 48 \u00f3r\u00e1n \u00e1t. Dove Men+Care b\u0151rv\u00e9d\u0151 technol\u00f3gi\u00e1t \u00e9s \u00bc hidrat\u00e1l\u00f3t tartalmaz, \u00edgy k\u00edm\u00e9letes a h\u00f3naljhoz, \u00e9s eg\u00e9sz nap tiszta \u00e9s k\u00e9nyelmes \u00e9rz\u00e9st biztos\u00edt. <\/p>\n<p data-start=\"89\" data-end=\"316\">Haszn\u00e1lat:<br \/>\nHaszn\u00e1lat el\u0151tt j\u00f3l r\u00e1zza fel. Kb. 15 cm t\u00e1vols\u00e1gb\u00f3l k\u00f6zvetlen\u00fcl a tiszta, sz\u00e1raz h\u00f3naljb\u0151rre f\u00fajja. Alkalmaz\u00e1s ut\u00e1n hagyja r\u00f6vid ideig sz\u00e1radni. Ne haszn\u00e1lja irrit\u00e1lt vagy s\u00e9r\u00fclt b\u0151r\u00f6n.   <\/p>\n","protected":false},"excerpt":{"rendered":"<p>F\u00e9rfi dezodor, amely a friss illatot hat\u00e9kony szagv\u00e9delemmel \u00f6tv\u00f6zi, ak\u00e1r 48 \u00f3r\u00e1n \u00e1t. Dove Men+Care b\u0151rv\u00e9d\u0151 technol\u00f3gi\u00e1t \u00e9s \u00bc hidrat\u00e1l\u00f3t tartalmaz, \u00edgy k\u00edm\u00e9letes a h\u00f3naljhoz, \u00e9s eg\u00e9sz nap tiszta \u00e9s k\u00e9nyelmes \u00e9rz\u00e9st biztos\u00edt. Haszn\u00e1lat: Haszn\u00e1lat el\u0151tt j\u00f3l r\u00e1zza fel. Kb. 15 cm t\u00e1vols\u00e1gb\u00f3l k\u00f6zvetlen\u00fcl a tiszta, sz\u00e1raz h\u00f3naljb\u0151rre f\u00fajja. Alkalmaz\u00e1s ut\u00e1n hagyja r\u00f6vid ideig sz\u00e1radni. [&hellip;]<\/p>\n","protected":false},"featured_media":17265,"template":"","meta":[],"product_brand":[197],"product_cat":[294],"product_tag":[],"class_list":{"0":"post-17263","1":"product","2":"type-product","3":"status-publish","4":"has-post-thumbnail","6":"product_brand-dove","7":"product_cat-dezodorok","9":"first","10":"instock","11":"taxable","12":"shipping-taxable","13":"purchasable","14":"product-type-simple"},"_links":{"self":[{"href":"https:\/\/perfettohome.sk\/hu\/wp-json\/wp\/v2\/product\/17263","targetHints":{"allow":["GET"]}}],"collection":[{"href":"https:\/\/perfettohome.sk\/hu\/wp-json\/wp\/v2\/product"}],"about":[{"href":"https:\/\/perfettohome.sk\/hu\/wp-json\/wp\/v2\/types\/product"}],"wp:featuredmedia":[{"embeddable":true,"href":"https:\/\/perfettohome.sk\/hu\/wp-json\/wp\/v2\/media\/17265"}],"wp:attachment":[{"href":"https:\/\/perfettohome.sk\/hu\/wp-json\/wp\/v2\/media?parent=17263"}],"wp:term":[{"taxonomy":"product_brand","embeddable":true,"href":"https:\/\/perfettohome.sk\/hu\/wp-json\/wp\/v2\/product_brand?post=17263"},{"taxonomy":"product_cat","embeddable":true,"href":"https:\/\/perfettohome.sk\/hu\/wp-json\/wp\/v2\/product_cat?post=17263"},{"taxonomy":"product_tag","embeddable":true,"href":"https:\/\/perfettohome.sk\/hu\/wp-json\/wp\/v2\/product_tag?post=17263"}],"curies":[{"name":"wp","href":"https:\/\/api.w.org\/{rel}","templated":true}]}}