{"id":17264,"date":"2025-08-13T13:39:12","date_gmt":"2025-08-13T11:39:12","guid":{"rendered":"https:\/\/perfettohome.sk\/produkt\/old-spice-football-captain-csomag-150ml-dezodor-spray-250ml-tusfurdo\/"},"modified":"2025-08-13T13:39:12","modified_gmt":"2025-08-13T11:39:12","slug":"old-spice-football-captain-csomag-150ml-dezodor-spray-250ml-tusfurdo","status":"publish","type":"product","link":"https:\/\/perfettohome.sk\/hu\/produkt\/old-spice-football-captain-csomag-150ml-dezodor-spray-250ml-tusfurdo\/","title":{"rendered":"Old Spice Football Captain csomag (150ml dezodor spray + 250ml tusf\u00fcrd\u0151)"},"content":{"rendered":"<p data-start=\"44\" data-end=\"365\"><strong data-start=\"44\" data-end=\"135\">Old Spice Football Captain &#8211; aj\u00e1nd\u00e9kcsomag (deo spray 150 ml + tusf\u00fcrd\u0151 250 ml)<\/strong><br data-start=\"135\" data-end=\"138\">Friss\u00edt\u0151 kombin\u00e1ci\u00f3 a modern f\u00e9rfi sz\u00e1m\u00e1ra. A csomag tartalmaz egy spray dezodort hosszantart\u00f3 szagv\u00e9delemmel \u00e9s egy tusf\u00fcrd\u0151t, amely eg\u00e9sz nap friss \u00e9rz\u00e9st biztos\u00edt. T\u00f6k\u00e9letes v\u00e1laszt\u00e1s mindennapi haszn\u00e1latra \u00e9s aj\u00e1nd\u00e9kba.  <\/p>\n","protected":false},"excerpt":{"rendered":"<p>Old Spice Football Captain &#8211; aj\u00e1nd\u00e9kcsomag (deo spray 150 ml + tusf\u00fcrd\u0151 250 ml)Friss\u00edt\u0151 kombin\u00e1ci\u00f3 a modern f\u00e9rfi sz\u00e1m\u00e1ra. A csomag tartalmaz egy spray dezodort hosszantart\u00f3 szagv\u00e9delemmel \u00e9s egy tusf\u00fcrd\u0151t, amely eg\u00e9sz nap friss \u00e9rz\u00e9st biztos\u00edt. T\u00f6k\u00e9letes v\u00e1laszt\u00e1s mindennapi haszn\u00e1latra \u00e9s aj\u00e1nd\u00e9kba.<\/p>\n","protected":false},"featured_media":17266,"template":"","meta":[],"product_brand":[202],"product_cat":[294,318,329],"product_tag":[],"class_list":{"0":"post-17264","1":"product","2":"type-product","3":"status-publish","4":"has-post-thumbnail","6":"product_brand-old-spice","7":"product_cat-dezodorok","8":"product_cat-szemelyi-higienia","9":"product_cat-zuhanyzselek","11":"first","12":"instock","13":"taxable","14":"shipping-taxable","15":"purchasable","16":"product-type-simple"},"_links":{"self":[{"href":"https:\/\/perfettohome.sk\/hu\/wp-json\/wp\/v2\/product\/17264","targetHints":{"allow":["GET"]}}],"collection":[{"href":"https:\/\/perfettohome.sk\/hu\/wp-json\/wp\/v2\/product"}],"about":[{"href":"https:\/\/perfettohome.sk\/hu\/wp-json\/wp\/v2\/types\/product"}],"wp:featuredmedia":[{"embeddable":true,"href":"https:\/\/perfettohome.sk\/hu\/wp-json\/wp\/v2\/media\/17266"}],"wp:attachment":[{"href":"https:\/\/perfettohome.sk\/hu\/wp-json\/wp\/v2\/media?parent=17264"}],"wp:term":[{"taxonomy":"product_brand","embeddable":true,"href":"https:\/\/perfettohome.sk\/hu\/wp-json\/wp\/v2\/product_brand?post=17264"},{"taxonomy":"product_cat","embeddable":true,"href":"https:\/\/perfettohome.sk\/hu\/wp-json\/wp\/v2\/product_cat?post=17264"},{"taxonomy":"product_tag","embeddable":true,"href":"https:\/\/perfettohome.sk\/hu\/wp-json\/wp\/v2\/product_tag?post=17264"}],"curies":[{"name":"wp","href":"https:\/\/api.w.org\/{rel}","templated":true}]}}