{"id":17267,"date":"2025-08-18T15:08:43","date_gmt":"2025-08-18T13:08:43","guid":{"rendered":"https:\/\/perfettohome.sk\/produkt\/dove-spray-dezodor-lathatatlan-szaraz-150ml\/"},"modified":"2025-12-14T12:09:29","modified_gmt":"2025-12-14T11:09:29","slug":"dove-spray-dezodor-lathatatlan-szaraz-150ml","status":"publish","type":"product","link":"https:\/\/perfettohome.sk\/hu\/produkt\/dove-spray-dezodor-lathatatlan-szaraz-150ml\/","title":{"rendered":"Dove spray dezodor &#8211; Invisible dry 150ml"},"content":{"rendered":"<p>Megb\u00edzhat\u00f3 v\u00e9delem feh\u00e9r foltok n\u00e9lk\u00fcl. A Dove Invisible Dry dezodor ak\u00e1r 48 \u00f3r\u00e1s szagv\u00e9delmet biztos\u00edt, mik\u00f6zben nem hagy foltot a ruh\u00e1kon, 100 \u00e1rnyalatban. Tartalmaz \u00bc hidrat\u00e1l\u00f3 kr\u00e9met, amely \u00e1polja a h\u00f3nalj \u00e9rz\u00e9keny b\u0151r\u00e9t, \u00e9s eg\u00e9sz nap kellemesen friss \u00e9rz\u00e9st hagy.  <\/p>\n<p>Haszn\u00e1lat:<br \/>\nHaszn\u00e1lat el\u0151tt j\u00f3l r\u00e1zza fel. Kb. 15 cm t\u00e1vols\u00e1gb\u00f3l k\u00f6zvetlen\u00fcl a tiszta, sz\u00e1raz h\u00f3naljb\u0151rre f\u00fajja. Alkalmaz\u00e1s ut\u00e1n hagyja r\u00f6vid ideig sz\u00e1radni. Ne haszn\u00e1lja irrit\u00e1lt vagy s\u00e9r\u00fclt b\u0151r\u00f6n.<\/p>\n","protected":false},"excerpt":{"rendered":"<p>Megb\u00edzhat\u00f3 v\u00e9delem feh\u00e9r foltok n\u00e9lk\u00fcl. A Dove Invisible Dry dezodor ak\u00e1r 48 \u00f3r\u00e1s szagv\u00e9delmet biztos\u00edt, mik\u00f6zben nem hagy foltot a ruh\u00e1kon, 100 \u00e1rnyalatban. Tartalmaz \u00bc hidrat\u00e1l\u00f3 kr\u00e9met, amely \u00e1polja a h\u00f3nalj \u00e9rz\u00e9keny b\u0151r\u00e9t, \u00e9s eg\u00e9sz nap kellemesen friss \u00e9rz\u00e9st hagy. Haszn\u00e1lat: Haszn\u00e1lat el\u0151tt j\u00f3l r\u00e1zza fel. Kb. 15 cm t\u00e1vols\u00e1gb\u00f3l k\u00f6zvetlen\u00fcl a tiszta, sz\u00e1raz h\u00f3naljb\u0151rre [&hellip;]<\/p>\n","protected":false},"featured_media":17269,"template":"","meta":[],"product_brand":[197],"product_cat":[294],"product_tag":[],"class_list":{"0":"post-17267","1":"product","2":"type-product","3":"status-publish","4":"has-post-thumbnail","6":"product_brand-dove","7":"product_cat-dezodorok","9":"first","10":"instock","11":"taxable","12":"shipping-taxable","13":"purchasable","14":"product-type-simple"},"_links":{"self":[{"href":"https:\/\/perfettohome.sk\/hu\/wp-json\/wp\/v2\/product\/17267","targetHints":{"allow":["GET"]}}],"collection":[{"href":"https:\/\/perfettohome.sk\/hu\/wp-json\/wp\/v2\/product"}],"about":[{"href":"https:\/\/perfettohome.sk\/hu\/wp-json\/wp\/v2\/types\/product"}],"wp:featuredmedia":[{"embeddable":true,"href":"https:\/\/perfettohome.sk\/hu\/wp-json\/wp\/v2\/media\/17269"}],"wp:attachment":[{"href":"https:\/\/perfettohome.sk\/hu\/wp-json\/wp\/v2\/media?parent=17267"}],"wp:term":[{"taxonomy":"product_brand","embeddable":true,"href":"https:\/\/perfettohome.sk\/hu\/wp-json\/wp\/v2\/product_brand?post=17267"},{"taxonomy":"product_cat","embeddable":true,"href":"https:\/\/perfettohome.sk\/hu\/wp-json\/wp\/v2\/product_cat?post=17267"},{"taxonomy":"product_tag","embeddable":true,"href":"https:\/\/perfettohome.sk\/hu\/wp-json\/wp\/v2\/product_tag?post=17267"}],"curies":[{"name":"wp","href":"https:\/\/api.w.org\/{rel}","templated":true}]}}