{"id":17273,"date":"2025-08-13T13:39:11","date_gmt":"2025-08-13T11:39:11","guid":{"rendered":"https:\/\/perfettohome.sk\/produkt\/old-spice-bearglove-csomag-dezodor-spray-150ml-szilard-dezodor-50ml-tusfurdo-250ml\/"},"modified":"2025-08-13T13:39:11","modified_gmt":"2025-08-13T11:39:11","slug":"old-spice-bearglove-csomag-dezodor-spray-150ml-szilard-dezodor-50ml-tusfurdo-250ml","status":"publish","type":"product","link":"https:\/\/perfettohome.sk\/hu\/produkt\/old-spice-bearglove-csomag-dezodor-spray-150ml-szilard-dezodor-50ml-tusfurdo-250ml\/","title":{"rendered":"Old Spice Bearglove csomag (dezodor spray 150ml + szil\u00e1rd dezodor 50ml + tusf\u00fcrd\u0151 250ml)"},"content":{"rendered":"<p><strong data-start=\"43\" data-end=\"150\">Old Spice Bearglove &#8211; aj\u00e1nd\u00e9kcsomag (deo spray 150 ml + szil\u00e1rd dezodor 50 ml + tusf\u00fcrd\u0151 250 ml)<\/strong><br data-start=\"150\" data-end=\"153\">Vad frissess\u00e9g igazi f\u00e9rfiaknak. A csomag spray dezodort, szil\u00e1rd dezodort \u00e9s tusf\u00fcrd\u0151t tartalmaz az \u00f6sszet\u00e9veszthetetlen Bearglove illattal, amely egyes\u00edti a term\u00e9szet energi\u00e1j\u00e1t \u00e9s a hosszan tart\u00f3 frissess\u00e9get. Ide\u00e1lis kombin\u00e1ci\u00f3 a mindennapi \u00e1pol\u00e1shoz vagy eredeti aj\u00e1nd\u00e9kk\u00e9nt.<\/p>\n","protected":false},"excerpt":{"rendered":"<p>Old Spice Bearglove &#8211; aj\u00e1nd\u00e9kcsomag (deo spray 150 ml + szil\u00e1rd dezodor 50 ml + tusf\u00fcrd\u0151 250 ml)Vad frissess\u00e9g igazi f\u00e9rfiaknak. A csomag spray dezodort, szil\u00e1rd dezodort \u00e9s tusf\u00fcrd\u0151t tartalmaz az \u00f6sszet\u00e9veszthetetlen Bearglove illattal, amely egyes\u00edti a term\u00e9szet energi\u00e1j\u00e1t \u00e9s a hosszan tart\u00f3 frissess\u00e9get. Ide\u00e1lis kombin\u00e1ci\u00f3 a mindennapi \u00e1pol\u00e1shoz vagy eredeti aj\u00e1nd\u00e9kk\u00e9nt.<\/p>\n","protected":false},"featured_media":17271,"template":"","meta":[],"product_brand":[202],"product_cat":[294,318,329],"product_tag":[],"class_list":{"0":"post-17273","1":"product","2":"type-product","3":"status-publish","4":"has-post-thumbnail","6":"product_brand-old-spice","7":"product_cat-dezodorok","8":"product_cat-szemelyi-higienia","9":"product_cat-zuhanyzselek","11":"first","12":"instock","13":"taxable","14":"shipping-taxable","15":"purchasable","16":"product-type-simple"},"_links":{"self":[{"href":"https:\/\/perfettohome.sk\/hu\/wp-json\/wp\/v2\/product\/17273","targetHints":{"allow":["GET"]}}],"collection":[{"href":"https:\/\/perfettohome.sk\/hu\/wp-json\/wp\/v2\/product"}],"about":[{"href":"https:\/\/perfettohome.sk\/hu\/wp-json\/wp\/v2\/types\/product"}],"wp:featuredmedia":[{"embeddable":true,"href":"https:\/\/perfettohome.sk\/hu\/wp-json\/wp\/v2\/media\/17271"}],"wp:attachment":[{"href":"https:\/\/perfettohome.sk\/hu\/wp-json\/wp\/v2\/media?parent=17273"}],"wp:term":[{"taxonomy":"product_brand","embeddable":true,"href":"https:\/\/perfettohome.sk\/hu\/wp-json\/wp\/v2\/product_brand?post=17273"},{"taxonomy":"product_cat","embeddable":true,"href":"https:\/\/perfettohome.sk\/hu\/wp-json\/wp\/v2\/product_cat?post=17273"},{"taxonomy":"product_tag","embeddable":true,"href":"https:\/\/perfettohome.sk\/hu\/wp-json\/wp\/v2\/product_tag?post=17273"}],"curies":[{"name":"wp","href":"https:\/\/api.w.org\/{rel}","templated":true}]}}