{"id":17289,"date":"2025-08-13T13:24:03","date_gmt":"2025-08-13T11:24:03","guid":{"rendered":"https:\/\/perfettohome.sk\/produkt\/rich-color-mosogel-14l\/"},"modified":"2025-08-13T13:24:03","modified_gmt":"2025-08-13T11:24:03","slug":"rich-color-mosogel-14l","status":"publish","type":"product","link":"https:\/\/perfettohome.sk\/hu\/produkt\/rich-color-mosogel-14l\/","title":{"rendered":"Rich Color mos\u00f3g\u00e9l 1,4l"},"content":{"rendered":"<p>Gazdag mos\u00f3g\u00e9l &#8211; T\u00f6k\u00e9letes tisztas\u00e1g a sz\u00ednes ruh\u00e1khoz!<\/p>\n<p>T\u00f6k\u00e9letesen tiszta \u00e9s friss mos\u00e1s\u00e9rt, hosszan tart\u00f3 hat\u00e1ssal &#8211; pr\u00f3b\u00e1lja ki a Rich Color-t!<\/p>\n<p>Hat\u00e9kony a foltok ellen, k\u00edm\u00e9letes a ruh\u00e1khoz<\/p>\n<p>A Rich Laundry Gel mos\u00f3g\u00e9lt \u00fagy alkott\u00e1k meg, hogy hat\u00e9konyan t\u00e1vol\u00edtsa el m\u00e9g a legkem\u00e9nyebb foltokat \u00e9s szennyez\u0151d\u00e9seket is, mik\u00f6zben meg\u0151rzi a sz\u00f6vetek min\u0151s\u00e9g\u00e9t \u00e9s puhas\u00e1g\u00e1t.<\/p>\n<p>Sz\u00edn &#8211; Sz\u00ednv\u00e9delem<\/p>\n<p>A Rich Color-t \u00fagy tervezt\u00e9k, hogy minden mos\u00e1sn\u00e1l megv\u00e9dje a sz\u00ednek intenzit\u00e1s\u00e1t \u00e9s tisztas\u00e1g\u00e1t, megakad\u00e1lyozva a kifakul\u00e1st.<\/p>\n<p>\u00d6kol\u00f3giai megold\u00e1s<\/p>\n<p>A csomagol\u00e1s \u00fajrahasznos\u00edthat\u00f3, az adagol\u00f3 kupak pedig lehet\u0151v\u00e9 teszi a pontos haszn\u00e1latot, megel\u0151zve a felesleges pazarl\u00e1st. A term\u00e9k egyszerre k\u00f6rnyezetbar\u00e1t \u00e9s hat\u00e9kony a szennyez\u0151d\u00e9sek ellen.<\/p>\n","protected":false},"excerpt":{"rendered":"<p>Gazdag mos\u00f3g\u00e9l &#8211; T\u00f6k\u00e9letes tisztas\u00e1g a sz\u00ednes ruh\u00e1khoz! T\u00f6k\u00e9letesen tiszta \u00e9s friss mos\u00e1s\u00e9rt, hosszan tart\u00f3 hat\u00e1ssal &#8211; pr\u00f3b\u00e1lja ki a Rich Color-t! Hat\u00e9kony a foltok ellen, k\u00edm\u00e9letes a ruh\u00e1khoz A Rich Laundry Gel mos\u00f3g\u00e9lt \u00fagy alkott\u00e1k meg, hogy hat\u00e9konyan t\u00e1vol\u00edtsa el m\u00e9g a legkem\u00e9nyebb foltokat \u00e9s szennyez\u0151d\u00e9seket is, mik\u00f6zben meg\u0151rzi a sz\u00f6vetek min\u0151s\u00e9g\u00e9t \u00e9s puhas\u00e1g\u00e1t. [&hellip;]<\/p>\n","protected":false},"featured_media":17292,"template":"","meta":[],"product_brand":[41],"product_cat":[299,334],"product_tag":[],"class_list":{"0":"post-17289","1":"product","2":"type-product","3":"status-publish","4":"has-post-thumbnail","6":"product_brand-rich","7":"product_cat-a-mosas-eszkozei","8":"product_cat-rich-hu","10":"first","11":"instock","12":"taxable","13":"shipping-taxable","14":"purchasable","15":"product-type-simple"},"_links":{"self":[{"href":"https:\/\/perfettohome.sk\/hu\/wp-json\/wp\/v2\/product\/17289","targetHints":{"allow":["GET"]}}],"collection":[{"href":"https:\/\/perfettohome.sk\/hu\/wp-json\/wp\/v2\/product"}],"about":[{"href":"https:\/\/perfettohome.sk\/hu\/wp-json\/wp\/v2\/types\/product"}],"wp:featuredmedia":[{"embeddable":true,"href":"https:\/\/perfettohome.sk\/hu\/wp-json\/wp\/v2\/media\/17292"}],"wp:attachment":[{"href":"https:\/\/perfettohome.sk\/hu\/wp-json\/wp\/v2\/media?parent=17289"}],"wp:term":[{"taxonomy":"product_brand","embeddable":true,"href":"https:\/\/perfettohome.sk\/hu\/wp-json\/wp\/v2\/product_brand?post=17289"},{"taxonomy":"product_cat","embeddable":true,"href":"https:\/\/perfettohome.sk\/hu\/wp-json\/wp\/v2\/product_cat?post=17289"},{"taxonomy":"product_tag","embeddable":true,"href":"https:\/\/perfettohome.sk\/hu\/wp-json\/wp\/v2\/product_tag?post=17289"}],"curies":[{"name":"wp","href":"https:\/\/api.w.org\/{rel}","templated":true}]}}