{"id":17294,"date":"2025-08-12T16:23:41","date_gmt":"2025-08-12T14:23:41","guid":{"rendered":"https:\/\/perfettohome.sk\/produkt\/gillette-hidratalo-borotvagel-kakaovajjal-200-ml\/"},"modified":"2025-12-14T11:57:05","modified_gmt":"2025-12-14T10:57:05","slug":"gillette-hidratalo-borotvagel-kakaovajjal-200-ml","status":"publish","type":"product","link":"https:\/\/perfettohome.sk\/hu\/produkt\/gillette-hidratalo-borotvagel-kakaovajjal-200-ml\/","title":{"rendered":"Gillette Moisturising with cocoa butter 200 ml"},"content":{"rendered":"<p>Kaka\u00f3vajjal d\u00fas\u00edtott hidrat\u00e1l\u00f3 borotvag\u00e9l, amely puh\u00edtja a b\u0151rt \u00e9s sim\u00e1v\u00e1 teszi a borotva sikl\u00e1s\u00e1t. Seg\u00edt megel\u0151zni az irrit\u00e1ci\u00f3t, puha, friss \u00e9s hidrat\u00e1lt b\u0151rt hagyva minden borotv\u00e1lkoz\u00e1s ut\u00e1n. <\/p>\n<p>T\u00e9rfogat: 200 ml<\/p>\n<p>V\u00e1ltozat: Hidrat\u00e1l\u00f3 kaka\u00f3vajjal<\/p>\n<p>Haszn\u00e1lata: vigyen fel egy kis mennyis\u00e9g\u0171 g\u00e9lt a nedves b\u0151rre, habos\u00edtsa fel \u00e9s borotv\u00e1lkozzon.<\/p>\n","protected":false},"excerpt":{"rendered":"<p>Kaka\u00f3vajjal d\u00fas\u00edtott hidrat\u00e1l\u00f3 borotvag\u00e9l, amely puh\u00edtja a b\u0151rt \u00e9s sim\u00e1v\u00e1 teszi a borotva sikl\u00e1s\u00e1t. Seg\u00edt megel\u0151zni az irrit\u00e1ci\u00f3t, puha, friss \u00e9s hidrat\u00e1lt b\u0151rt hagyva minden borotv\u00e1lkoz\u00e1s ut\u00e1n. T\u00e9rfogat: 200 ml V\u00e1ltozat: Hidrat\u00e1l\u00f3 kaka\u00f3vajjal Haszn\u00e1lata: vigyen fel egy kis mennyis\u00e9g\u0171 g\u00e9lt a nedves b\u0151rre, habos\u00edtsa fel \u00e9s borotv\u00e1lkozzon.<\/p>\n","protected":false},"featured_media":0,"template":"","meta":[],"product_brand":[186],"product_cat":[302],"product_tag":[],"class_list":{"0":"post-17294","1":"product","2":"type-product","3":"status-publish","5":"product_brand-gillette","6":"product_cat-borotvalkozas","8":"first","9":"instock","10":"taxable","11":"shipping-taxable","12":"purchasable","13":"product-type-simple"},"_links":{"self":[{"href":"https:\/\/perfettohome.sk\/hu\/wp-json\/wp\/v2\/product\/17294","targetHints":{"allow":["GET"]}}],"collection":[{"href":"https:\/\/perfettohome.sk\/hu\/wp-json\/wp\/v2\/product"}],"about":[{"href":"https:\/\/perfettohome.sk\/hu\/wp-json\/wp\/v2\/types\/product"}],"wp:attachment":[{"href":"https:\/\/perfettohome.sk\/hu\/wp-json\/wp\/v2\/media?parent=17294"}],"wp:term":[{"taxonomy":"product_brand","embeddable":true,"href":"https:\/\/perfettohome.sk\/hu\/wp-json\/wp\/v2\/product_brand?post=17294"},{"taxonomy":"product_cat","embeddable":true,"href":"https:\/\/perfettohome.sk\/hu\/wp-json\/wp\/v2\/product_cat?post=17294"},{"taxonomy":"product_tag","embeddable":true,"href":"https:\/\/perfettohome.sk\/hu\/wp-json\/wp\/v2\/product_tag?post=17294"}],"curies":[{"name":"wp","href":"https:\/\/api.w.org\/{rel}","templated":true}]}}