{"id":17296,"date":"2025-07-29T12:23:37","date_gmt":"2025-07-29T10:23:37","guid":{"rendered":"https:\/\/perfettohome.sk\/produkt\/nicky-wc-papir-3-retegu-10db\/"},"modified":"2025-07-29T12:23:37","modified_gmt":"2025-07-29T10:23:37","slug":"nicky-wc-papir-3-retegu-10db","status":"publish","type":"product","link":"https:\/\/perfettohome.sk\/hu\/produkt\/nicky-wc-papir-3-retegu-10db\/","title":{"rendered":"NICKY &#8211; WC-pap\u00edr &#8211; 3 r\u00e9teg\u0171 10db"},"content":{"rendered":"<p>Nicky WC-pap\u00edr 3 r\u00e9teg\u0171 10 db<br \/>\nA Nicky 3 r\u00e9teg\u0171 WC-pap\u00edr egyes\u00edti mag\u00e1ban a puhas\u00e1got, az er\u0151ss\u00e9get \u00e9s a megb\u00edzhat\u00f3s\u00e1got. A praktikus 10 tekercses csomagban ide\u00e1lis a mindennapos otthoni \u00e9s irodai haszn\u00e1latra. <\/p>\n<p>Haszn\u00e1lati utas\u00edt\u00e1s:<br \/>\nHaszn\u00e1lja sz\u00fcks\u00e9g szerint. A haszn\u00e1lt pap\u00edrt higi\u00e9nikusan \u00e1rtalmatlan\u00edtsa.<\/p>\n","protected":false},"excerpt":{"rendered":"<p>Nicky WC-pap\u00edr 3 r\u00e9teg\u0171 10 db A Nicky 3 r\u00e9teg\u0171 WC-pap\u00edr egyes\u00edti mag\u00e1ban a puhas\u00e1got, az er\u0151ss\u00e9get \u00e9s a megb\u00edzhat\u00f3s\u00e1got. A praktikus 10 tekercses csomagban ide\u00e1lis a mindennapos otthoni \u00e9s irodai haszn\u00e1latra. Haszn\u00e1lati utas\u00edt\u00e1s: Haszn\u00e1lja sz\u00fcks\u00e9g szerint. A haszn\u00e1lt pap\u00edrt higi\u00e9nikusan \u00e1rtalmatlan\u00edtsa.<\/p>\n","protected":false},"featured_media":17298,"template":"","meta":[],"product_brand":[250],"product_cat":[326],"product_tag":[],"class_list":{"0":"post-17296","1":"product","2":"type-product","3":"status-publish","4":"has-post-thumbnail","6":"product_brand-nicky","7":"product_cat-wc-papir","9":"first","10":"instock","11":"taxable","12":"shipping-taxable","13":"purchasable","14":"product-type-simple"},"_links":{"self":[{"href":"https:\/\/perfettohome.sk\/hu\/wp-json\/wp\/v2\/product\/17296","targetHints":{"allow":["GET"]}}],"collection":[{"href":"https:\/\/perfettohome.sk\/hu\/wp-json\/wp\/v2\/product"}],"about":[{"href":"https:\/\/perfettohome.sk\/hu\/wp-json\/wp\/v2\/types\/product"}],"wp:featuredmedia":[{"embeddable":true,"href":"https:\/\/perfettohome.sk\/hu\/wp-json\/wp\/v2\/media\/17298"}],"wp:attachment":[{"href":"https:\/\/perfettohome.sk\/hu\/wp-json\/wp\/v2\/media?parent=17296"}],"wp:term":[{"taxonomy":"product_brand","embeddable":true,"href":"https:\/\/perfettohome.sk\/hu\/wp-json\/wp\/v2\/product_brand?post=17296"},{"taxonomy":"product_cat","embeddable":true,"href":"https:\/\/perfettohome.sk\/hu\/wp-json\/wp\/v2\/product_cat?post=17296"},{"taxonomy":"product_tag","embeddable":true,"href":"https:\/\/perfettohome.sk\/hu\/wp-json\/wp\/v2\/product_tag?post=17296"}],"curies":[{"name":"wp","href":"https:\/\/api.w.org\/{rel}","templated":true}]}}