{"id":17297,"date":"2025-07-25T08:55:46","date_gmt":"2025-07-25T06:55:46","guid":{"rendered":"https:\/\/perfettohome.sk\/produkt\/nicky-wc-papir-3-retegu-24db\/"},"modified":"2025-07-25T08:55:46","modified_gmt":"2025-07-25T06:55:46","slug":"nicky-wc-papir-3-retegu-24db","status":"publish","type":"product","link":"https:\/\/perfettohome.sk\/hu\/produkt\/nicky-wc-papir-3-retegu-24db\/","title":{"rendered":"NICKY &#8211; WC-pap\u00edr &#8211; 3 r\u00e9teg\u0171 24db"},"content":{"rendered":"<p>Nicky 3 r\u00e9teg\u0171 WC-pap\u00edr 24 db<br \/>\nA puha \u00e9s tart\u00f3s Nicky 3 r\u00e9teg\u0171 WC-pap\u00edr ide\u00e1lis a mindennapi haszn\u00e1latra. Minden haszn\u00e1lat sor\u00e1n k\u00e9nyelmet \u00e9s megb\u00edzhat\u00f3s\u00e1got biztos\u00edt. A 24 tekercsb\u0151l \u00e1ll\u00f3 csomag praktikus \u00e9s az eg\u00e9sz csal\u00e1d sz\u00e1m\u00e1ra alkalmas.  <\/p>\n<p>Haszn\u00e1lati utas\u00edt\u00e1s:<br \/>\nHaszn\u00e1lja sz\u00fcks\u00e9g szerint. Haszn\u00e1lat ut\u00e1n higi\u00e9nikusan \u00e1rtalmatlan\u00edtsa.<\/p>\n","protected":false},"excerpt":{"rendered":"<p>Nicky 3 r\u00e9teg\u0171 WC-pap\u00edr 24 db A puha \u00e9s tart\u00f3s Nicky 3 r\u00e9teg\u0171 WC-pap\u00edr ide\u00e1lis a mindennapi haszn\u00e1latra. Minden haszn\u00e1lat sor\u00e1n k\u00e9nyelmet \u00e9s megb\u00edzhat\u00f3s\u00e1got biztos\u00edt. A 24 tekercsb\u0151l \u00e1ll\u00f3 csomag praktikus \u00e9s az eg\u00e9sz csal\u00e1d sz\u00e1m\u00e1ra alkalmas. Haszn\u00e1lati utas\u00edt\u00e1s: Haszn\u00e1lja sz\u00fcks\u00e9g szerint. Haszn\u00e1lat ut\u00e1n higi\u00e9nikusan \u00e1rtalmatlan\u00edtsa.<\/p>\n","protected":false},"featured_media":17299,"template":"","meta":[],"product_brand":[250],"product_cat":[326],"product_tag":[],"class_list":{"0":"post-17297","1":"product","2":"type-product","3":"status-publish","4":"has-post-thumbnail","6":"product_brand-nicky","7":"product_cat-wc-papir","9":"first","10":"instock","11":"taxable","12":"shipping-taxable","13":"purchasable","14":"product-type-simple"},"_links":{"self":[{"href":"https:\/\/perfettohome.sk\/hu\/wp-json\/wp\/v2\/product\/17297","targetHints":{"allow":["GET"]}}],"collection":[{"href":"https:\/\/perfettohome.sk\/hu\/wp-json\/wp\/v2\/product"}],"about":[{"href":"https:\/\/perfettohome.sk\/hu\/wp-json\/wp\/v2\/types\/product"}],"wp:featuredmedia":[{"embeddable":true,"href":"https:\/\/perfettohome.sk\/hu\/wp-json\/wp\/v2\/media\/17299"}],"wp:attachment":[{"href":"https:\/\/perfettohome.sk\/hu\/wp-json\/wp\/v2\/media?parent=17297"}],"wp:term":[{"taxonomy":"product_brand","embeddable":true,"href":"https:\/\/perfettohome.sk\/hu\/wp-json\/wp\/v2\/product_brand?post=17297"},{"taxonomy":"product_cat","embeddable":true,"href":"https:\/\/perfettohome.sk\/hu\/wp-json\/wp\/v2\/product_cat?post=17297"},{"taxonomy":"product_tag","embeddable":true,"href":"https:\/\/perfettohome.sk\/hu\/wp-json\/wp\/v2\/product_tag?post=17297"}],"curies":[{"name":"wp","href":"https:\/\/api.w.org\/{rel}","templated":true}]}}