{"id":17300,"date":"2025-07-28T10:53:52","date_gmt":"2025-07-28T08:53:52","guid":{"rendered":"https:\/\/perfettohome.sk\/produkt\/air-wick-elektromos-legfrissito-feher-viragok-19ml\/"},"modified":"2025-07-28T10:53:52","modified_gmt":"2025-07-28T08:53:52","slug":"air-wick-elektromos-legfrissito-feher-viragok-19ml","status":"publish","type":"product","link":"https:\/\/perfettohome.sk\/hu\/produkt\/air-wick-elektromos-legfrissito-feher-viragok-19ml\/","title":{"rendered":"Air Wick elektromos l\u00e9gfriss\u00edt\u0151 &#8211; Feh\u00e9r vir\u00e1gok 19ml"},"content":{"rendered":"<p>Air Wick elektromos l\u00e9gfriss\u00edt\u0151 19 ml &#8211; Feh\u00e9r vir\u00e1gok<br \/>\nAz Air Wick White Flowers elektromos l\u00e9gfriss\u00edt\u0151 a feh\u00e9r vir\u00e1gok finom \u00e9s vir\u00e1gos illat\u00e1val friss o\u00e1ziss\u00e1 var\u00e1zsolja otthon\u00e1t. Ak\u00e1r 75 napig (a legalacsonyabb fokozaton) folyamatos illatot biztos\u00edt. <\/p>\n<p>Haszn\u00e1lati utas\u00edt\u00e1s:<br \/>\nHelyezze a patront az elektromos diff\u00fazorba, \u00e9s dugja be a konnektorba. \u00c1ll\u00edtsa be az intenzit\u00e1st ig\u00e9ny szerint. Csak f\u00fcgg\u0151leges helyzetben haszn\u00e1lja.  <\/p>\n<p>&nbsp;<\/p>\n","protected":false},"excerpt":{"rendered":"<p>Air Wick elektromos l\u00e9gfriss\u00edt\u0151 19 ml &#8211; Feh\u00e9r vir\u00e1gok Az Air Wick White Flowers elektromos l\u00e9gfriss\u00edt\u0151 a feh\u00e9r vir\u00e1gok finom \u00e9s vir\u00e1gos illat\u00e1val friss o\u00e1ziss\u00e1 var\u00e1zsolja otthon\u00e1t. Ak\u00e1r 75 napig (a legalacsonyabb fokozaton) folyamatos illatot biztos\u00edt. Haszn\u00e1lati utas\u00edt\u00e1s: Helyezze a patront az elektromos diff\u00fazorba, \u00e9s dugja be a konnektorba. \u00c1ll\u00edtsa be az intenzit\u00e1st ig\u00e9ny szerint. [&hellip;]<\/p>\n","protected":false},"featured_media":17302,"template":"","meta":[],"product_brand":[45],"product_cat":[172],"product_tag":[],"class_list":{"0":"post-17300","1":"product","2":"type-product","3":"status-publish","4":"has-post-thumbnail","6":"product_brand-airwick","7":"product_cat-elektricke-difuzery-hu","9":"first","10":"instock","11":"taxable","12":"shipping-taxable","13":"purchasable","14":"product-type-simple"},"_links":{"self":[{"href":"https:\/\/perfettohome.sk\/hu\/wp-json\/wp\/v2\/product\/17300","targetHints":{"allow":["GET"]}}],"collection":[{"href":"https:\/\/perfettohome.sk\/hu\/wp-json\/wp\/v2\/product"}],"about":[{"href":"https:\/\/perfettohome.sk\/hu\/wp-json\/wp\/v2\/types\/product"}],"wp:featuredmedia":[{"embeddable":true,"href":"https:\/\/perfettohome.sk\/hu\/wp-json\/wp\/v2\/media\/17302"}],"wp:attachment":[{"href":"https:\/\/perfettohome.sk\/hu\/wp-json\/wp\/v2\/media?parent=17300"}],"wp:term":[{"taxonomy":"product_brand","embeddable":true,"href":"https:\/\/perfettohome.sk\/hu\/wp-json\/wp\/v2\/product_brand?post=17300"},{"taxonomy":"product_cat","embeddable":true,"href":"https:\/\/perfettohome.sk\/hu\/wp-json\/wp\/v2\/product_cat?post=17300"},{"taxonomy":"product_tag","embeddable":true,"href":"https:\/\/perfettohome.sk\/hu\/wp-json\/wp\/v2\/product_tag?post=17300"}],"curies":[{"name":"wp","href":"https:\/\/api.w.org\/{rel}","templated":true}]}}