{"id":17301,"date":"2025-07-24T13:38:37","date_gmt":"2025-07-24T11:38:37","guid":{"rendered":"https:\/\/perfettohome.sk\/produkt\/nicky-wc-papir-3-retegu-40db\/"},"modified":"2026-03-27T08:42:48","modified_gmt":"2026-03-27T07:42:48","slug":"nicky-wc-papir-3-retegu-40db","status":"publish","type":"product","link":"https:\/\/perfettohome.sk\/hu\/produkt\/nicky-wc-papir-3-retegu-40db\/","title":{"rendered":"NICKY &#8211; Toaletn\u00fd papier &#8211; 3 vrstvov\u00fd 40ks"},"content":{"rendered":"<p>Nicky toalettpap\u00edr 3 r\u00e9teg\u0171 40 db<br \/>\nA Nicky min\u0151s\u00e9gi 3 r\u00e9teg\u0171 toalettpap\u00edr puhas\u00e1got, szil\u00e1rds\u00e1got \u00e9s maxim\u00e1lis k\u00e9nyelmet k\u00edn\u00e1l a mindennapi haszn\u00e1lathoz. A csomag 40 tekercset tartalmaz, \u00edgy ide\u00e1lis megold\u00e1s nagyobb h\u00e1ztart\u00e1sok vagy int\u00e9zm\u00e9nyek sz\u00e1m\u00e1ra. <\/p>\n<p>Haszn\u00e1lati utas\u00edt\u00e1s:<br \/>\nHaszn\u00e1lja sz\u00fcks\u00e9g szerint. Haszn\u00e1lat ut\u00e1n higi\u00e9nikusan \u00e1rtalmatlan\u00edtsa.<\/p>\n","protected":false},"excerpt":{"rendered":"<p>Nicky toalettpap\u00edr 3 r\u00e9teg\u0171 40 db A Nicky min\u0151s\u00e9gi 3 r\u00e9teg\u0171 toalettpap\u00edr puhas\u00e1got, szil\u00e1rds\u00e1got \u00e9s maxim\u00e1lis k\u00e9nyelmet k\u00edn\u00e1l a mindennapi haszn\u00e1lathoz. A csomag 40 tekercset tartalmaz, \u00edgy ide\u00e1lis megold\u00e1s nagyobb h\u00e1ztart\u00e1sok vagy int\u00e9zm\u00e9nyek sz\u00e1m\u00e1ra. Haszn\u00e1lati utas\u00edt\u00e1s: Haszn\u00e1lja sz\u00fcks\u00e9g szerint. Haszn\u00e1lat ut\u00e1n higi\u00e9nikusan \u00e1rtalmatlan\u00edtsa.<\/p>\n","protected":false},"featured_media":17303,"template":"","meta":[],"product_brand":[250],"product_cat":[326],"product_tag":[],"class_list":{"0":"post-17301","1":"product","2":"type-product","3":"status-publish","4":"has-post-thumbnail","6":"product_brand-nicky","7":"product_cat-wc-papir","9":"first","10":"instock","11":"taxable","12":"shipping-taxable","13":"purchasable","14":"product-type-simple"},"_links":{"self":[{"href":"https:\/\/perfettohome.sk\/hu\/wp-json\/wp\/v2\/product\/17301","targetHints":{"allow":["GET"]}}],"collection":[{"href":"https:\/\/perfettohome.sk\/hu\/wp-json\/wp\/v2\/product"}],"about":[{"href":"https:\/\/perfettohome.sk\/hu\/wp-json\/wp\/v2\/types\/product"}],"wp:featuredmedia":[{"embeddable":true,"href":"https:\/\/perfettohome.sk\/hu\/wp-json\/wp\/v2\/media\/17303"}],"wp:attachment":[{"href":"https:\/\/perfettohome.sk\/hu\/wp-json\/wp\/v2\/media?parent=17301"}],"wp:term":[{"taxonomy":"product_brand","embeddable":true,"href":"https:\/\/perfettohome.sk\/hu\/wp-json\/wp\/v2\/product_brand?post=17301"},{"taxonomy":"product_cat","embeddable":true,"href":"https:\/\/perfettohome.sk\/hu\/wp-json\/wp\/v2\/product_cat?post=17301"},{"taxonomy":"product_tag","embeddable":true,"href":"https:\/\/perfettohome.sk\/hu\/wp-json\/wp\/v2\/product_tag?post=17301"}],"curies":[{"name":"wp","href":"https:\/\/api.w.org\/{rel}","templated":true}]}}