{"id":17311,"date":"2025-07-08T09:09:13","date_gmt":"2025-07-08T07:09:13","guid":{"rendered":"https:\/\/perfettohome.sk\/produkt\/dove-szappan-uborka-es-zold-tea-250ml\/"},"modified":"2025-12-14T11:49:48","modified_gmt":"2025-12-14T10:49:48","slug":"dove-szappan-uborka-es-zold-tea-250ml","status":"publish","type":"product","link":"https:\/\/perfettohome.sk\/hu\/produkt\/dove-szappan-uborka-es-zold-tea-250ml\/","title":{"rendered":"Dove szappan &#8211; Cucumber and Green Tea 250ml"},"content":{"rendered":"<p>Friss\u00edt\u0151 foly\u00e9kony szappan uborka \u00e9s z\u00f6ld tea kivonattal. Gyeng\u00e9den tiszt\u00edtja a k\u00e9z b\u0151r\u00e9t, mik\u00f6zben hidrat\u00e1lja \u00e9s friss illatot hagy maga ut\u00e1n. K\u00edm\u00e9letes formul\u00e1j\u00e1nak k\u00f6sz\u00f6nhet\u0151en mindennapos haszn\u00e1latra alkalmas.  <\/p>\n<p>T\u00e9rfogat: 250 ml<\/p>\n<p>Illat: uborka \u00e9s z\u00f6ld tea<\/p>\n<p>Haszn\u00e1lata: vigy\u00fcnk fel egy kis mennyis\u00e9g\u0171 szappant a nedves k\u00e9zre, habos\u00edtsuk fel \u00e9s \u00f6bl\u00edts\u00fck le v\u00edzzel.<\/p>\n","protected":false},"excerpt":{"rendered":"<p>Friss\u00edt\u0151 foly\u00e9kony szappan uborka \u00e9s z\u00f6ld tea kivonattal. Gyeng\u00e9den tiszt\u00edtja a k\u00e9z b\u0151r\u00e9t, mik\u00f6zben hidrat\u00e1lja \u00e9s friss illatot hagy maga ut\u00e1n. K\u00edm\u00e9letes formul\u00e1j\u00e1nak k\u00f6sz\u00f6nhet\u0151en mindennapos haszn\u00e1latra alkalmas. T\u00e9rfogat: 250 ml Illat: uborka \u00e9s z\u00f6ld tea Haszn\u00e1lata: vigy\u00fcnk fel egy kis mennyis\u00e9g\u0171 szappant a nedves k\u00e9zre, habos\u00edtsuk fel \u00e9s \u00f6bl\u00edts\u00fck le v\u00edzzel.<\/p>\n","protected":false},"featured_media":0,"template":"","meta":[],"product_brand":[197],"product_cat":[317],"product_tag":[],"class_list":{"0":"post-17311","1":"product","2":"type-product","3":"status-publish","5":"product_brand-dove","6":"product_cat-borapolas","8":"first","9":"instock","10":"taxable","11":"shipping-taxable","12":"purchasable","13":"product-type-simple"},"_links":{"self":[{"href":"https:\/\/perfettohome.sk\/hu\/wp-json\/wp\/v2\/product\/17311","targetHints":{"allow":["GET"]}}],"collection":[{"href":"https:\/\/perfettohome.sk\/hu\/wp-json\/wp\/v2\/product"}],"about":[{"href":"https:\/\/perfettohome.sk\/hu\/wp-json\/wp\/v2\/types\/product"}],"wp:attachment":[{"href":"https:\/\/perfettohome.sk\/hu\/wp-json\/wp\/v2\/media?parent=17311"}],"wp:term":[{"taxonomy":"product_brand","embeddable":true,"href":"https:\/\/perfettohome.sk\/hu\/wp-json\/wp\/v2\/product_brand?post=17311"},{"taxonomy":"product_cat","embeddable":true,"href":"https:\/\/perfettohome.sk\/hu\/wp-json\/wp\/v2\/product_cat?post=17311"},{"taxonomy":"product_tag","embeddable":true,"href":"https:\/\/perfettohome.sk\/hu\/wp-json\/wp\/v2\/product_tag?post=17311"}],"curies":[{"name":"wp","href":"https:\/\/api.w.org\/{rel}","templated":true}]}}