{"id":17314,"date":"2025-07-11T10:24:27","date_gmt":"2025-07-11T08:24:27","guid":{"rendered":"https:\/\/perfettohome.sk\/produkt\/domestos-blue-original-750ml-fertotlenitoszer\/"},"modified":"2025-07-11T10:24:27","modified_gmt":"2025-07-11T08:24:27","slug":"domestos-blue-original-750ml-fertotlenitoszer","status":"publish","type":"product","link":"https:\/\/perfettohome.sk\/hu\/produkt\/domestos-blue-original-750ml-fertotlenitoszer\/","title":{"rendered":"Domestos &#8211; Blue Original 750ml fert\u0151tlen\u00edt\u0151szer"},"content":{"rendered":"<p>Megb\u00edzhat\u00f3 v\u00e9delem otthona sz\u00e1m\u00e1ra. A Domestos Original er\u0151s fert\u0151tlen\u00edt\u0151 hat\u00e1s\u00fa tiszt\u00edt\u00f3szer, amely hat\u00e9konyan t\u00e1vol\u00edtja el a bakt\u00e9riumokat, v\u00edrusokat \u00e9s a pen\u00e9szt. Alkalmas WC-khez, lefoly\u00f3khoz, mosd\u00f3khoz \u00e9s m\u00e1s moshat\u00f3 fel\u00fcletekhez. A tisztas\u00e1g \u00e9s higi\u00e9nia \u00e9rzet\u00e9t hagyja maga ut\u00e1n, amiben megb\u00edzhat.   <\/p>\n<p>Haszn\u00e1lat:<br \/>\n&#8211; WC-re: a mosd\u00f3kagyl\u00f3 pereme al\u00e1 kenje, hagyja hatni legal\u00e1bb 30 percig, majd \u00f6bl\u00edtse le.<br \/>\n&#8211; Padl\u00f3kra \u00e9s nagy fel\u00fcletekre: 180 ml Domestos-t h\u00edg\u00edtson fel 5 liter v\u00edzben.<br \/>\n&#8211; Lefoly\u00f3kra \u00e9s er\u0151s szennyez\u0151d\u00e9sekre: h\u00edg\u00edtatlanul haszn\u00e1lja, hagyja hatni \u00e9s \u00f6bl\u00edtse le.<br \/>\n&#8211; Fel\u00fcletek fert\u0151tlen\u00edt\u00e9s\u00e9re: kenje fel, hagyja hatni n\u00e9h\u00e1ny percig, majd nedves ruh\u00e1val t\u00f6r\u00f6lje le.<\/p>\n<p>Ne haszn\u00e1lja f\u00e9meken \u00e9s sz\u00ednes sz\u00f6veteken. K\u00f6vesse a c\u00edmk\u00e9n tal\u00e1lhat\u00f3 haszn\u00e1lati utas\u00edt\u00e1sokat.<\/p>\n","protected":false},"excerpt":{"rendered":"<p>Megb\u00edzhat\u00f3 v\u00e9delem otthona sz\u00e1m\u00e1ra. A Domestos Original er\u0151s fert\u0151tlen\u00edt\u0151 hat\u00e1s\u00fa tiszt\u00edt\u00f3szer, amely hat\u00e9konyan t\u00e1vol\u00edtja el a bakt\u00e9riumokat, v\u00edrusokat \u00e9s a pen\u00e9szt. Alkalmas WC-khez, lefoly\u00f3khoz, mosd\u00f3khoz \u00e9s m\u00e1s moshat\u00f3 fel\u00fcletekhez. A tisztas\u00e1g \u00e9s higi\u00e9nia \u00e9rzet\u00e9t hagyja maga ut\u00e1n, amiben megb\u00edzhat. Haszn\u00e1lat: &#8211; WC-re: a mosd\u00f3kagyl\u00f3 pereme al\u00e1 kenje, hagyja hatni legal\u00e1bb 30 percig, majd \u00f6bl\u00edtse le. [&hellip;]<\/p>\n","protected":false},"featured_media":16382,"template":"","meta":[],"product_brand":[179],"product_cat":[296],"product_tag":[],"class_list":{"0":"post-17314","1":"product","2":"type-product","3":"status-publish","4":"has-post-thumbnail","6":"product_brand-domestos","7":"product_cat-egyeb","9":"first","10":"instock","11":"taxable","12":"shipping-taxable","13":"purchasable","14":"product-type-simple"},"_links":{"self":[{"href":"https:\/\/perfettohome.sk\/hu\/wp-json\/wp\/v2\/product\/17314","targetHints":{"allow":["GET"]}}],"collection":[{"href":"https:\/\/perfettohome.sk\/hu\/wp-json\/wp\/v2\/product"}],"about":[{"href":"https:\/\/perfettohome.sk\/hu\/wp-json\/wp\/v2\/types\/product"}],"wp:featuredmedia":[{"embeddable":true,"href":"https:\/\/perfettohome.sk\/hu\/wp-json\/wp\/v2\/media\/16382"}],"wp:attachment":[{"href":"https:\/\/perfettohome.sk\/hu\/wp-json\/wp\/v2\/media?parent=17314"}],"wp:term":[{"taxonomy":"product_brand","embeddable":true,"href":"https:\/\/perfettohome.sk\/hu\/wp-json\/wp\/v2\/product_brand?post=17314"},{"taxonomy":"product_cat","embeddable":true,"href":"https:\/\/perfettohome.sk\/hu\/wp-json\/wp\/v2\/product_cat?post=17314"},{"taxonomy":"product_tag","embeddable":true,"href":"https:\/\/perfettohome.sk\/hu\/wp-json\/wp\/v2\/product_tag?post=17314"}],"curies":[{"name":"wp","href":"https:\/\/api.w.org\/{rel}","templated":true}]}}