{"id":17317,"date":"2025-07-10T10:53:48","date_gmt":"2025-07-10T08:53:48","guid":{"rendered":"https:\/\/perfettohome.sk\/produkt\/aquella-nedves-torlokendo-15db-levendula\/"},"modified":"2025-07-10T10:53:48","modified_gmt":"2025-07-10T08:53:48","slug":"aquella-nedves-torlokendo-15db-levendula","status":"publish","type":"product","link":"https:\/\/perfettohome.sk\/hu\/produkt\/aquella-nedves-torlokendo-15db-levendula\/","title":{"rendered":"Aquella nedves t\u00f6rl\u0151kend\u0151 15db levendula"},"content":{"rendered":"<p>Praktikus nedves t\u00f6rl\u0151kend\u0151 nyugtat\u00f3 levendula illattal a kezek vagy fel\u00fcletek gyors felfriss\u00edt\u00e9s\u00e9hez \u00e9s tiszt\u00edt\u00e1s\u00e1hoz. Kellemes frissess\u00e9get \u00e9s finom levendulaillatot hagynak maguk ut\u00e1n. Otthonra \u00e9s utaz\u00e1sra egyar\u00e1nt alkalmas.  <\/p>\n<p>Haszn\u00e1lati utas\u00edt\u00e1s:<br \/>\nVegyen ki egy t\u00f6rl\u0151kend\u0151t, sz\u00fcks\u00e9g szerint \u00f3vatosan t\u00f6r\u00f6lje \u00e1t a kez\u00e9t vagy a fel\u00fcletet. Haszn\u00e1lat ut\u00e1n szorosan z\u00e1rja le a tart\u00e1lyt, hogy megakad\u00e1lyozza a kend\u0151k kisz\u00e1rad\u00e1s\u00e1t.<\/p>\n","protected":false},"excerpt":{"rendered":"<p>Praktikus nedves t\u00f6rl\u0151kend\u0151 nyugtat\u00f3 levendula illattal a kezek vagy fel\u00fcletek gyors felfriss\u00edt\u00e9s\u00e9hez \u00e9s tiszt\u00edt\u00e1s\u00e1hoz. Kellemes frissess\u00e9get \u00e9s finom levendulaillatot hagynak maguk ut\u00e1n. Otthonra \u00e9s utaz\u00e1sra egyar\u00e1nt alkalmas. Haszn\u00e1lati utas\u00edt\u00e1s: Vegyen ki egy t\u00f6rl\u0151kend\u0151t, sz\u00fcks\u00e9g szerint \u00f3vatosan t\u00f6r\u00f6lje \u00e1t a kez\u00e9t vagy a fel\u00fcletet. Haszn\u00e1lat ut\u00e1n szorosan z\u00e1rja le a tart\u00e1lyt, hogy megakad\u00e1lyozza a kend\u0151k kisz\u00e1rad\u00e1s\u00e1t.<\/p>\n","protected":false},"featured_media":16408,"template":"","meta":[],"product_brand":[246],"product_cat":[324],"product_tag":[],"class_list":{"0":"post-17317","1":"product","2":"type-product","3":"status-publish","4":"has-post-thumbnail","6":"product_brand-aquella","7":"product_cat-torlokendok-zsebkendok","9":"first","10":"instock","11":"taxable","12":"shipping-taxable","13":"purchasable","14":"product-type-simple"},"_links":{"self":[{"href":"https:\/\/perfettohome.sk\/hu\/wp-json\/wp\/v2\/product\/17317","targetHints":{"allow":["GET"]}}],"collection":[{"href":"https:\/\/perfettohome.sk\/hu\/wp-json\/wp\/v2\/product"}],"about":[{"href":"https:\/\/perfettohome.sk\/hu\/wp-json\/wp\/v2\/types\/product"}],"wp:featuredmedia":[{"embeddable":true,"href":"https:\/\/perfettohome.sk\/hu\/wp-json\/wp\/v2\/media\/16408"}],"wp:attachment":[{"href":"https:\/\/perfettohome.sk\/hu\/wp-json\/wp\/v2\/media?parent=17317"}],"wp:term":[{"taxonomy":"product_brand","embeddable":true,"href":"https:\/\/perfettohome.sk\/hu\/wp-json\/wp\/v2\/product_brand?post=17317"},{"taxonomy":"product_cat","embeddable":true,"href":"https:\/\/perfettohome.sk\/hu\/wp-json\/wp\/v2\/product_cat?post=17317"},{"taxonomy":"product_tag","embeddable":true,"href":"https:\/\/perfettohome.sk\/hu\/wp-json\/wp\/v2\/product_tag?post=17317"}],"curies":[{"name":"wp","href":"https:\/\/api.w.org\/{rel}","templated":true}]}}