{"id":17319,"date":"2025-07-10T10:53:48","date_gmt":"2025-07-10T08:53:48","guid":{"rendered":"https:\/\/perfettohome.sk\/produkt\/aquella-nedves-torlokendo-15db-kamilka\/"},"modified":"2025-07-10T10:53:48","modified_gmt":"2025-07-10T08:53:48","slug":"aquella-nedves-torlokendo-15db-kamilka","status":"publish","type":"product","link":"https:\/\/perfettohome.sk\/hu\/produkt\/aquella-nedves-torlokendo-15db-kamilka\/","title":{"rendered":"Aquella nedves t\u00f6rl\u0151kend\u0151 15db Kamilka"},"content":{"rendered":"<p data-start=\"21\" data-end=\"262\">Gyeng\u00e9d nedves t\u00f6rl\u0151kend\u0151 a kamilla (kamilla) nyugtat\u00f3 illat\u00e1val, ide\u00e1lis a kezek vagy fel\u00fcletek gyors felfriss\u00edt\u00e9s\u00e9hez \u00e9s tiszt\u00edt\u00e1s\u00e1hoz. K\u00edm\u00e9letesek a b\u0151rh\u00f6z, tiszta \u00e9rz\u00e9st \u00e9s kellemes gy\u00f3gyn\u00f6v\u00e9nyes illatot hagynak maguk ut\u00e1n. <\/p>\n<p data-start=\"264\" data-end=\"415\"><strong data-start=\"264\" data-end=\"286\">Haszn\u00e1lati utas\u00edt\u00e1s:<\/strong><br data-start=\"286\" data-end=\"289\">Vegyen ki egy t\u00f6rl\u0151kend\u0151t, sz\u00fcks\u00e9g szerint \u00f3vatosan t\u00f6r\u00f6lje \u00e1t a kez\u00e9t vagy a fel\u00fcletet. Haszn\u00e1lat ut\u00e1n szorosan z\u00e1rja le a csomagot, hogy megakad\u00e1lyozza a t\u00f6rl\u0151kend\u0151k kisz\u00e1rad\u00e1s\u00e1t. <\/p>\n","protected":false},"excerpt":{"rendered":"<p>Gyeng\u00e9d nedves t\u00f6rl\u0151kend\u0151 a kamilla (kamilla) nyugtat\u00f3 illat\u00e1val, ide\u00e1lis a kezek vagy fel\u00fcletek gyors felfriss\u00edt\u00e9s\u00e9hez \u00e9s tiszt\u00edt\u00e1s\u00e1hoz. K\u00edm\u00e9letesek a b\u0151rh\u00f6z, tiszta \u00e9rz\u00e9st \u00e9s kellemes gy\u00f3gyn\u00f6v\u00e9nyes illatot hagynak maguk ut\u00e1n. Haszn\u00e1lati utas\u00edt\u00e1s:Vegyen ki egy t\u00f6rl\u0151kend\u0151t, sz\u00fcks\u00e9g szerint \u00f3vatosan t\u00f6r\u00f6lje \u00e1t a kez\u00e9t vagy a fel\u00fcletet. Haszn\u00e1lat ut\u00e1n szorosan z\u00e1rja le a csomagot, hogy megakad\u00e1lyozza a t\u00f6rl\u0151kend\u0151k [&hellip;]<\/p>\n","protected":false},"featured_media":16405,"template":"","meta":[],"product_brand":[246],"product_cat":[324],"product_tag":[],"class_list":{"0":"post-17319","1":"product","2":"type-product","3":"status-publish","4":"has-post-thumbnail","6":"product_brand-aquella","7":"product_cat-torlokendok-zsebkendok","9":"first","10":"instock","11":"taxable","12":"shipping-taxable","13":"purchasable","14":"product-type-simple"},"_links":{"self":[{"href":"https:\/\/perfettohome.sk\/hu\/wp-json\/wp\/v2\/product\/17319","targetHints":{"allow":["GET"]}}],"collection":[{"href":"https:\/\/perfettohome.sk\/hu\/wp-json\/wp\/v2\/product"}],"about":[{"href":"https:\/\/perfettohome.sk\/hu\/wp-json\/wp\/v2\/types\/product"}],"wp:featuredmedia":[{"embeddable":true,"href":"https:\/\/perfettohome.sk\/hu\/wp-json\/wp\/v2\/media\/16405"}],"wp:attachment":[{"href":"https:\/\/perfettohome.sk\/hu\/wp-json\/wp\/v2\/media?parent=17319"}],"wp:term":[{"taxonomy":"product_brand","embeddable":true,"href":"https:\/\/perfettohome.sk\/hu\/wp-json\/wp\/v2\/product_brand?post=17319"},{"taxonomy":"product_cat","embeddable":true,"href":"https:\/\/perfettohome.sk\/hu\/wp-json\/wp\/v2\/product_cat?post=17319"},{"taxonomy":"product_tag","embeddable":true,"href":"https:\/\/perfettohome.sk\/hu\/wp-json\/wp\/v2\/product_tag?post=17319"}],"curies":[{"name":"wp","href":"https:\/\/api.w.org\/{rel}","templated":true}]}}