{"id":17323,"date":"2025-07-07T15:09:17","date_gmt":"2025-07-07T13:09:17","guid":{"rendered":"https:\/\/perfettohome.sk\/produkt\/my-comfort-nedves-torlokendo-orchidea-illattal120db\/"},"modified":"2025-07-07T15:09:17","modified_gmt":"2025-07-07T13:09:17","slug":"my-comfort-nedves-torlokendo-orchidea-illattal120db","status":"publish","type":"product","link":"https:\/\/perfettohome.sk\/hu\/produkt\/my-comfort-nedves-torlokendo-orchidea-illattal120db\/","title":{"rendered":"My Comfort nedves t\u00f6rl\u0151kend\u0151 orchidea illattal120db"},"content":{"rendered":"<p>My Comfort nedves t\u00f6rl\u0151kend\u0151k orchidea illattal 120 db<br \/>\nPraktikus nedves t\u00f6rl\u0151kend\u0151k mindennapi haszn\u00e1latra, finom \u00e9s friss orchidea illattal. Gyorsan felfriss\u00edti \u00e9s megtiszt\u00edtja a kezeket vagy fel\u00fcleteket, ide\u00e1lis otthon \u00e9s \u00fatk\u00f6zben is. K\u00edm\u00e9letesek a b\u0151rh\u00f6z, kellemes illat\u00faak \u00e9s nem hagynak ragacsos \u00e9rzetet.  <\/p>\n<p>Haszn\u00e1lati utas\u00edt\u00e1s:<br \/>\nVegyen ki egy t\u00f6rl\u0151kend\u0151t, \u00f3vatosan t\u00f6r\u00f6lje le a kez\u00e9t vagy a kiv\u00e1lasztott fel\u00fcletet. Haszn\u00e1lat ut\u00e1n szorosan z\u00e1rja le a csomagot, hogy megakad\u00e1lyozza a t\u00f6rl\u0151kend\u0151k kisz\u00e1rad\u00e1s\u00e1t.<\/p>\n","protected":false},"excerpt":{"rendered":"<p>My Comfort nedves t\u00f6rl\u0151kend\u0151k orchidea illattal 120 db Praktikus nedves t\u00f6rl\u0151kend\u0151k mindennapi haszn\u00e1latra, finom \u00e9s friss orchidea illattal. Gyorsan felfriss\u00edti \u00e9s megtiszt\u00edtja a kezeket vagy fel\u00fcleteket, ide\u00e1lis otthon \u00e9s \u00fatk\u00f6zben is. K\u00edm\u00e9letesek a b\u0151rh\u00f6z, kellemes illat\u00faak \u00e9s nem hagynak ragacsos \u00e9rzetet. Haszn\u00e1lati utas\u00edt\u00e1s: Vegyen ki egy t\u00f6rl\u0151kend\u0151t, \u00f3vatosan t\u00f6r\u00f6lje le a kez\u00e9t vagy a kiv\u00e1lasztott [&hellip;]<\/p>\n","protected":false},"featured_media":16370,"template":"","meta":[],"product_brand":[248],"product_cat":[324],"product_tag":[],"class_list":{"0":"post-17323","1":"product","2":"type-product","3":"status-publish","4":"has-post-thumbnail","6":"product_brand-mycomfort","7":"product_cat-torlokendok-zsebkendok","9":"first","10":"instock","11":"taxable","12":"shipping-taxable","13":"purchasable","14":"product-type-simple"},"_links":{"self":[{"href":"https:\/\/perfettohome.sk\/hu\/wp-json\/wp\/v2\/product\/17323","targetHints":{"allow":["GET"]}}],"collection":[{"href":"https:\/\/perfettohome.sk\/hu\/wp-json\/wp\/v2\/product"}],"about":[{"href":"https:\/\/perfettohome.sk\/hu\/wp-json\/wp\/v2\/types\/product"}],"wp:featuredmedia":[{"embeddable":true,"href":"https:\/\/perfettohome.sk\/hu\/wp-json\/wp\/v2\/media\/16370"}],"wp:attachment":[{"href":"https:\/\/perfettohome.sk\/hu\/wp-json\/wp\/v2\/media?parent=17323"}],"wp:term":[{"taxonomy":"product_brand","embeddable":true,"href":"https:\/\/perfettohome.sk\/hu\/wp-json\/wp\/v2\/product_brand?post=17323"},{"taxonomy":"product_cat","embeddable":true,"href":"https:\/\/perfettohome.sk\/hu\/wp-json\/wp\/v2\/product_cat?post=17323"},{"taxonomy":"product_tag","embeddable":true,"href":"https:\/\/perfettohome.sk\/hu\/wp-json\/wp\/v2\/product_tag?post=17323"}],"curies":[{"name":"wp","href":"https:\/\/api.w.org\/{rel}","templated":true}]}}