{"id":17333,"date":"2025-11-18T13:23:41","date_gmt":"2025-11-18T12:23:41","guid":{"rendered":"https:\/\/perfettohome.sk\/produkt\/dogex-granulatum-kutyak-izesites-nelkul-15kg-vital\/"},"modified":"2025-12-16T10:20:18","modified_gmt":"2025-12-16T09:20:18","slug":"dogex-granulatum-kutyak-izesites-nelkul-15kg-vital","status":"publish","type":"product","link":"https:\/\/perfettohome.sk\/hu\/produkt\/dogex-granulatum-kutyak-izesites-nelkul-15kg-vital\/","title":{"rendered":"Dogex Granula Kuty\u00e1k \u00edzes\u00edt\u00e9s n\u00e9lk\u00fcl 15kg Vital"},"content":{"rendered":"","protected":false},"excerpt":{"rendered":"","protected":false},"featured_media":17334,"template":"","meta":[],"product_brand":[288],"product_cat":[340],"product_tag":[],"class_list":{"0":"post-17333","1":"product","2":"type-product","3":"status-publish","4":"has-post-thumbnail","6":"product_brand-dogex","7":"product_cat-granulatum","9":"first","10":"instock","11":"sale","12":"taxable","13":"shipping-taxable","14":"purchasable","15":"product-type-simple"},"_links":{"self":[{"href":"https:\/\/perfettohome.sk\/hu\/wp-json\/wp\/v2\/product\/17333","targetHints":{"allow":["GET"]}}],"collection":[{"href":"https:\/\/perfettohome.sk\/hu\/wp-json\/wp\/v2\/product"}],"about":[{"href":"https:\/\/perfettohome.sk\/hu\/wp-json\/wp\/v2\/types\/product"}],"wp:featuredmedia":[{"embeddable":true,"href":"https:\/\/perfettohome.sk\/hu\/wp-json\/wp\/v2\/media\/17334"}],"wp:attachment":[{"href":"https:\/\/perfettohome.sk\/hu\/wp-json\/wp\/v2\/media?parent=17333"}],"wp:term":[{"taxonomy":"product_brand","embeddable":true,"href":"https:\/\/perfettohome.sk\/hu\/wp-json\/wp\/v2\/product_brand?post=17333"},{"taxonomy":"product_cat","embeddable":true,"href":"https:\/\/perfettohome.sk\/hu\/wp-json\/wp\/v2\/product_cat?post=17333"},{"taxonomy":"product_tag","embeddable":true,"href":"https:\/\/perfettohome.sk\/hu\/wp-json\/wp\/v2\/product_tag?post=17333"}],"curies":[{"name":"wp","href":"https:\/\/api.w.org\/{rel}","templated":true}]}}