{"id":17337,"date":"2025-09-29T13:08:37","date_gmt":"2025-09-29T11:08:37","guid":{"rendered":"https:\/\/perfettohome.sk\/produkt\/propesko-zseb-kutyaknak-marhahus-nyul-100g\/"},"modified":"2025-12-14T20:21:01","modified_gmt":"2025-12-14T19:21:01","slug":"propesko-zseb-kutyaknak-marhahus-nyul-100g","status":"publish","type":"product","link":"https:\/\/perfettohome.sk\/hu\/produkt\/propesko-zseb-kutyaknak-marhahus-nyul-100g\/","title":{"rendered":"Propesko tasak kuty\u00e1knak marhah\u00fas ny\u00fal 100g"},"content":{"rendered":"<p>Teljes \u00e9rt\u00e9k\u0171 nedves eledel feln\u0151tt kuty\u00e1knak marhah\u00fas \u00e9s ny\u00fal \u00edzes\u00edt\u00e9ssel. A tasak kiegyens\u00falyozott t\u00e1panyagkombin\u00e1ci\u00f3t tartalmaz az eg\u00e9szs\u00e9g, a vitalit\u00e1s \u00e9s a f\u00e9nyes sz\u0151rzet el\u0151seg\u00edt\u00e9se \u00e9rdek\u00e9ben. Napi etet\u00e9sre alkalmas.  <\/p>\n<p>Csomag s\u00falya: 100 g<\/p>\n<p>\u00cdzvil\u00e1g: marhah\u00fas \u00e9s ny\u00fal<\/p>\n<p>C\u00e9l: feln\u0151tt kuty\u00e1k<\/p>\n<p>Felhaszn\u00e1l\u00e1s: Sz\u00fcks\u00e9g szerint k\u00f6zvetlen\u00fcl vagy sz\u00e1razt\u00e1ppal keverve etesse. Biztos\u00edtson \u00e1lland\u00f3 hozz\u00e1f\u00e9r\u00e9st friss iv\u00f3v\u00edzhez. Felbont\u00e1s ut\u00e1n 24 \u00f3r\u00e1n bel\u00fcl fogyassza el.<\/p>\n","protected":false},"excerpt":{"rendered":"<p>Teljes \u00e9rt\u00e9k\u0171 nedves eledel feln\u0151tt kuty\u00e1knak marhah\u00fas \u00e9s ny\u00fal \u00edzes\u00edt\u00e9ssel. A tasak kiegyens\u00falyozott t\u00e1panyagkombin\u00e1ci\u00f3t tartalmaz az eg\u00e9szs\u00e9g, a vitalit\u00e1s \u00e9s a f\u00e9nyes sz\u0151rzet el\u0151seg\u00edt\u00e9se \u00e9rdek\u00e9ben. Napi etet\u00e9sre alkalmas. Csomag s\u00falya: 100 g \u00cdzvil\u00e1g: marhah\u00fas \u00e9s ny\u00fal C\u00e9l: feln\u0151tt kuty\u00e1k Felhaszn\u00e1l\u00e1s: Sz\u00fcks\u00e9g szerint k\u00f6zvetlen\u00fcl vagy sz\u00e1razt\u00e1ppal keverve etesse. Biztos\u00edtson \u00e1lland\u00f3 hozz\u00e1f\u00e9r\u00e9st friss iv\u00f3v\u00edzhez. Felbont\u00e1s ut\u00e1n 24 [&hellip;]<\/p>\n","protected":false},"featured_media":17339,"template":"","meta":[],"product_brand":[260],"product_cat":[345],"product_tag":[],"class_list":{"0":"post-17337","1":"product","2":"type-product","3":"status-publish","4":"has-post-thumbnail","6":"product_brand-propesko","7":"product_cat-kapszulak","9":"first","10":"instock","11":"taxable","12":"shipping-taxable","13":"purchasable","14":"product-type-simple"},"_links":{"self":[{"href":"https:\/\/perfettohome.sk\/hu\/wp-json\/wp\/v2\/product\/17337","targetHints":{"allow":["GET"]}}],"collection":[{"href":"https:\/\/perfettohome.sk\/hu\/wp-json\/wp\/v2\/product"}],"about":[{"href":"https:\/\/perfettohome.sk\/hu\/wp-json\/wp\/v2\/types\/product"}],"wp:featuredmedia":[{"embeddable":true,"href":"https:\/\/perfettohome.sk\/hu\/wp-json\/wp\/v2\/media\/17339"}],"wp:attachment":[{"href":"https:\/\/perfettohome.sk\/hu\/wp-json\/wp\/v2\/media?parent=17337"}],"wp:term":[{"taxonomy":"product_brand","embeddable":true,"href":"https:\/\/perfettohome.sk\/hu\/wp-json\/wp\/v2\/product_brand?post=17337"},{"taxonomy":"product_cat","embeddable":true,"href":"https:\/\/perfettohome.sk\/hu\/wp-json\/wp\/v2\/product_cat?post=17337"},{"taxonomy":"product_tag","embeddable":true,"href":"https:\/\/perfettohome.sk\/hu\/wp-json\/wp\/v2\/product_tag?post=17337"}],"curies":[{"name":"wp","href":"https:\/\/api.w.org\/{rel}","templated":true}]}}