{"id":17338,"date":"2025-09-29T13:08:40","date_gmt":"2025-09-29T11:08:40","guid":{"rendered":"https:\/\/perfettohome.sk\/produkt\/prevital-kapszula-macskaknak-mega-box-csirke-barany-lazac-40x100g\/"},"modified":"2025-12-14T20:27:31","modified_gmt":"2025-12-14T19:27:31","slug":"prevital-kapszula-macskaknak-mega-box-csirke-barany-lazac-40x100g","status":"publish","type":"product","link":"https:\/\/perfettohome.sk\/hu\/produkt\/prevital-kapszula-macskaknak-mega-box-csirke-barany-lazac-40x100g\/","title":{"rendered":"PreVital tasak macsk\u00e1knak MEGA BOX csirke-b\u00e1r\u00e1ny-lazac 40x100g"},"content":{"rendered":"<p>Teljes \u00e9rt\u00e9k\u0171 nedves eledel feln\u0151tt macsk\u00e1knak csirke-, borj\u00fa- \u00e9s lazach\u00fas kombin\u00e1ci\u00f3j\u00e1val. A kapszul\u00e1k kiegyens\u00falyozott t\u00e1panyagkombin\u00e1ci\u00f3t tartalmaznak az eg\u00e9szs\u00e9g, a vitalit\u00e1s \u00e9s a f\u00e9nyes sz\u0151rzet el\u0151seg\u00edt\u00e9se \u00e9rdek\u00e9ben. Ide\u00e1lis napi etet\u00e9sre \u00e9s praktikus nagy kiszerel\u00e9sben t\u00f6bb macsk\u00e1s h\u00e1ztart\u00e1sok sz\u00e1m\u00e1ra.  <\/p>\n<p>Csomagol\u00e1s: 40 \u00d7 100 g<\/p>\n<p>\u00cdzes\u00edt\u00e9s: csirke, borj\u00fah\u00fas, lazac, m\u00e1j<\/p>\n<p>C\u00e9l: feln\u0151tt macsk\u00e1k<\/p>\n<p>Felhaszn\u00e1l\u00e1s: Sz\u00fcks\u00e9g szerint k\u00f6zvetlen\u00fcl vagy sz\u00e1razt\u00e1ppal keverve etesse. Biztos\u00edtson \u00e1lland\u00f3 hozz\u00e1f\u00e9r\u00e9st friss iv\u00f3v\u00edzhez. A tasak felbont\u00e1sa ut\u00e1n 24 \u00f3r\u00e1n bel\u00fcl fogyassza el.<\/p>\n","protected":false},"excerpt":{"rendered":"<p>Teljes \u00e9rt\u00e9k\u0171 nedves eledel feln\u0151tt macsk\u00e1knak csirke-, borj\u00fa- \u00e9s lazach\u00fas kombin\u00e1ci\u00f3j\u00e1val. A kapszul\u00e1k kiegyens\u00falyozott t\u00e1panyagkombin\u00e1ci\u00f3t tartalmaznak az eg\u00e9szs\u00e9g, a vitalit\u00e1s \u00e9s a f\u00e9nyes sz\u0151rzet el\u0151seg\u00edt\u00e9se \u00e9rdek\u00e9ben. Ide\u00e1lis napi etet\u00e9sre \u00e9s praktikus nagy kiszerel\u00e9sben t\u00f6bb macsk\u00e1s h\u00e1ztart\u00e1sok sz\u00e1m\u00e1ra. Csomagol\u00e1s: 40 \u00d7 100 g \u00cdzes\u00edt\u00e9s: csirke, borj\u00fah\u00fas, lazac, m\u00e1j C\u00e9l: feln\u0151tt macsk\u00e1k Felhaszn\u00e1l\u00e1s: Sz\u00fcks\u00e9g szerint k\u00f6zvetlen\u00fcl vagy [&hellip;]<\/p>\n","protected":false},"featured_media":0,"template":"","meta":[],"product_brand":[262],"product_cat":[345],"product_tag":[],"class_list":{"0":"post-17338","1":"product","2":"type-product","3":"status-publish","5":"product_brand-prevital","6":"product_cat-kapszulak","8":"first","9":"instock","10":"taxable","11":"shipping-taxable","12":"purchasable","13":"product-type-simple"},"_links":{"self":[{"href":"https:\/\/perfettohome.sk\/hu\/wp-json\/wp\/v2\/product\/17338","targetHints":{"allow":["GET"]}}],"collection":[{"href":"https:\/\/perfettohome.sk\/hu\/wp-json\/wp\/v2\/product"}],"about":[{"href":"https:\/\/perfettohome.sk\/hu\/wp-json\/wp\/v2\/types\/product"}],"wp:attachment":[{"href":"https:\/\/perfettohome.sk\/hu\/wp-json\/wp\/v2\/media?parent=17338"}],"wp:term":[{"taxonomy":"product_brand","embeddable":true,"href":"https:\/\/perfettohome.sk\/hu\/wp-json\/wp\/v2\/product_brand?post=17338"},{"taxonomy":"product_cat","embeddable":true,"href":"https:\/\/perfettohome.sk\/hu\/wp-json\/wp\/v2\/product_cat?post=17338"},{"taxonomy":"product_tag","embeddable":true,"href":"https:\/\/perfettohome.sk\/hu\/wp-json\/wp\/v2\/product_tag?post=17338"}],"curies":[{"name":"wp","href":"https:\/\/api.w.org\/{rel}","templated":true}]}}