{"id":17369,"date":"2025-09-29T12:53:45","date_gmt":"2025-09-29T10:53:45","guid":{"rendered":"https:\/\/perfettohome.sk\/produkt\/prevital-marhahus-konzerv-macskaknak-415g\/"},"modified":"2025-09-29T12:53:45","modified_gmt":"2025-09-29T10:53:45","slug":"prevital-marhahus-konzerv-macskaknak-415g","status":"publish","type":"product","link":"https:\/\/perfettohome.sk\/hu\/produkt\/prevital-marhahus-konzerv-macskaknak-415g\/","title":{"rendered":"PreVital marhah\u00fas konzerv macsk\u00e1knak 415g"},"content":{"rendered":"<p>Teljes \u00e9rt\u00e9k\u0171 nedves eledel feln\u0151tt macsk\u00e1knak marhah\u00fas \u00edzes\u00edt\u00e9ssel. A konzerv eledel kiegyens\u00falyozott t\u00e1panyagkombin\u00e1ci\u00f3t tartalmaz az eg\u00e9szs\u00e9g, a vitalit\u00e1s \u00e9s a f\u00e9nyes sz\u0151rzet el\u0151seg\u00edt\u00e9se \u00e9rdek\u00e9ben. Napi etet\u00e9sre alkalmas.  <\/p>\n<p>Csomag s\u00falya: 415 g<\/p>\n<p>\u00cdzes\u00edt\u00e9s: marhah\u00fas<\/p>\n<p>C\u00e9l: feln\u0151tt macsk\u00e1k<\/p>\n<p>Felhaszn\u00e1l\u00e1s: Sz\u00fcks\u00e9g szerint k\u00f6zvetlen\u00fcl vagy sz\u00e1razt\u00e1ppal keverve etesse. Biztos\u00edtson \u00e1lland\u00f3 hozz\u00e1f\u00e9r\u00e9st friss iv\u00f3v\u00edzhez. Felbont\u00e1s ut\u00e1n h\u0171t\u0151szekr\u00e9nyben t\u00e1rolja, \u00e9s 24 \u00f3r\u00e1n bel\u00fcl fogyassza el.<\/p>\n","protected":false},"excerpt":{"rendered":"<p>Teljes \u00e9rt\u00e9k\u0171 nedves eledel feln\u0151tt macsk\u00e1knak marhah\u00fas \u00edzes\u00edt\u00e9ssel. A konzerv eledel kiegyens\u00falyozott t\u00e1panyagkombin\u00e1ci\u00f3t tartalmaz az eg\u00e9szs\u00e9g, a vitalit\u00e1s \u00e9s a f\u00e9nyes sz\u0151rzet el\u0151seg\u00edt\u00e9se \u00e9rdek\u00e9ben. Napi etet\u00e9sre alkalmas. Csomag s\u00falya: 415 g \u00cdzes\u00edt\u00e9s: marhah\u00fas C\u00e9l: feln\u0151tt macsk\u00e1k Felhaszn\u00e1l\u00e1s: Sz\u00fcks\u00e9g szerint k\u00f6zvetlen\u00fcl vagy sz\u00e1razt\u00e1ppal keverve etesse. Biztos\u00edtson \u00e1lland\u00f3 hozz\u00e1f\u00e9r\u00e9st friss iv\u00f3v\u00edzhez. Felbont\u00e1s ut\u00e1n h\u0171t\u0151szekr\u00e9nyben t\u00e1rolja, \u00e9s 24 [&hellip;]<\/p>\n","protected":false},"featured_media":17371,"template":"","meta":[],"product_brand":[262],"product_cat":[338],"product_tag":[],"class_list":{"0":"post-17369","1":"product","2":"type-product","3":"status-publish","4":"has-post-thumbnail","6":"product_brand-prevital","7":"product_cat-konzervek","9":"first","10":"instock","11":"taxable","12":"shipping-taxable","13":"purchasable","14":"product-type-simple"},"_links":{"self":[{"href":"https:\/\/perfettohome.sk\/hu\/wp-json\/wp\/v2\/product\/17369","targetHints":{"allow":["GET"]}}],"collection":[{"href":"https:\/\/perfettohome.sk\/hu\/wp-json\/wp\/v2\/product"}],"about":[{"href":"https:\/\/perfettohome.sk\/hu\/wp-json\/wp\/v2\/types\/product"}],"wp:featuredmedia":[{"embeddable":true,"href":"https:\/\/perfettohome.sk\/hu\/wp-json\/wp\/v2\/media\/17371"}],"wp:attachment":[{"href":"https:\/\/perfettohome.sk\/hu\/wp-json\/wp\/v2\/media?parent=17369"}],"wp:term":[{"taxonomy":"product_brand","embeddable":true,"href":"https:\/\/perfettohome.sk\/hu\/wp-json\/wp\/v2\/product_brand?post=17369"},{"taxonomy":"product_cat","embeddable":true,"href":"https:\/\/perfettohome.sk\/hu\/wp-json\/wp\/v2\/product_cat?post=17369"},{"taxonomy":"product_tag","embeddable":true,"href":"https:\/\/perfettohome.sk\/hu\/wp-json\/wp\/v2\/product_tag?post=17369"}],"curies":[{"name":"wp","href":"https:\/\/api.w.org\/{rel}","templated":true}]}}