{"id":17397,"date":"2025-10-16T11:53:38","date_gmt":"2025-10-16T09:53:38","guid":{"rendered":"https:\/\/perfettohome.sk\/produkt\/inka-180g-instant-koffeinmentes-kave-ital\/"},"modified":"2025-10-16T11:53:38","modified_gmt":"2025-10-16T09:53:38","slug":"inka-180g-instant-koffeinmentes-kave-ital","status":"publish","type":"product","link":"https:\/\/perfettohome.sk\/hu\/produkt\/inka-180g-instant-koffeinmentes-kave-ital\/","title":{"rendered":"INKA 180g instant koffeinmentes k\u00e1v\u00e9 ital"},"content":{"rendered":"<p>Term\u00e9szetes \u00e9s finom koffeinmentes k\u00e1v\u00e9alternat\u00edva! Az INKA instant k\u00e1v\u00e9 a p\u00f6rk\u00f6lt gabonaf\u00e9l\u00e9k teljes \u00edz\u00e9t k\u00edn\u00e1lja, enyh\u00e9n \u00e9desk\u00e9s be\u00fct\u00e9ssel, ide\u00e1lis a mindennapi fogyaszt\u00e1shoz, a koffeint\u0151l val\u00f3 f\u00e9lelem n\u00e9lk\u00fcl. Gyorsan elk\u00e9sz\u00edthet\u0151, otthoni \u00e9s irodai haszn\u00e1latra egyar\u00e1nt alkalmas &#8211; csak oldja fel forr\u00f3 v\u00edzben vagy tejben, \u00e9s \u00e9lvezze a kr\u00e9mes \u00edzt.  <\/p>\n<p>S\u00faly: 180 g<br \/>\nCsomagol\u00e1s: 18 db\/karton<br \/>\nT\u00edpus: instant koffeinmentes k\u00e1v\u00e9<br \/>\nTulajdons\u00e1gok: gyors elk\u00e9sz\u00edt\u00e9s, enyhe gabona\u00edz, koffeinmentes<br \/>\nAlkalmas: h\u00e1ztart\u00e1sok, irod\u00e1k, koffeinmentes k\u00e1v\u00e9 kedvel\u0151i sz\u00e1m\u00e1ra.<\/p>\n","protected":false},"excerpt":{"rendered":"<p>Term\u00e9szetes \u00e9s finom koffeinmentes k\u00e1v\u00e9alternat\u00edva! Az INKA instant k\u00e1v\u00e9 a p\u00f6rk\u00f6lt gabonaf\u00e9l\u00e9k teljes \u00edz\u00e9t k\u00edn\u00e1lja, enyh\u00e9n \u00e9desk\u00e9s be\u00fct\u00e9ssel, ide\u00e1lis a mindennapi fogyaszt\u00e1shoz, a koffeint\u0151l val\u00f3 f\u00e9lelem n\u00e9lk\u00fcl. Gyorsan elk\u00e9sz\u00edthet\u0151, otthoni \u00e9s irodai haszn\u00e1latra egyar\u00e1nt alkalmas &#8211; csak oldja fel forr\u00f3 v\u00edzben vagy tejben, \u00e9s \u00e9lvezze a kr\u00e9mes \u00edzt. S\u00faly: 180 g Csomagol\u00e1s: 18 db\/karton T\u00edpus: [&hellip;]<\/p>\n","protected":false},"featured_media":14668,"template":"","meta":[],"product_brand":[],"product_cat":[344],"product_tag":[],"class_list":{"0":"post-17397","1":"product","2":"type-product","3":"status-publish","4":"has-post-thumbnail","6":"product_cat-cukraszati-termekek","8":"first","9":"instock","10":"taxable","11":"shipping-taxable","12":"purchasable","13":"product-type-simple"},"_links":{"self":[{"href":"https:\/\/perfettohome.sk\/hu\/wp-json\/wp\/v2\/product\/17397","targetHints":{"allow":["GET"]}}],"collection":[{"href":"https:\/\/perfettohome.sk\/hu\/wp-json\/wp\/v2\/product"}],"about":[{"href":"https:\/\/perfettohome.sk\/hu\/wp-json\/wp\/v2\/types\/product"}],"wp:featuredmedia":[{"embeddable":true,"href":"https:\/\/perfettohome.sk\/hu\/wp-json\/wp\/v2\/media\/14668"}],"wp:attachment":[{"href":"https:\/\/perfettohome.sk\/hu\/wp-json\/wp\/v2\/media?parent=17397"}],"wp:term":[{"taxonomy":"product_brand","embeddable":true,"href":"https:\/\/perfettohome.sk\/hu\/wp-json\/wp\/v2\/product_brand?post=17397"},{"taxonomy":"product_cat","embeddable":true,"href":"https:\/\/perfettohome.sk\/hu\/wp-json\/wp\/v2\/product_cat?post=17397"},{"taxonomy":"product_tag","embeddable":true,"href":"https:\/\/perfettohome.sk\/hu\/wp-json\/wp\/v2\/product_tag?post=17397"}],"curies":[{"name":"wp","href":"https:\/\/api.w.org\/{rel}","templated":true}]}}