{"id":17398,"date":"2025-10-16T12:08:40","date_gmt":"2025-10-16T10:08:40","guid":{"rendered":"https:\/\/perfettohome.sk\/produkt\/coffee-amo-csokolade-cukorka-kave-100g\/"},"modified":"2025-10-16T12:08:40","modified_gmt":"2025-10-16T10:08:40","slug":"coffee-amo-csokolade-cukorka-kave-100g","status":"publish","type":"product","link":"https:\/\/perfettohome.sk\/hu\/produkt\/coffee-amo-csokolade-cukorka-kave-100g\/","title":{"rendered":"COFFEE AMO &#8211; csokol\u00e1d\u00e9 cukorka k\u00e1v\u00e9 100g"},"content":{"rendered":"<p>\u00c9des k\u00e1v\u00e9\u00edz eleg\u00e1ns csomagol\u00e1sban! A COFFEE AMO csokol\u00e1d\u00e9cukork\u00e1k a finom csokol\u00e1d\u00e9t \u00e9s a jellegzetes k\u00e1v\u00e9arom\u00e1t \u00f6tv\u00f6zik, ide\u00e1lisak a k\u00e1v\u00e9val f\u0171szerezett \u00e9des \u00e9lvezetek kedvel\u0151inek. Nagyszer\u0171 kis csemegek\u00e9nt napk\u00f6zben vagy \u00e9tkez\u00e9sek \u00e9s \u00fcnneps\u00e9gek kieg\u00e9sz\u00edt\u0151jek\u00e9nt.  <\/p>\n<p>S\u00faly: 100 g<br \/>\nCsomagol\u00e1s: 20 db\/karton<br \/>\nT\u00edpus: csokol\u00e1d\u00e9 cukorka k\u00e1v\u00e9 \u00edzes\u00edt\u00e9ssel<br \/>\nJellemz\u0151k: \u00e9des, k\u00e1v\u00e9 \u00edzes\u00edt\u00e9s, eleg\u00e1ns csomagol\u00e1s<br \/>\nAlkalmas: otthon, irod\u00e1ban, k\u00e1v\u00e9 szerelmeseinek, \u00fcnneps\u00e9gekre.<\/p>\n","protected":false},"excerpt":{"rendered":"<p>\u00c9des k\u00e1v\u00e9\u00edz eleg\u00e1ns csomagol\u00e1sban! A COFFEE AMO csokol\u00e1d\u00e9cukork\u00e1k a finom csokol\u00e1d\u00e9t \u00e9s a jellegzetes k\u00e1v\u00e9arom\u00e1t \u00f6tv\u00f6zik, ide\u00e1lisak a k\u00e1v\u00e9val f\u0171szerezett \u00e9des \u00e9lvezetek kedvel\u0151inek. Nagyszer\u0171 kis csemegek\u00e9nt napk\u00f6zben vagy \u00e9tkez\u00e9sek \u00e9s \u00fcnneps\u00e9gek kieg\u00e9sz\u00edt\u0151jek\u00e9nt. S\u00faly: 100 g Csomagol\u00e1s: 20 db\/karton T\u00edpus: csokol\u00e1d\u00e9 cukorka k\u00e1v\u00e9 \u00edzes\u00edt\u00e9ssel Jellemz\u0151k: \u00e9des, k\u00e1v\u00e9 \u00edzes\u00edt\u00e9s, eleg\u00e1ns csomagol\u00e1s Alkalmas: otthon, irod\u00e1ban, k\u00e1v\u00e9 szerelmeseinek, \u00fcnneps\u00e9gekre.<\/p>\n","protected":false},"featured_media":14617,"template":"","meta":[],"product_brand":[],"product_cat":[344],"product_tag":[],"class_list":{"0":"post-17398","1":"product","2":"type-product","3":"status-publish","4":"has-post-thumbnail","6":"product_cat-cukraszati-termekek","8":"first","9":"instock","10":"taxable","11":"shipping-taxable","12":"purchasable","13":"product-type-simple"},"_links":{"self":[{"href":"https:\/\/perfettohome.sk\/hu\/wp-json\/wp\/v2\/product\/17398","targetHints":{"allow":["GET"]}}],"collection":[{"href":"https:\/\/perfettohome.sk\/hu\/wp-json\/wp\/v2\/product"}],"about":[{"href":"https:\/\/perfettohome.sk\/hu\/wp-json\/wp\/v2\/types\/product"}],"wp:featuredmedia":[{"embeddable":true,"href":"https:\/\/perfettohome.sk\/hu\/wp-json\/wp\/v2\/media\/14617"}],"wp:attachment":[{"href":"https:\/\/perfettohome.sk\/hu\/wp-json\/wp\/v2\/media?parent=17398"}],"wp:term":[{"taxonomy":"product_brand","embeddable":true,"href":"https:\/\/perfettohome.sk\/hu\/wp-json\/wp\/v2\/product_brand?post=17398"},{"taxonomy":"product_cat","embeddable":true,"href":"https:\/\/perfettohome.sk\/hu\/wp-json\/wp\/v2\/product_cat?post=17398"},{"taxonomy":"product_tag","embeddable":true,"href":"https:\/\/perfettohome.sk\/hu\/wp-json\/wp\/v2\/product_tag?post=17398"}],"curies":[{"name":"wp","href":"https:\/\/api.w.org\/{rel}","templated":true}]}}