{"id":17401,"date":"2025-10-16T11:38:39","date_gmt":"2025-10-16T09:38:39","guid":{"rendered":"https:\/\/perfettohome.sk\/produkt\/exkluziv-kollekcio-240g\/"},"modified":"2025-12-14T22:10:47","modified_gmt":"2025-12-14T21:10:47","slug":"exkluziv-kollekcio-240g","status":"publish","type":"product","link":"https:\/\/perfettohome.sk\/hu\/produkt\/exkluziv-kollekcio-240g\/","title":{"rendered":"EXKLUZ\u00cdV Collection 240g"},"content":{"rendered":"<p>Pr\u00e9mium min\u0151s\u00e9g\u0171 kis csokol\u00e1d\u00e9falatok v\u00e1laszt\u00e9ka igazi \u00ednyenceknek! Az Exclusive Collection 48 eleg\u00e1ns csokol\u00e1d\u00e9kock\u00e1t tartalmaz, amelyek \u00ednycsikland\u00f3 \u00edz\u00e9vel a min\u0151s\u00e9gi csokol\u00e1d\u00e9 minden kedvel\u0151j\u00e9t elk\u00e1pr\u00e1ztatja. Ide\u00e1lis aj\u00e1nd\u00e9knak, k\u00e1v\u00e9falatnak vagy \u00e9des csemeg\u00e9nek a vend\u00e9gek sz\u00e1m\u00e1ra. Az \u00edzl\u00e9ses csomagol\u00e1s luxus jelleget k\u00f6lcs\u00f6n\u00f6z a term\u00e9knek.   <\/p>\n<p>S\u00faly: 240 g<br \/>\nTartalom: 48 db x 5 g-os csokol\u00e1d\u00e9kocka<br \/>\nCsomagol\u00e1s: 11 db\/ karton<br \/>\nJellemz\u0151k: finom csokol\u00e1d\u00e9 \u00edz, eleg\u00e1ns design, aj\u00e1nd\u00e9knak is alkalmas<br \/>\nAlkalmas: otthonokba, irod\u00e1kba, sz\u00e1llod\u00e1kba, k\u00e1v\u00e9z\u00f3kba.<\/p>\n","protected":false},"excerpt":{"rendered":"<p>Pr\u00e9mium min\u0151s\u00e9g\u0171 kis csokol\u00e1d\u00e9falatok v\u00e1laszt\u00e9ka igazi \u00ednyenceknek! Az Exclusive Collection 48 eleg\u00e1ns csokol\u00e1d\u00e9kock\u00e1t tartalmaz, amelyek \u00ednycsikland\u00f3 \u00edz\u00e9vel a min\u0151s\u00e9gi csokol\u00e1d\u00e9 minden kedvel\u0151j\u00e9t elk\u00e1pr\u00e1ztatja. Ide\u00e1lis aj\u00e1nd\u00e9knak, k\u00e1v\u00e9falatnak vagy \u00e9des csemeg\u00e9nek a vend\u00e9gek sz\u00e1m\u00e1ra. Az \u00edzl\u00e9ses csomagol\u00e1s luxus jelleget k\u00f6lcs\u00f6n\u00f6z a term\u00e9knek. S\u00faly: 240 g Tartalom: 48 db x 5 g-os csokol\u00e1d\u00e9kocka Csomagol\u00e1s: 11 db\/ karton Jellemz\u0151k: [&hellip;]<\/p>\n","protected":false},"featured_media":14647,"template":"","meta":[],"product_brand":[],"product_cat":[344],"product_tag":[],"class_list":{"0":"post-17401","1":"product","2":"type-product","3":"status-publish","4":"has-post-thumbnail","6":"product_cat-cukraszati-termekek","8":"first","9":"instock","10":"taxable","11":"shipping-taxable","12":"purchasable","13":"product-type-simple"},"_links":{"self":[{"href":"https:\/\/perfettohome.sk\/hu\/wp-json\/wp\/v2\/product\/17401","targetHints":{"allow":["GET"]}}],"collection":[{"href":"https:\/\/perfettohome.sk\/hu\/wp-json\/wp\/v2\/product"}],"about":[{"href":"https:\/\/perfettohome.sk\/hu\/wp-json\/wp\/v2\/types\/product"}],"wp:featuredmedia":[{"embeddable":true,"href":"https:\/\/perfettohome.sk\/hu\/wp-json\/wp\/v2\/media\/14647"}],"wp:attachment":[{"href":"https:\/\/perfettohome.sk\/hu\/wp-json\/wp\/v2\/media?parent=17401"}],"wp:term":[{"taxonomy":"product_brand","embeddable":true,"href":"https:\/\/perfettohome.sk\/hu\/wp-json\/wp\/v2\/product_brand?post=17401"},{"taxonomy":"product_cat","embeddable":true,"href":"https:\/\/perfettohome.sk\/hu\/wp-json\/wp\/v2\/product_cat?post=17401"},{"taxonomy":"product_tag","embeddable":true,"href":"https:\/\/perfettohome.sk\/hu\/wp-json\/wp\/v2\/product_tag?post=17401"}],"curies":[{"name":"wp","href":"https:\/\/api.w.org\/{rel}","templated":true}]}}