{"id":17404,"date":"2025-10-16T11:53:37","date_gmt":"2025-10-16T09:53:37","guid":{"rendered":"https:\/\/perfettohome.sk\/produkt\/moritz-170g-kornut-jeges-kakaos-finomsag\/"},"modified":"2025-10-16T11:53:37","modified_gmt":"2025-10-16T09:53:37","slug":"moritz-170g-kornut-jeges-kakaos-finomsag","status":"publish","type":"product","link":"https:\/\/perfettohome.sk\/hu\/produkt\/moritz-170g-kornut-jeges-kakaos-finomsag\/","title":{"rendered":"MORITZ 170g KORN\u00daT jeges kaka\u00f3s finoms\u00e1g"},"content":{"rendered":"<p>\u00c9des \u00e9lvezet eredeti csomagol\u00e1sban! A Moritz kaka\u00f3s csemegek\u00fap sz\u00ednes f\u00f3li\u00e1ba csomagolt finom kaka\u00f3s csokol\u00e1d\u00e9 apr\u00f3 kock\u00e1it rejti. A k\u00fap alak\u00fa csomagol\u00e1s j\u00e1t\u00e9kos \u00e9s nosztalgikus megjelen\u00e9s\u0171 &#8211; ide\u00e1lis aj\u00e1nd\u00e9knak, figyelemfelkelt\u00e9snek vagy \u00e9des csemeg\u00e9nek gyermekek \u00e9s feln\u0151ttek sz\u00e1m\u00e1ra egyar\u00e1nt.  <\/p>\n<p>S\u00faly: 170 g<br \/>\nCsomagol\u00e1s: 25 db\/karton<br \/>\nT\u00edpus: kaka\u00f3s csokol\u00e1d\u00e9 aj\u00e1nd\u00e9k t\u00f6lcs\u00e9rben<br \/>\nJellemz\u0151k: finom kaka\u00f3 \u00edz, sz\u00ednes csomagol\u00e1s, praktikus \u00e9s dekorat\u00edv design<br \/>\nAlkalmas: h\u00e1ztart\u00e1sok, aj\u00e1nd\u00e9kcsomagok, \u00e9dess\u00e9gboltok.<\/p>\n","protected":false},"excerpt":{"rendered":"<p>\u00c9des \u00e9lvezet eredeti csomagol\u00e1sban! A Moritz kaka\u00f3s csemegek\u00fap sz\u00ednes f\u00f3li\u00e1ba csomagolt finom kaka\u00f3s csokol\u00e1d\u00e9 apr\u00f3 kock\u00e1it rejti. A k\u00fap alak\u00fa csomagol\u00e1s j\u00e1t\u00e9kos \u00e9s nosztalgikus megjelen\u00e9s\u0171 &#8211; ide\u00e1lis aj\u00e1nd\u00e9knak, figyelemfelkelt\u00e9snek vagy \u00e9des csemeg\u00e9nek gyermekek \u00e9s feln\u0151ttek sz\u00e1m\u00e1ra egyar\u00e1nt. S\u00faly: 170 g Csomagol\u00e1s: 25 db\/karton T\u00edpus: kaka\u00f3s csokol\u00e1d\u00e9 aj\u00e1nd\u00e9k t\u00f6lcs\u00e9rben Jellemz\u0151k: finom kaka\u00f3 \u00edz, sz\u00ednes csomagol\u00e1s, praktikus [&hellip;]<\/p>\n","protected":false},"featured_media":14713,"template":"","meta":[],"product_brand":[],"product_cat":[344],"product_tag":[],"class_list":{"0":"post-17404","1":"product","2":"type-product","3":"status-publish","4":"has-post-thumbnail","6":"product_cat-cukraszati-termekek","8":"first","9":"instock","10":"taxable","11":"shipping-taxable","12":"purchasable","13":"product-type-simple"},"_links":{"self":[{"href":"https:\/\/perfettohome.sk\/hu\/wp-json\/wp\/v2\/product\/17404","targetHints":{"allow":["GET"]}}],"collection":[{"href":"https:\/\/perfettohome.sk\/hu\/wp-json\/wp\/v2\/product"}],"about":[{"href":"https:\/\/perfettohome.sk\/hu\/wp-json\/wp\/v2\/types\/product"}],"wp:featuredmedia":[{"embeddable":true,"href":"https:\/\/perfettohome.sk\/hu\/wp-json\/wp\/v2\/media\/14713"}],"wp:attachment":[{"href":"https:\/\/perfettohome.sk\/hu\/wp-json\/wp\/v2\/media?parent=17404"}],"wp:term":[{"taxonomy":"product_brand","embeddable":true,"href":"https:\/\/perfettohome.sk\/hu\/wp-json\/wp\/v2\/product_brand?post=17404"},{"taxonomy":"product_cat","embeddable":true,"href":"https:\/\/perfettohome.sk\/hu\/wp-json\/wp\/v2\/product_cat?post=17404"},{"taxonomy":"product_tag","embeddable":true,"href":"https:\/\/perfettohome.sk\/hu\/wp-json\/wp\/v2\/product_tag?post=17404"}],"curies":[{"name":"wp","href":"https:\/\/api.w.org\/{rel}","templated":true}]}}