{"id":17410,"date":"2025-10-09T15:08:43","date_gmt":"2025-10-09T13:08:43","guid":{"rendered":"https:\/\/perfettohome.sk\/produkt\/perfetto-tisztitoszer-lemon-5l\/"},"modified":"2025-12-14T22:01:54","modified_gmt":"2025-12-14T21:01:54","slug":"perfetto-tisztitoszer-lemon-5l","status":"publish","type":"product","link":"https:\/\/perfettohome.sk\/hu\/produkt\/perfetto-tisztitoszer-lemon-5l\/","title":{"rendered":"Perfetto k\u00e9zi mosogat\u00f3szer Lemon 5L"},"content":{"rendered":"<p>Hat\u00e9kony tiszt\u00edt\u00e1s a citrom friss\u00edt\u0151 illat\u00e1val! A Perfetto citromos tiszt\u00edt\u00f3szer hat\u00e9konyan t\u00e1vol\u00edtja el a szennyez\u0151d\u00e9seket, zs\u00edrokat \u00e9s lerak\u00f3d\u00e1sokat a legk\u00fcl\u00f6nb\u00f6z\u0151bb fel\u00fcletekr\u0151l, kellemes, friss citrom illatot hagyva maga ut\u00e1n. A koncentr\u00e1lt formula gazdas\u00e1gos haszn\u00e1latot tesz lehet\u0151v\u00e9, \u00e9s alkalmas a mindennapi h\u00e1ztart\u00e1si tiszt\u00edt\u00e1shoz.  <\/p>\n<p>T\u00e9rfogat: 5 L<br \/>\nIllat: friss citrom<br \/>\nFelhaszn\u00e1l\u00e1s: konyhai, f\u00fcrd\u0151szobai \u00e9s egy\u00e9b moshat\u00f3 fel\u00fcletekhez<br \/>\nTulajdons\u00e1gok: hat\u00e9konyan tiszt\u00edt, zs\u00edrtalan\u00edt, friss illatot hagy maga ut\u00e1n.<\/p>\n","protected":false},"excerpt":{"rendered":"<p>Hat\u00e9kony tiszt\u00edt\u00e1s a citrom friss\u00edt\u0151 illat\u00e1val! A Perfetto citromos tiszt\u00edt\u00f3szer hat\u00e9konyan t\u00e1vol\u00edtja el a szennyez\u0151d\u00e9seket, zs\u00edrokat \u00e9s lerak\u00f3d\u00e1sokat a legk\u00fcl\u00f6nb\u00f6z\u0151bb fel\u00fcletekr\u0151l, kellemes, friss citrom illatot hagyva maga ut\u00e1n. A koncentr\u00e1lt formula gazdas\u00e1gos haszn\u00e1latot tesz lehet\u0151v\u00e9, \u00e9s alkalmas a mindennapi h\u00e1ztart\u00e1si tiszt\u00edt\u00e1shoz. T\u00e9rfogat: 5 L Illat: friss citrom Felhaszn\u00e1l\u00e1s: konyhai, f\u00fcrd\u0151szobai \u00e9s egy\u00e9b moshat\u00f3 fel\u00fcletekhez Tulajdons\u00e1gok: [&hellip;]<\/p>\n","protected":false},"featured_media":17412,"template":"","meta":[],"product_brand":[39],"product_cat":[310],"product_tag":[],"class_list":{"0":"post-17410","1":"product","2":"type-product","3":"status-publish","4":"has-post-thumbnail","6":"product_brand-perfetto","7":"product_cat-mosogatogepek","9":"first","10":"instock","11":"taxable","12":"shipping-taxable","13":"purchasable","14":"product-type-simple"},"_links":{"self":[{"href":"https:\/\/perfettohome.sk\/hu\/wp-json\/wp\/v2\/product\/17410","targetHints":{"allow":["GET"]}}],"collection":[{"href":"https:\/\/perfettohome.sk\/hu\/wp-json\/wp\/v2\/product"}],"about":[{"href":"https:\/\/perfettohome.sk\/hu\/wp-json\/wp\/v2\/types\/product"}],"wp:featuredmedia":[{"embeddable":true,"href":"https:\/\/perfettohome.sk\/hu\/wp-json\/wp\/v2\/media\/17412"}],"wp:attachment":[{"href":"https:\/\/perfettohome.sk\/hu\/wp-json\/wp\/v2\/media?parent=17410"}],"wp:term":[{"taxonomy":"product_brand","embeddable":true,"href":"https:\/\/perfettohome.sk\/hu\/wp-json\/wp\/v2\/product_brand?post=17410"},{"taxonomy":"product_cat","embeddable":true,"href":"https:\/\/perfettohome.sk\/hu\/wp-json\/wp\/v2\/product_cat?post=17410"},{"taxonomy":"product_tag","embeddable":true,"href":"https:\/\/perfettohome.sk\/hu\/wp-json\/wp\/v2\/product_tag?post=17410"}],"curies":[{"name":"wp","href":"https:\/\/api.w.org\/{rel}","templated":true}]}}