{"id":17411,"date":"2025-10-07T16:53:43","date_gmt":"2025-10-07T14:53:43","guid":{"rendered":"https:\/\/perfettohome.sk\/produkt\/nivea-ajakapolo-48g-princess-vanilla-cupcake\/"},"modified":"2025-10-07T16:53:43","modified_gmt":"2025-10-07T14:53:43","slug":"nivea-ajakapolo-48g-princess-vanilla-cupcake","status":"publish","type":"product","link":"https:\/\/perfettohome.sk\/hu\/produkt\/nivea-ajakapolo-48g-princess-vanilla-cupcake\/","title":{"rendered":"Nivea ajak\u00e1pol\u00f3 4,8g Princess Vanilla Cupcake"},"content":{"rendered":"<p>K\u00e9nyeztesse ajkait \u00e9des \u00e1pol\u00e1ssal! A Nivea Princess Vanilla Cupcake hidrat\u00e1lja \u00e9s v\u00e9di az ajkakat a kisz\u00e1rad\u00e1st\u00f3l \u00e9s a kicserepesed\u00e9st\u0151l. A finom van\u00edlia illat egy finom s\u00fctem\u00e9nyre eml\u00e9keztet, a kr\u00e9mes text\u00fara pedig k\u00f6nnyen felvihet\u0151, \u00e9s puha, sima \u00e9s finoman illatos ajkakat hagy. Ide\u00e1lis mindennapi haszn\u00e1latra, b\u00e1rhol, b\u00e1rmikor.   <\/p>\n<p>S\u00faly: 4,8 g<br \/>\nIllat: van\u00edlia, \u00e9des s\u00fctem\u00e9ny<br \/>\nAlkalmas: sz\u00e1raz \u00e9s \u00e9rz\u00e9keny ajkakra, napi \u00e1pol\u00e1sra.<\/p>\n","protected":false},"excerpt":{"rendered":"<p>K\u00e9nyeztesse ajkait \u00e9des \u00e1pol\u00e1ssal! A Nivea Princess Vanilla Cupcake hidrat\u00e1lja \u00e9s v\u00e9di az ajkakat a kisz\u00e1rad\u00e1st\u00f3l \u00e9s a kicserepesed\u00e9st\u0151l. A finom van\u00edlia illat egy finom s\u00fctem\u00e9nyre eml\u00e9keztet, a kr\u00e9mes text\u00fara pedig k\u00f6nnyen felvihet\u0151, \u00e9s puha, sima \u00e9s finoman illatos ajkakat hagy. Ide\u00e1lis mindennapi haszn\u00e1latra, b\u00e1rhol, b\u00e1rmikor. S\u00faly: 4,8 g Illat: van\u00edlia, \u00e9des s\u00fctem\u00e9ny Alkalmas: sz\u00e1raz [&hellip;]<\/p>\n","protected":false},"featured_media":17413,"template":"","meta":[],"product_brand":[201],"product_cat":[318],"product_tag":[],"class_list":{"0":"post-17411","1":"product","2":"type-product","3":"status-publish","4":"has-post-thumbnail","6":"product_brand-nivea","7":"product_cat-szemelyi-higienia","9":"first","10":"instock","11":"taxable","12":"shipping-taxable","13":"purchasable","14":"product-type-simple"},"_links":{"self":[{"href":"https:\/\/perfettohome.sk\/hu\/wp-json\/wp\/v2\/product\/17411","targetHints":{"allow":["GET"]}}],"collection":[{"href":"https:\/\/perfettohome.sk\/hu\/wp-json\/wp\/v2\/product"}],"about":[{"href":"https:\/\/perfettohome.sk\/hu\/wp-json\/wp\/v2\/types\/product"}],"wp:featuredmedia":[{"embeddable":true,"href":"https:\/\/perfettohome.sk\/hu\/wp-json\/wp\/v2\/media\/17413"}],"wp:attachment":[{"href":"https:\/\/perfettohome.sk\/hu\/wp-json\/wp\/v2\/media?parent=17411"}],"wp:term":[{"taxonomy":"product_brand","embeddable":true,"href":"https:\/\/perfettohome.sk\/hu\/wp-json\/wp\/v2\/product_brand?post=17411"},{"taxonomy":"product_cat","embeddable":true,"href":"https:\/\/perfettohome.sk\/hu\/wp-json\/wp\/v2\/product_cat?post=17411"},{"taxonomy":"product_tag","embeddable":true,"href":"https:\/\/perfettohome.sk\/hu\/wp-json\/wp\/v2\/product_tag?post=17411"}],"curies":[{"name":"wp","href":"https:\/\/api.w.org\/{rel}","templated":true}]}}