{"id":17423,"date":"2025-10-07T17:09:22","date_gmt":"2025-10-07T15:09:22","guid":{"rendered":"https:\/\/perfettohome.sk\/produkt\/pepo-tomor-ongyujto-260g-40db\/"},"modified":"2025-12-14T21:58:44","modified_gmt":"2025-12-14T20:58:44","slug":"pepo-tomor-ongyujto-260g-40db","status":"publish","type":"product","link":"https:\/\/perfettohome.sk\/hu\/produkt\/pepo-tomor-ongyujto-260g-40db\/","title":{"rendered":"Pepo 260g 40db"},"content":{"rendered":"<p>Gyors \u00e9s biztons\u00e1gos t\u0171zgy\u00fajt\u00e1s! A Pepo szil\u00e1rd t\u0171zgy\u00fajt\u00f3 ide\u00e1lis grillez\u00e9shez, kandall\u00f3khoz \u00e9s kandall\u00f3khoz. Minden egyes t\u0171zgy\u00fajt\u00f3 kocka k\u00f6nnyen \u00e9s egyenletesen \u00e9g, \u00edgy megb\u00edzhat\u00f3an meggy\u00fajtja a parazsat vagy a f\u00e1t, \u00e9s haszn\u00e1lata egyszer\u0171 \u00e9s biztons\u00e1gos. A praktikus csomag 40 darabot tartalmaz, \u00e9s otthoni \u00e9s kerti haszn\u00e1latra egyar\u00e1nt alkalmas.   <\/p>\n<p>S\u00faly: 260 g<br \/>\nDarabsz\u00e1m: 40<br \/>\nAlkalmas: grillez\u00e9shez, kandall\u00f3khoz, kandall\u00f3khoz<br \/>\nJellemz\u0151k: gyors gy\u00fajt\u00e1s, biztons\u00e1gos haszn\u00e1lat, egyenletes \u00e9g\u00e9s.<\/p>\n","protected":false},"excerpt":{"rendered":"<p>Gyors \u00e9s biztons\u00e1gos t\u0171zgy\u00fajt\u00e1s! A Pepo szil\u00e1rd t\u0171zgy\u00fajt\u00f3 ide\u00e1lis grillez\u00e9shez, kandall\u00f3khoz \u00e9s kandall\u00f3khoz. Minden egyes t\u0171zgy\u00fajt\u00f3 kocka k\u00f6nnyen \u00e9s egyenletesen \u00e9g, \u00edgy megb\u00edzhat\u00f3an meggy\u00fajtja a parazsat vagy a f\u00e1t, \u00e9s haszn\u00e1lata egyszer\u0171 \u00e9s biztons\u00e1gos. A praktikus csomag 40 darabot tartalmaz, \u00e9s otthoni \u00e9s kerti haszn\u00e1latra egyar\u00e1nt alkalmas. S\u00faly: 260 g Darabsz\u00e1m: 40 Alkalmas: grillez\u00e9shez, kandall\u00f3khoz, [&hellip;]<\/p>\n","protected":false},"featured_media":0,"template":"","meta":[],"product_brand":[285],"product_cat":[343],"product_tag":[],"class_list":{"0":"post-17423","1":"product","2":"type-product","3":"status-publish","5":"product_brand-pepo","6":"product_cat-segedanyag","8":"first","9":"instock","10":"taxable","11":"shipping-taxable","12":"purchasable","13":"product-type-simple"},"_links":{"self":[{"href":"https:\/\/perfettohome.sk\/hu\/wp-json\/wp\/v2\/product\/17423","targetHints":{"allow":["GET"]}}],"collection":[{"href":"https:\/\/perfettohome.sk\/hu\/wp-json\/wp\/v2\/product"}],"about":[{"href":"https:\/\/perfettohome.sk\/hu\/wp-json\/wp\/v2\/types\/product"}],"wp:attachment":[{"href":"https:\/\/perfettohome.sk\/hu\/wp-json\/wp\/v2\/media?parent=17423"}],"wp:term":[{"taxonomy":"product_brand","embeddable":true,"href":"https:\/\/perfettohome.sk\/hu\/wp-json\/wp\/v2\/product_brand?post=17423"},{"taxonomy":"product_cat","embeddable":true,"href":"https:\/\/perfettohome.sk\/hu\/wp-json\/wp\/v2\/product_cat?post=17423"},{"taxonomy":"product_tag","embeddable":true,"href":"https:\/\/perfettohome.sk\/hu\/wp-json\/wp\/v2\/product_tag?post=17423"}],"curies":[{"name":"wp","href":"https:\/\/api.w.org\/{rel}","templated":true}]}}