{"id":17425,"date":"2025-10-07T16:53:41","date_gmt":"2025-10-07T14:53:41","guid":{"rendered":"https:\/\/perfettohome.sk\/produkt\/colgate-fogkrem-125ml-total-white\/"},"modified":"2025-10-07T16:53:41","modified_gmt":"2025-10-07T14:53:41","slug":"colgate-fogkrem-125ml-total-white","status":"publish","type":"product","link":"https:\/\/perfettohome.sk\/hu\/produkt\/colgate-fogkrem-125ml-total-white\/","title":{"rendered":"Colgate fogkr\u00e9m 125ml Total White"},"content":{"rendered":"<p>A ragyog\u00f3 \u00e9s eg\u00e9szs\u00e9ges mosoly\u00e9rt minden nap! A Colgate Total White hat\u00e9konyan elt\u00e1vol\u00edtja a leped\u00e9ket \u00e9s k\u00edm\u00e9letesen elt\u00e1vol\u00edtja a fel\u00fcleti szennyez\u0151d\u00e9seket, hogy seg\u00edtsen meg\u0151rizni fogai term\u00e9szetes feh\u00e9rs\u00e9g\u00e9t. Emellett v\u00e9delmet ny\u00fajt a szuvasod\u00e1s ellen \u00e9s er\u0151s\u00edti a fogzom\u00e1ncot. Enyhe \u00e9s friss \u00edze tiszta \u00e9s friss \u00e9rzetet hagy a sz\u00e1jban.   <\/p>\n<p>T\u00e9rfogat: 125 ml<br \/>\nHat\u00e1sok: elt\u00e1vol\u00edtja a foltokat, v\u00e9d a szuvasod\u00e1s ellen, er\u0151s\u00edti a zom\u00e1ncot<br \/>\nAlkalmas: napi fog\u00e1pol\u00e1sra \u00e9s eg\u00e9szs\u00e9ges mosolyra.<\/p>\n","protected":false},"excerpt":{"rendered":"<p>A ragyog\u00f3 \u00e9s eg\u00e9szs\u00e9ges mosoly\u00e9rt minden nap! A Colgate Total White hat\u00e9konyan elt\u00e1vol\u00edtja a leped\u00e9ket \u00e9s k\u00edm\u00e9letesen elt\u00e1vol\u00edtja a fel\u00fcleti szennyez\u0151d\u00e9seket, hogy seg\u00edtsen meg\u0151rizni fogai term\u00e9szetes feh\u00e9rs\u00e9g\u00e9t. Emellett v\u00e9delmet ny\u00fajt a szuvasod\u00e1s ellen \u00e9s er\u0151s\u00edti a fogzom\u00e1ncot. Enyhe \u00e9s friss \u00edze tiszta \u00e9s friss \u00e9rzetet hagy a sz\u00e1jban. T\u00e9rfogat: 125 ml Hat\u00e1sok: elt\u00e1vol\u00edtja a foltokat, [&hellip;]<\/p>\n","protected":false},"featured_media":17427,"template":"","meta":[],"product_brand":[190],"product_cat":[335],"product_tag":[],"class_list":{"0":"post-17425","1":"product","2":"type-product","3":"status-publish","4":"has-post-thumbnail","6":"product_brand-colgate","7":"product_cat-foghigienia","9":"first","10":"instock","11":"taxable","12":"shipping-taxable","13":"purchasable","14":"product-type-simple"},"_links":{"self":[{"href":"https:\/\/perfettohome.sk\/hu\/wp-json\/wp\/v2\/product\/17425","targetHints":{"allow":["GET"]}}],"collection":[{"href":"https:\/\/perfettohome.sk\/hu\/wp-json\/wp\/v2\/product"}],"about":[{"href":"https:\/\/perfettohome.sk\/hu\/wp-json\/wp\/v2\/types\/product"}],"wp:featuredmedia":[{"embeddable":true,"href":"https:\/\/perfettohome.sk\/hu\/wp-json\/wp\/v2\/media\/17427"}],"wp:attachment":[{"href":"https:\/\/perfettohome.sk\/hu\/wp-json\/wp\/v2\/media?parent=17425"}],"wp:term":[{"taxonomy":"product_brand","embeddable":true,"href":"https:\/\/perfettohome.sk\/hu\/wp-json\/wp\/v2\/product_brand?post=17425"},{"taxonomy":"product_cat","embeddable":true,"href":"https:\/\/perfettohome.sk\/hu\/wp-json\/wp\/v2\/product_cat?post=17425"},{"taxonomy":"product_tag","embeddable":true,"href":"https:\/\/perfettohome.sk\/hu\/wp-json\/wp\/v2\/product_tag?post=17425"}],"curies":[{"name":"wp","href":"https:\/\/api.w.org\/{rel}","templated":true}]}}