{"id":17426,"date":"2025-10-07T16:53:45","date_gmt":"2025-10-07T14:53:45","guid":{"rendered":"https:\/\/perfettohome.sk\/produkt\/propesko-mistr-snack-kacsa-mini-hamburger-60g\/"},"modified":"2025-10-07T16:53:45","modified_gmt":"2025-10-07T14:53:45","slug":"propesko-mistr-snack-kacsa-mini-hamburger-60g","status":"publish","type":"product","link":"https:\/\/perfettohome.sk\/hu\/produkt\/propesko-mistr-snack-kacsa-mini-hamburger-60g\/","title":{"rendered":"Propesko Mistr Snack &#8211; Kacsa mini hamburger 60g"},"content":{"rendered":"<p>Finom jutalom a n\u00e9gyl\u00e1b\u00fa bar\u00e1todnak! A Propesko Mistr Snack Duck Mini Burgers min\u0151s\u00e9gi kacsah\u00fasb\u00f3l k\u00e9sz\u00fclt, \u00edzletes \u00e9s szaftos jutalomfalat, amely kis \u00e9s k\u00f6zepes m\u00e9ret\u0171 kuty\u00e1k sz\u00e1m\u00e1ra alkalmas. A mini m\u00e9retnek k\u00f6sz\u00f6nhet\u0151en k\u00f6nnyen t\u00e1lalhat\u00f3, \u00e9s kiv\u00e1l\u00f3 jutalomfalat a kik\u00e9pz\u00e9s sor\u00e1n vagy k\u00e9t \u00e9tkez\u00e9s k\u00f6z\u00f6tti jutalomfalatk\u00e9nt.  <\/p>\n<p>S\u00faly: 60 g<br \/>\nF\u0151 \u00f6sszetev\u0151: kacsah\u00fas<br \/>\nAlkalmas: kis \u00e9s k\u00f6zepes m\u00e9ret\u0171 kuty\u00e1k sz\u00e1m\u00e1ra<br \/>\nFelhaszn\u00e1l\u00e1s: jutalomk\u00e9nt vagy jutalomfalatk\u00e9nt k\u00e9t \u00e9tkez\u00e9s k\u00f6z\u00f6tt.<\/p>\n","protected":false},"excerpt":{"rendered":"<p>Finom jutalom a n\u00e9gyl\u00e1b\u00fa bar\u00e1todnak! A Propesko Mistr Snack Duck Mini Burgers min\u0151s\u00e9gi kacsah\u00fasb\u00f3l k\u00e9sz\u00fclt, \u00edzletes \u00e9s szaftos jutalomfalat, amely kis \u00e9s k\u00f6zepes m\u00e9ret\u0171 kuty\u00e1k sz\u00e1m\u00e1ra alkalmas. A mini m\u00e9retnek k\u00f6sz\u00f6nhet\u0151en k\u00f6nnyen t\u00e1lalhat\u00f3, \u00e9s kiv\u00e1l\u00f3 jutalomfalat a kik\u00e9pz\u00e9s sor\u00e1n vagy k\u00e9t \u00e9tkez\u00e9s k\u00f6z\u00f6tti jutalomfalatk\u00e9nt. S\u00faly: 60 g F\u0151 \u00f6sszetev\u0151: kacsah\u00fas Alkalmas: kis \u00e9s k\u00f6zepes m\u00e9ret\u0171 [&hellip;]<\/p>\n","protected":false},"featured_media":17428,"template":"","meta":[],"product_brand":[260],"product_cat":[348],"product_tag":[],"class_list":{"0":"post-17426","1":"product","2":"type-product","3":"status-publish","4":"has-post-thumbnail","6":"product_brand-propesko","7":"product_cat-maskotak","9":"first","10":"instock","11":"taxable","12":"shipping-taxable","13":"purchasable","14":"product-type-simple"},"_links":{"self":[{"href":"https:\/\/perfettohome.sk\/hu\/wp-json\/wp\/v2\/product\/17426","targetHints":{"allow":["GET"]}}],"collection":[{"href":"https:\/\/perfettohome.sk\/hu\/wp-json\/wp\/v2\/product"}],"about":[{"href":"https:\/\/perfettohome.sk\/hu\/wp-json\/wp\/v2\/types\/product"}],"wp:featuredmedia":[{"embeddable":true,"href":"https:\/\/perfettohome.sk\/hu\/wp-json\/wp\/v2\/media\/17428"}],"wp:attachment":[{"href":"https:\/\/perfettohome.sk\/hu\/wp-json\/wp\/v2\/media?parent=17426"}],"wp:term":[{"taxonomy":"product_brand","embeddable":true,"href":"https:\/\/perfettohome.sk\/hu\/wp-json\/wp\/v2\/product_brand?post=17426"},{"taxonomy":"product_cat","embeddable":true,"href":"https:\/\/perfettohome.sk\/hu\/wp-json\/wp\/v2\/product_cat?post=17426"},{"taxonomy":"product_tag","embeddable":true,"href":"https:\/\/perfettohome.sk\/hu\/wp-json\/wp\/v2\/product_tag?post=17426"}],"curies":[{"name":"wp","href":"https:\/\/api.w.org\/{rel}","templated":true}]}}