{"id":17429,"date":"2025-10-07T16:53:44","date_gmt":"2025-10-07T14:53:44","guid":{"rendered":"https:\/\/perfettohome.sk\/produkt\/johnsons-baby-baby-powder-200g-termeszetes\/"},"modified":"2025-12-14T21:54:43","modified_gmt":"2025-12-14T20:54:43","slug":"johnsons-baby-baby-powder-200g-termeszetes","status":"publish","type":"product","link":"https:\/\/perfettohome.sk\/hu\/produkt\/johnsons-baby-baby-powder-200g-termeszetes\/","title":{"rendered":"Johnson&#8217;s Baby Baby Powder 200g Natural"},"content":{"rendered":"<p>K\u00edm\u00e9letes \u00e1pol\u00e1s az \u00e9rz\u00e9keny babab\u0151rnek! A Johnson&#8217;s Baby Natural Powder seg\u00edt sz\u00e1razon, puh\u00e1n \u00e9s az irrit\u00e1ci\u00f3t\u00f3l v\u00e9dve tartani a b\u0151rt. A gyeng\u00e9d formula k\u00edm\u00e9letes a baba b\u0151r\u00e9hez, megnyugtatja \u00e9s kellemes frissess\u00e9g\u00e9rzetet hagy maga ut\u00e1n. Ide\u00e1lis napi haszn\u00e1latra f\u00fcrd\u00e9s ut\u00e1n vagy pelenk\u00e1z\u00e1skor.   <\/p>\n<p>S\u00faly: 200 g<br \/>\nAlkalmas: \u00e9rz\u00e9keny babab\u0151rre<br \/>\nHaszn\u00e1lat: mindennapi \u00e1pol\u00e1sra, sz\u00e1razon \u00e9s k\u00e9nyelmesen tart\u00e1sra.<\/p>\n","protected":false},"excerpt":{"rendered":"<p>K\u00edm\u00e9letes \u00e1pol\u00e1s az \u00e9rz\u00e9keny babab\u0151rnek! A Johnson&#8217;s Baby Natural Powder seg\u00edt sz\u00e1razon, puh\u00e1n \u00e9s az irrit\u00e1ci\u00f3t\u00f3l v\u00e9dve tartani a b\u0151rt. A gyeng\u00e9d formula k\u00edm\u00e9letes a baba b\u0151r\u00e9hez, megnyugtatja \u00e9s kellemes frissess\u00e9g\u00e9rzetet hagy maga ut\u00e1n. Ide\u00e1lis napi haszn\u00e1latra f\u00fcrd\u00e9s ut\u00e1n vagy pelenk\u00e1z\u00e1skor. S\u00faly: 200 g Alkalmas: \u00e9rz\u00e9keny babab\u0151rre Haszn\u00e1lat: mindennapi \u00e1pol\u00e1sra, sz\u00e1razon \u00e9s k\u00e9nyelmesen tart\u00e1sra.<\/p>\n","protected":false},"featured_media":17430,"template":"","meta":[],"product_brand":[284],"product_cat":[316],"product_tag":[],"class_list":{"0":"post-17429","1":"product","2":"type-product","3":"status-publish","4":"has-post-thumbnail","6":"product_brand-johnsons","7":"product_cat-babak","9":"first","10":"instock","11":"taxable","12":"shipping-taxable","13":"purchasable","14":"product-type-simple"},"_links":{"self":[{"href":"https:\/\/perfettohome.sk\/hu\/wp-json\/wp\/v2\/product\/17429","targetHints":{"allow":["GET"]}}],"collection":[{"href":"https:\/\/perfettohome.sk\/hu\/wp-json\/wp\/v2\/product"}],"about":[{"href":"https:\/\/perfettohome.sk\/hu\/wp-json\/wp\/v2\/types\/product"}],"wp:featuredmedia":[{"embeddable":true,"href":"https:\/\/perfettohome.sk\/hu\/wp-json\/wp\/v2\/media\/17430"}],"wp:attachment":[{"href":"https:\/\/perfettohome.sk\/hu\/wp-json\/wp\/v2\/media?parent=17429"}],"wp:term":[{"taxonomy":"product_brand","embeddable":true,"href":"https:\/\/perfettohome.sk\/hu\/wp-json\/wp\/v2\/product_brand?post=17429"},{"taxonomy":"product_cat","embeddable":true,"href":"https:\/\/perfettohome.sk\/hu\/wp-json\/wp\/v2\/product_cat?post=17429"},{"taxonomy":"product_tag","embeddable":true,"href":"https:\/\/perfettohome.sk\/hu\/wp-json\/wp\/v2\/product_tag?post=17429"}],"curies":[{"name":"wp","href":"https:\/\/api.w.org\/{rel}","templated":true}]}}