{"id":17431,"date":"2025-10-07T16:38:42","date_gmt":"2025-10-07T14:38:42","guid":{"rendered":"https:\/\/perfettohome.sk\/produkt\/vanish-szonyegtisztito-450ml-rozsaszin-cleanfresh\/"},"modified":"2025-10-07T16:38:42","modified_gmt":"2025-10-07T14:38:42","slug":"vanish-szonyegtisztito-450ml-rozsaszin-cleanfresh","status":"publish","type":"product","link":"https:\/\/perfettohome.sk\/hu\/produkt\/vanish-szonyegtisztito-450ml-rozsaszin-cleanfresh\/","title":{"rendered":"Vanish sz\u0151nyegtiszt\u00edt\u00f3 450ml r\u00f3zsasz\u00edn Clean&amp;Fresh"},"content":{"rendered":"<p>A ragyog\u00f3an tiszta sz\u0151nyegek\u00e9rt \u00e9s a friss illat\u00fa otthon\u00e9rt! A Vanish Pink Clean &amp; Fresh hat\u00e9konyan t\u00e1vol\u00edtja el a szennyez\u0151d\u00e9seket, foltokat \u00e9s a be\u00e1gyaz\u00f3dott szennyez\u0151d\u00e9seket a sz\u0151nyegekr\u0151l \u00e9s k\u00e1rpitokr\u00f3l. Akt\u00edv formul\u00e1ja m\u00e9lyen behatol a sz\u00e1lakba, felfriss\u00edti a sz\u00edneket \u00e9s friss tisztas\u00e1gillatot hagy maga ut\u00e1n. Ide\u00e1lis mind a rendszeres karbantart\u00e1shoz, mind a kisebb ter\u00fcletek gyors tiszt\u00edt\u00e1s\u00e1hoz.   <\/p>\n<p>T\u00e9rfogat: 450 ml<br \/>\nAlkalmas: sz\u0151nyegekhez \u00e9s k\u00e1rpitokhoz<br \/>\nTulajdons\u00e1gok: elt\u00e1vol\u00edtja a foltokat, felfriss\u00edti a sz\u00edneket, friss illatot hagy maga ut\u00e1n.<\/p>\n","protected":false},"excerpt":{"rendered":"<p>A ragyog\u00f3an tiszta sz\u0151nyegek\u00e9rt \u00e9s a friss illat\u00fa otthon\u00e9rt! A Vanish Pink Clean &amp; Fresh hat\u00e9konyan t\u00e1vol\u00edtja el a szennyez\u0151d\u00e9seket, foltokat \u00e9s a be\u00e1gyaz\u00f3dott szennyez\u0151d\u00e9seket a sz\u0151nyegekr\u0151l \u00e9s k\u00e1rpitokr\u00f3l. Akt\u00edv formul\u00e1ja m\u00e9lyen behatol a sz\u00e1lakba, felfriss\u00edti a sz\u00edneket \u00e9s friss tisztas\u00e1gillatot hagy maga ut\u00e1n. Ide\u00e1lis mind a rendszeres karbantart\u00e1shoz, mind a kisebb ter\u00fcletek gyors tiszt\u00edt\u00e1s\u00e1hoz. [&hellip;]<\/p>\n","protected":false},"featured_media":17434,"template":"","meta":[],"product_brand":[283],"product_cat":[349],"product_tag":[],"class_list":{"0":"post-17431","1":"product","2":"type-product","3":"status-publish","4":"has-post-thumbnail","6":"product_brand-vanish","7":"product_cat-eltunik","9":"first","10":"instock","11":"taxable","12":"shipping-taxable","13":"purchasable","14":"product-type-simple"},"_links":{"self":[{"href":"https:\/\/perfettohome.sk\/hu\/wp-json\/wp\/v2\/product\/17431","targetHints":{"allow":["GET"]}}],"collection":[{"href":"https:\/\/perfettohome.sk\/hu\/wp-json\/wp\/v2\/product"}],"about":[{"href":"https:\/\/perfettohome.sk\/hu\/wp-json\/wp\/v2\/types\/product"}],"wp:featuredmedia":[{"embeddable":true,"href":"https:\/\/perfettohome.sk\/hu\/wp-json\/wp\/v2\/media\/17434"}],"wp:attachment":[{"href":"https:\/\/perfettohome.sk\/hu\/wp-json\/wp\/v2\/media?parent=17431"}],"wp:term":[{"taxonomy":"product_brand","embeddable":true,"href":"https:\/\/perfettohome.sk\/hu\/wp-json\/wp\/v2\/product_brand?post=17431"},{"taxonomy":"product_cat","embeddable":true,"href":"https:\/\/perfettohome.sk\/hu\/wp-json\/wp\/v2\/product_cat?post=17431"},{"taxonomy":"product_tag","embeddable":true,"href":"https:\/\/perfettohome.sk\/hu\/wp-json\/wp\/v2\/product_tag?post=17431"}],"curies":[{"name":"wp","href":"https:\/\/api.w.org\/{rel}","templated":true}]}}