{"id":17436,"date":"2025-10-07T16:38:41","date_gmt":"2025-10-07T14:38:41","guid":{"rendered":"https:\/\/perfettohome.sk\/produkt\/coccolino-textilpuhito-645ml-28fingers-delicatosoffice\/"},"modified":"2025-12-14T21:36:31","modified_gmt":"2025-12-14T20:36:31","slug":"coccolino-textilpuhito-645ml-28fingers-delicatosoffice","status":"publish","type":"product","link":"https:\/\/perfettohome.sk\/hu\/produkt\/coccolino-textilpuhito-645ml-28fingers-delicatosoffice\/","title":{"rendered":"Coccolino \u00f6bl\u00edt\u0151 645ml Delicato&amp;Soffice"},"content":{"rendered":"<p>A puhas\u00e1g \u00e9s a frissess\u00e9g, amit a ruh\u00e1k meg\u00e9rdemelnek! A Coccolino Delicato &amp; Soffice minden mos\u00e1s ut\u00e1n puh\u00e1v\u00e1, pihe-puha \u00e9s gy\u00f6ny\u00f6r\u0171 illat\u00fav\u00e1 var\u00e1zsolja a szennyes\u00e9t. Finom illata megnyugtat\u00f3 \u00e9s friss, m\u00edg k\u00edm\u00e9letes formul\u00e1ja v\u00e9di a sz\u00f6vetsz\u00e1lakat \u00e9s megk\u00f6nny\u00edti a vasal\u00e1st. Ide\u00e1lis v\u00e1laszt\u00e1s mindennapos haszn\u00e1latra \u00e9s \u00e9rz\u00e9keny b\u0151r\u0171ek sz\u00e1m\u00e1ra.   <\/p>\n<p>T\u00e9rfogat: 645 ml<br \/>\nMos\u00e1sok sz\u00e1ma: 28<br \/>\nIllat: l\u00e1gy, friss, tiszta<br \/>\nAlkalmas: minden t\u00edpus\u00fa text\u00edli\u00e1ra, \u00e9rz\u00e9keny b\u0151rre is.<\/p>\n","protected":false},"excerpt":{"rendered":"<p>A puhas\u00e1g \u00e9s a frissess\u00e9g, amit a ruh\u00e1k meg\u00e9rdemelnek! A Coccolino Delicato &amp; Soffice minden mos\u00e1s ut\u00e1n puh\u00e1v\u00e1, pihe-puha \u00e9s gy\u00f6ny\u00f6r\u0171 illat\u00fav\u00e1 var\u00e1zsolja a szennyes\u00e9t. Finom illata megnyugtat\u00f3 \u00e9s friss, m\u00edg k\u00edm\u00e9letes formul\u00e1ja v\u00e9di a sz\u00f6vetsz\u00e1lakat \u00e9s megk\u00f6nny\u00edti a vasal\u00e1st. Ide\u00e1lis v\u00e1laszt\u00e1s mindennapos haszn\u00e1latra \u00e9s \u00e9rz\u00e9keny b\u0151r\u0171ek sz\u00e1m\u00e1ra. T\u00e9rfogat: 645 ml Mos\u00e1sok sz\u00e1ma: 28 Illat: [&hellip;]<\/p>\n","protected":false},"featured_media":17438,"template":"","meta":[],"product_brand":[281],"product_cat":[347],"product_tag":[],"class_list":{"0":"post-17436","1":"product","2":"type-product","3":"status-publish","4":"has-post-thumbnail","6":"product_brand-coccolino","7":"product_cat-coccolino-hu","9":"first","10":"outofstock","11":"taxable","12":"shipping-taxable","13":"purchasable","14":"product-type-simple"},"_links":{"self":[{"href":"https:\/\/perfettohome.sk\/hu\/wp-json\/wp\/v2\/product\/17436","targetHints":{"allow":["GET"]}}],"collection":[{"href":"https:\/\/perfettohome.sk\/hu\/wp-json\/wp\/v2\/product"}],"about":[{"href":"https:\/\/perfettohome.sk\/hu\/wp-json\/wp\/v2\/types\/product"}],"wp:featuredmedia":[{"embeddable":true,"href":"https:\/\/perfettohome.sk\/hu\/wp-json\/wp\/v2\/media\/17438"}],"wp:attachment":[{"href":"https:\/\/perfettohome.sk\/hu\/wp-json\/wp\/v2\/media?parent=17436"}],"wp:term":[{"taxonomy":"product_brand","embeddable":true,"href":"https:\/\/perfettohome.sk\/hu\/wp-json\/wp\/v2\/product_brand?post=17436"},{"taxonomy":"product_cat","embeddable":true,"href":"https:\/\/perfettohome.sk\/hu\/wp-json\/wp\/v2\/product_cat?post=17436"},{"taxonomy":"product_tag","embeddable":true,"href":"https:\/\/perfettohome.sk\/hu\/wp-json\/wp\/v2\/product_tag?post=17436"}],"curies":[{"name":"wp","href":"https:\/\/api.w.org\/{rel}","templated":true}]}}