{"id":17440,"date":"2025-10-07T16:38:41","date_gmt":"2025-10-07T14:38:41","guid":{"rendered":"https:\/\/perfettohome.sk\/produkt\/coccolino-lagyito-645ml-28fingers-orchidmirtilli\/"},"modified":"2025-12-16T10:20:13","modified_gmt":"2025-12-16T09:20:13","slug":"coccolino-lagyito-645ml-28fingers-orchidmirtilli","status":"publish","type":"product","link":"https:\/\/perfettohome.sk\/hu\/produkt\/coccolino-lagyito-645ml-28fingers-orchidmirtilli\/","title":{"rendered":"Coccolino \u00f6bl\u00edt\u0151 645ml Orchid&amp;Mirtilli"},"content":{"rendered":"<p>Burkolja a szennyest vir\u00e1gos-gy\u00fcm\u00f6lcs\u00f6s illatba! A Coccolino Orchidea &amp; Mirtilli az orchidea eleg\u00e1ns illat\u00e1t az \u00e1fonya finom \u00e9dess\u00e9g\u00e9vel \u00f6tv\u00f6zi, kiv\u00e9telesen friss \u00e9s kellemes \u00e9lm\u00e9nyt ny\u00fajtva. A textilpuh\u00edt\u00f3 ak\u00e1r 28 mos\u00e1s ut\u00e1n is puh\u00e1v\u00e1, pihe-puha \u00e9s gy\u00f6ny\u00f6r\u0171 illat\u00fav\u00e1 var\u00e1zsolja a szennyest. Emellett v\u00e9di a sz\u00e1lakat \u00e9s megk\u00f6nny\u00edti a vasal\u00e1st.   <\/p>\n<p>Kapacit\u00e1s: 645 ml<br \/>\nMos\u00e1sok sz\u00e1ma: 28<br \/>\nIllat: orchidea \u00e9s \u00e1fonya<br \/>\nAlkalmas: minden t\u00edpus\u00fa text\u00edli\u00e1ra.<\/p>\n","protected":false},"excerpt":{"rendered":"<p>Burkolja a szennyest vir\u00e1gos-gy\u00fcm\u00f6lcs\u00f6s illatba! A Coccolino Orchidea &amp; Mirtilli az orchidea eleg\u00e1ns illat\u00e1t az \u00e1fonya finom \u00e9dess\u00e9g\u00e9vel \u00f6tv\u00f6zi, kiv\u00e9telesen friss \u00e9s kellemes \u00e9lm\u00e9nyt ny\u00fajtva. A textilpuh\u00edt\u00f3 ak\u00e1r 28 mos\u00e1s ut\u00e1n is puh\u00e1v\u00e1, pihe-puha \u00e9s gy\u00f6ny\u00f6r\u0171 illat\u00fav\u00e1 var\u00e1zsolja a szennyest. Emellett v\u00e9di a sz\u00e1lakat \u00e9s megk\u00f6nny\u00edti a vasal\u00e1st. Kapacit\u00e1s: 645 ml Mos\u00e1sok sz\u00e1ma: 28 Illat: [&hellip;]<\/p>\n","protected":false},"featured_media":17442,"template":"","meta":[],"product_brand":[281],"product_cat":[347],"product_tag":[],"class_list":{"0":"post-17440","1":"product","2":"type-product","3":"status-publish","4":"has-post-thumbnail","6":"product_brand-coccolino","7":"product_cat-coccolino-hu","9":"first","10":"instock","11":"taxable","12":"shipping-taxable","13":"purchasable","14":"product-type-simple"},"_links":{"self":[{"href":"https:\/\/perfettohome.sk\/hu\/wp-json\/wp\/v2\/product\/17440","targetHints":{"allow":["GET"]}}],"collection":[{"href":"https:\/\/perfettohome.sk\/hu\/wp-json\/wp\/v2\/product"}],"about":[{"href":"https:\/\/perfettohome.sk\/hu\/wp-json\/wp\/v2\/types\/product"}],"wp:featuredmedia":[{"embeddable":true,"href":"https:\/\/perfettohome.sk\/hu\/wp-json\/wp\/v2\/media\/17442"}],"wp:attachment":[{"href":"https:\/\/perfettohome.sk\/hu\/wp-json\/wp\/v2\/media?parent=17440"}],"wp:term":[{"taxonomy":"product_brand","embeddable":true,"href":"https:\/\/perfettohome.sk\/hu\/wp-json\/wp\/v2\/product_brand?post=17440"},{"taxonomy":"product_cat","embeddable":true,"href":"https:\/\/perfettohome.sk\/hu\/wp-json\/wp\/v2\/product_cat?post=17440"},{"taxonomy":"product_tag","embeddable":true,"href":"https:\/\/perfettohome.sk\/hu\/wp-json\/wp\/v2\/product_tag?post=17440"}],"curies":[{"name":"wp","href":"https:\/\/api.w.org\/{rel}","templated":true}]}}