{"id":17444,"date":"2025-10-07T16:38:42","date_gmt":"2025-10-07T14:38:42","guid":{"rendered":"https:\/\/perfettohome.sk\/produkt\/vanish-folteltavolito-940ml-oxi-action-higienia\/"},"modified":"2025-10-07T16:38:42","modified_gmt":"2025-10-07T14:38:42","slug":"vanish-folteltavolito-940ml-oxi-action-higienia","status":"publish","type":"product","link":"https:\/\/perfettohome.sk\/hu\/produkt\/vanish-folteltavolito-940ml-oxi-action-higienia\/","title":{"rendered":"Vanish foltelt\u00e1vol\u00edt\u00f3 940ml Oxi Action higi\u00e9nia"},"content":{"rendered":"<p>T\u00f6k\u00e9letes tisztas\u00e1g \u00e9s higi\u00e9nikus frissess\u00e9g minden mos\u00e1ssal! A Vanish Oxi Action Hygiene alacsony h\u0151m\u00e9rs\u00e9kleten hat\u00e9konyan t\u00e1vol\u00edtja el m\u00e9g a makacs foltokat is, mik\u00f6zben seg\u00edt elt\u00e1vol\u00edtani a bakt\u00e9riumokat \u00e9s a kellemetlen szagokat a szennyesb\u0151l. Feh\u00e9r \u00e9s sz\u00ednes ruh\u00e1khoz egyar\u00e1nt alkalmas, \u00e9s a text\u00edli\u00e1kat ragyog\u00f3an tiszt\u00e1v\u00e1 \u00e9s frissen hagyja.  <\/p>\n<p>Haszn\u00e1lja k\u00f6zvetlen\u00fcl a foltokra, adja a mos\u00e1shoz, vagy hagyja rajta \u00e1ztat\u00e1s k\u00f6zben &#8211; az eredm\u00e9ny mindig t\u00f6k\u00e9letes lesz.<\/p>\n<p>T\u00e9rfogat: 940 ml<br \/>\nAlkalmas: feh\u00e9r \u00e9s sz\u00ednes szennyeshez<br \/>\nTulajdons\u00e1gok: elt\u00e1vol\u00edtja a foltokat, semleges\u00edti a szagokat, hozz\u00e1j\u00e1rul a higi\u00e9nikus tisztas\u00e1ghoz.<\/p>\n","protected":false},"excerpt":{"rendered":"<p>T\u00f6k\u00e9letes tisztas\u00e1g \u00e9s higi\u00e9nikus frissess\u00e9g minden mos\u00e1ssal! A Vanish Oxi Action Hygiene alacsony h\u0151m\u00e9rs\u00e9kleten hat\u00e9konyan t\u00e1vol\u00edtja el m\u00e9g a makacs foltokat is, mik\u00f6zben seg\u00edt elt\u00e1vol\u00edtani a bakt\u00e9riumokat \u00e9s a kellemetlen szagokat a szennyesb\u0151l. Feh\u00e9r \u00e9s sz\u00ednes ruh\u00e1khoz egyar\u00e1nt alkalmas, \u00e9s a text\u00edli\u00e1kat ragyog\u00f3an tiszt\u00e1v\u00e1 \u00e9s frissen hagyja. Haszn\u00e1lja k\u00f6zvetlen\u00fcl a foltokra, adja a mos\u00e1shoz, vagy [&hellip;]<\/p>\n","protected":false},"featured_media":17446,"template":"","meta":[],"product_brand":[283],"product_cat":[349],"product_tag":[],"class_list":{"0":"post-17444","1":"product","2":"type-product","3":"status-publish","4":"has-post-thumbnail","6":"product_brand-vanish","7":"product_cat-eltunik","9":"first","10":"instock","11":"taxable","12":"shipping-taxable","13":"purchasable","14":"product-type-simple"},"_links":{"self":[{"href":"https:\/\/perfettohome.sk\/hu\/wp-json\/wp\/v2\/product\/17444","targetHints":{"allow":["GET"]}}],"collection":[{"href":"https:\/\/perfettohome.sk\/hu\/wp-json\/wp\/v2\/product"}],"about":[{"href":"https:\/\/perfettohome.sk\/hu\/wp-json\/wp\/v2\/types\/product"}],"wp:featuredmedia":[{"embeddable":true,"href":"https:\/\/perfettohome.sk\/hu\/wp-json\/wp\/v2\/media\/17446"}],"wp:attachment":[{"href":"https:\/\/perfettohome.sk\/hu\/wp-json\/wp\/v2\/media?parent=17444"}],"wp:term":[{"taxonomy":"product_brand","embeddable":true,"href":"https:\/\/perfettohome.sk\/hu\/wp-json\/wp\/v2\/product_brand?post=17444"},{"taxonomy":"product_cat","embeddable":true,"href":"https:\/\/perfettohome.sk\/hu\/wp-json\/wp\/v2\/product_cat?post=17444"},{"taxonomy":"product_tag","embeddable":true,"href":"https:\/\/perfettohome.sk\/hu\/wp-json\/wp\/v2\/product_tag?post=17444"}],"curies":[{"name":"wp","href":"https:\/\/api.w.org\/{rel}","templated":true}]}}