{"id":17447,"date":"2025-10-07T16:24:37","date_gmt":"2025-10-07T14:24:37","guid":{"rendered":"https:\/\/perfettohome.sk\/produkt\/tesori-doriente-lagyito-760ml-38-mosas-ayurveda\/"},"modified":"2025-12-14T21:32:37","modified_gmt":"2025-12-14T20:32:37","slug":"tesori-doriente-lagyito-760ml-38-mosas-ayurveda","status":"publish","type":"product","link":"https:\/\/perfettohome.sk\/hu\/produkt\/tesori-doriente-lagyito-760ml-38-mosas-ayurveda\/","title":{"rendered":"Tesori D&#8217;Oriente \u00f6bl\u00edt\u0151 760ml \/ 38 mos\u00e1s Ayurveda"},"content":{"rendered":"<p>Harm\u00f3nia \u00e9s gondoskod\u00e1s minden cseppben! A Tesori D&#8217;Oriente Ayurveda finom, egzotikus illattal gazdag\u00edtja a szennyest, melyet az indiai hagyom\u00e1nyok ihlettek. Az amla, a pacsuli \u00e9s a r\u00f3zsa ill\u00f3olajok kombin\u00e1ci\u00f3ja az egyens\u00faly \u00e9s a bels\u0151 j\u00f3l\u00e9t \u00e9rzet\u00e9t kelti. A textilpuh\u00edt\u00f3 ak\u00e1r 38 mos\u00e1sig puh\u00e1v\u00e1, \u00fcd\u00e9v\u00e9 \u00e9s hosszan tart\u00f3 illat\u00fav\u00e1 var\u00e1zsolja a text\u00edli\u00e1kat.   <\/p>\n<p>T\u00e9rfogat: 760 ml<br \/>\nMos\u00e1sok sz\u00e1ma: 38<br \/>\nIllat: keleties, harmonikus, r\u00f3zsa \u00e9s pacsuli jegyekkel<br \/>\nAlkalmas: minden t\u00edpus\u00fa text\u00edli\u00e1ra.<\/p>\n","protected":false},"excerpt":{"rendered":"<p>Harm\u00f3nia \u00e9s gondoskod\u00e1s minden cseppben! A Tesori D&#8217;Oriente Ayurveda finom, egzotikus illattal gazdag\u00edtja a szennyest, melyet az indiai hagyom\u00e1nyok ihlettek. Az amla, a pacsuli \u00e9s a r\u00f3zsa ill\u00f3olajok kombin\u00e1ci\u00f3ja az egyens\u00faly \u00e9s a bels\u0151 j\u00f3l\u00e9t \u00e9rzet\u00e9t kelti. A textilpuh\u00edt\u00f3 ak\u00e1r 38 mos\u00e1sig puh\u00e1v\u00e1, \u00fcd\u00e9v\u00e9 \u00e9s hosszan tart\u00f3 illat\u00fav\u00e1 var\u00e1zsolja a text\u00edli\u00e1kat. T\u00e9rfogat: 760 ml Mos\u00e1sok [&hellip;]<\/p>\n","protected":false},"featured_media":17449,"template":"","meta":[],"product_brand":[279],"product_cat":[350],"product_tag":[],"class_list":{"0":"post-17447","1":"product","2":"type-product","3":"status-publish","4":"has-post-thumbnail","6":"product_brand-tesori-doriente","7":"product_cat-tesori-hu","9":"first","10":"outofstock","11":"taxable","12":"shipping-taxable","13":"purchasable","14":"product-type-simple"},"_links":{"self":[{"href":"https:\/\/perfettohome.sk\/hu\/wp-json\/wp\/v2\/product\/17447","targetHints":{"allow":["GET"]}}],"collection":[{"href":"https:\/\/perfettohome.sk\/hu\/wp-json\/wp\/v2\/product"}],"about":[{"href":"https:\/\/perfettohome.sk\/hu\/wp-json\/wp\/v2\/types\/product"}],"wp:featuredmedia":[{"embeddable":true,"href":"https:\/\/perfettohome.sk\/hu\/wp-json\/wp\/v2\/media\/17449"}],"wp:attachment":[{"href":"https:\/\/perfettohome.sk\/hu\/wp-json\/wp\/v2\/media?parent=17447"}],"wp:term":[{"taxonomy":"product_brand","embeddable":true,"href":"https:\/\/perfettohome.sk\/hu\/wp-json\/wp\/v2\/product_brand?post=17447"},{"taxonomy":"product_cat","embeddable":true,"href":"https:\/\/perfettohome.sk\/hu\/wp-json\/wp\/v2\/product_cat?post=17447"},{"taxonomy":"product_tag","embeddable":true,"href":"https:\/\/perfettohome.sk\/hu\/wp-json\/wp\/v2\/product_tag?post=17447"}],"curies":[{"name":"wp","href":"https:\/\/api.w.org\/{rel}","templated":true}]}}