{"id":17448,"date":"2025-10-07T16:38:42","date_gmt":"2025-10-07T14:38:42","guid":{"rendered":"https:\/\/perfettohome.sk\/produkt\/air-wick-elektromos-legfrissito-utantolto-19ml-blossomraspberry\/"},"modified":"2025-10-07T16:38:42","modified_gmt":"2025-10-07T14:38:42","slug":"air-wick-elektromos-legfrissito-utantolto-19ml-blossomraspberry","status":"publish","type":"product","link":"https:\/\/perfettohome.sk\/hu\/produkt\/air-wick-elektromos-legfrissito-utantolto-19ml-blossomraspberry\/","title":{"rendered":"Air Wick elektromos l\u00e9gfriss\u00edt\u0151 ut\u00e1nt\u00f6lt\u0151 19ml Blossom&amp;Raspberry"},"content":{"rendered":"<p>Hozzon frissess\u00e9get \u00e9s finom \u00e9dess\u00e9get otthon\u00e1ba! Az Air Wick Blossom &amp; Raspberry a vir\u00e1gz\u00f3 vir\u00e1gok \u00e9s az \u00e9rett m\u00e1lna kellemes illat\u00e1val t\u00f6lti meg a szob\u00e1t, melegs\u00e9get \u00e9s meghitt hangulatot teremtve. Az ut\u00e1nt\u00f6lt\u0151 az Air Wick elektromos l\u00e9gfriss\u00edt\u0151h\u00f6z k\u00e9sz\u00fclt, \u00e9s ak\u00e1r t\u00f6bb h\u00e9tig tart\u00f3 illatot biztos\u00edt.  <\/p>\n<p>T\u00e9rfogat: 19 ml<br \/>\nIllat: vir\u00e1gok \u00e9s m\u00e1lna<br \/>\nAlkalmas: a lak\u00e1s minden helyis\u00e9g\u00e9ben<br \/>\nHaszn\u00e1lat: csere ut\u00e1nt\u00f6lt\u0151 az Air Wick elektromos l\u00e9gfriss\u00edt\u0151h\u00f6z.<\/p>\n","protected":false},"excerpt":{"rendered":"<p>Hozzon frissess\u00e9get \u00e9s finom \u00e9dess\u00e9get otthon\u00e1ba! Az Air Wick Blossom &amp; Raspberry a vir\u00e1gz\u00f3 vir\u00e1gok \u00e9s az \u00e9rett m\u00e1lna kellemes illat\u00e1val t\u00f6lti meg a szob\u00e1t, melegs\u00e9get \u00e9s meghitt hangulatot teremtve. Az ut\u00e1nt\u00f6lt\u0151 az Air Wick elektromos l\u00e9gfriss\u00edt\u0151h\u00f6z k\u00e9sz\u00fclt, \u00e9s ak\u00e1r t\u00f6bb h\u00e9tig tart\u00f3 illatot biztos\u00edt. T\u00e9rfogat: 19 ml Illat: vir\u00e1gok \u00e9s m\u00e1lna Alkalmas: a lak\u00e1s [&hellip;]<\/p>\n","protected":false},"featured_media":17450,"template":"","meta":[],"product_brand":[45],"product_cat":[172],"product_tag":[],"class_list":{"0":"post-17448","1":"product","2":"type-product","3":"status-publish","4":"has-post-thumbnail","6":"product_brand-airwick","7":"product_cat-elektricke-difuzery-hu","9":"first","10":"instock","11":"taxable","12":"shipping-taxable","13":"purchasable","14":"product-type-simple"},"_links":{"self":[{"href":"https:\/\/perfettohome.sk\/hu\/wp-json\/wp\/v2\/product\/17448","targetHints":{"allow":["GET"]}}],"collection":[{"href":"https:\/\/perfettohome.sk\/hu\/wp-json\/wp\/v2\/product"}],"about":[{"href":"https:\/\/perfettohome.sk\/hu\/wp-json\/wp\/v2\/types\/product"}],"wp:featuredmedia":[{"embeddable":true,"href":"https:\/\/perfettohome.sk\/hu\/wp-json\/wp\/v2\/media\/17450"}],"wp:attachment":[{"href":"https:\/\/perfettohome.sk\/hu\/wp-json\/wp\/v2\/media?parent=17448"}],"wp:term":[{"taxonomy":"product_brand","embeddable":true,"href":"https:\/\/perfettohome.sk\/hu\/wp-json\/wp\/v2\/product_brand?post=17448"},{"taxonomy":"product_cat","embeddable":true,"href":"https:\/\/perfettohome.sk\/hu\/wp-json\/wp\/v2\/product_cat?post=17448"},{"taxonomy":"product_tag","embeddable":true,"href":"https:\/\/perfettohome.sk\/hu\/wp-json\/wp\/v2\/product_tag?post=17448"}],"curies":[{"name":"wp","href":"https:\/\/api.w.org\/{rel}","templated":true}]}}