{"id":17470,"date":"2025-09-29T13:23:47","date_gmt":"2025-09-29T11:23:47","guid":{"rendered":"https:\/\/perfettohome.sk\/produkt\/reno-pocket-macskaknak-pulyka-marhahus-4x100g\/"},"modified":"2025-12-14T20:50:04","modified_gmt":"2025-12-14T19:50:04","slug":"reno-pocket-macskaknak-pulyka-marhahus-4x100g","status":"publish","type":"product","link":"https:\/\/perfettohome.sk\/hu\/produkt\/reno-pocket-macskaknak-pulyka-marhahus-4x100g\/","title":{"rendered":"Reno tasak macsk\u00e1knak pulyka marhah\u00fas 4x100g"},"content":{"rendered":"<p>Teljes \u00e9rt\u00e9k\u0171 nedves eledel feln\u0151tt macsk\u00e1knak pulyka \u00e9s marhah\u00fas kombin\u00e1ci\u00f3j\u00e1val. A kapszul\u00e1k kiegyens\u00falyozott t\u00e1panyagkombin\u00e1ci\u00f3t tartalmaznak, hogy el\u0151seg\u00edts\u00e9k macsk\u00e1ja eg\u00e9szs\u00e9g\u00e9t, vitalit\u00e1s\u00e1t \u00e9s f\u00e9nyes sz\u0151rzet\u00e9t. Napi etet\u00e9sre alkalmas.  <\/p>\n<p>Csomag: 4 \u00d7 100 g<\/p>\n<p>\u00cdzvil\u00e1g: pulyka \u00e9s marhah\u00fas<\/p>\n<p>C\u00e9l: feln\u0151tt macsk\u00e1k<\/p>\n<p>Felhaszn\u00e1l\u00e1s: Sz\u00fcks\u00e9g szerint k\u00f6zvetlen\u00fcl vagy sz\u00e1razt\u00e1ppal keverve etesse. Biztos\u00edtson \u00e1lland\u00f3 hozz\u00e1f\u00e9r\u00e9st friss iv\u00f3v\u00edzhez. A tasak felbont\u00e1sa ut\u00e1n 24 \u00f3r\u00e1n bel\u00fcl fogyassza el.<\/p>\n","protected":false},"excerpt":{"rendered":"<p>Teljes \u00e9rt\u00e9k\u0171 nedves eledel feln\u0151tt macsk\u00e1knak pulyka \u00e9s marhah\u00fas kombin\u00e1ci\u00f3j\u00e1val. A kapszul\u00e1k kiegyens\u00falyozott t\u00e1panyagkombin\u00e1ci\u00f3t tartalmaznak, hogy el\u0151seg\u00edts\u00e9k macsk\u00e1ja eg\u00e9szs\u00e9g\u00e9t, vitalit\u00e1s\u00e1t \u00e9s f\u00e9nyes sz\u0151rzet\u00e9t. Napi etet\u00e9sre alkalmas. Csomag: 4 \u00d7 100 g \u00cdzvil\u00e1g: pulyka \u00e9s marhah\u00fas C\u00e9l: feln\u0151tt macsk\u00e1k Felhaszn\u00e1l\u00e1s: Sz\u00fcks\u00e9g szerint k\u00f6zvetlen\u00fcl vagy sz\u00e1razt\u00e1ppal keverve etesse. Biztos\u00edtson \u00e1lland\u00f3 hozz\u00e1f\u00e9r\u00e9st friss iv\u00f3v\u00edzhez. A tasak felbont\u00e1sa ut\u00e1n [&hellip;]<\/p>\n","protected":false},"featured_media":17471,"template":"","meta":[],"product_brand":[263],"product_cat":[345],"product_tag":[],"class_list":{"0":"post-17470","1":"product","2":"type-product","3":"status-publish","4":"has-post-thumbnail","6":"product_brand-reno","7":"product_cat-kapszulak","9":"first","10":"instock","11":"taxable","12":"shipping-taxable","13":"purchasable","14":"product-type-simple"},"_links":{"self":[{"href":"https:\/\/perfettohome.sk\/hu\/wp-json\/wp\/v2\/product\/17470","targetHints":{"allow":["GET"]}}],"collection":[{"href":"https:\/\/perfettohome.sk\/hu\/wp-json\/wp\/v2\/product"}],"about":[{"href":"https:\/\/perfettohome.sk\/hu\/wp-json\/wp\/v2\/types\/product"}],"wp:featuredmedia":[{"embeddable":true,"href":"https:\/\/perfettohome.sk\/hu\/wp-json\/wp\/v2\/media\/17471"}],"wp:attachment":[{"href":"https:\/\/perfettohome.sk\/hu\/wp-json\/wp\/v2\/media?parent=17470"}],"wp:term":[{"taxonomy":"product_brand","embeddable":true,"href":"https:\/\/perfettohome.sk\/hu\/wp-json\/wp\/v2\/product_brand?post=17470"},{"taxonomy":"product_cat","embeddable":true,"href":"https:\/\/perfettohome.sk\/hu\/wp-json\/wp\/v2\/product_cat?post=17470"},{"taxonomy":"product_tag","embeddable":true,"href":"https:\/\/perfettohome.sk\/hu\/wp-json\/wp\/v2\/product_tag?post=17470"}],"curies":[{"name":"wp","href":"https:\/\/api.w.org\/{rel}","templated":true}]}}