{"id":17477,"date":"2025-10-07T16:24:36","date_gmt":"2025-10-07T14:24:36","guid":{"rendered":"https:\/\/perfettohome.sk\/produkt\/tesori-doriente-lagyito-760ml-38-mosas-vaniglia-e-zenzero\/"},"modified":"2025-12-14T21:29:42","modified_gmt":"2025-12-14T20:29:42","slug":"tesori-doriente-lagyito-760ml-38-mosas-vaniglia-e-zenzero","status":"publish","type":"product","link":"https:\/\/perfettohome.sk\/hu\/produkt\/tesori-doriente-lagyito-760ml-38-mosas-vaniglia-e-zenzero\/","title":{"rendered":"Tesori D&#8217;Oriente \u00f6bl\u00edt\u0151 760ml \/ 38 mos\u00e1s Vaniglia e Zenzero"},"content":{"rendered":"<p>K\u00e9nyeztesse a szennyest egzotikus illattal! A Tesori D&#8217;Oriente Vaniglia e Zenzero a van\u00edlia \u00e9s a gy\u00f6mb\u00e9r kombin\u00e1ci\u00f3j\u00e1val puh\u00e1v\u00e1, finomm\u00e1 \u00e9s gy\u00f6ny\u00f6r\u0171en illatoss\u00e1 teszi a ruh\u00e1kat. A textilpuh\u00edt\u00f3 v\u00e9di a sz\u00e1lakat, cs\u00f6kkenti a gy\u0171r\u0151d\u00e9st \u00e9s megk\u00f6nny\u00edti a vasal\u00e1st, mik\u00f6zben 38 mos\u00e1sig tart\u00f3 frissess\u00e9get biztos\u00edt. T\u00f6k\u00e9letes v\u00e1laszt\u00e1s mindenkinek, aki k\u00e9nyeztetni szeretn\u00e9 a szennyes\u00e9t, mik\u00f6zben meg\u0151rzi annak min\u0151s\u00e9g\u00e9t.   <\/p>\n<p>Kapacit\u00e1s: 760 ml<br \/>\nMos\u00e1sok sz\u00e1ma: 38<br \/>\nIllat: egzotikus van\u00edlia \u00e9s gy\u00f6mb\u00e9r<br \/>\nAlkalmas: minden t\u00edpus\u00fa text\u00edli\u00e1ra.<\/p>\n","protected":false},"excerpt":{"rendered":"<p>K\u00e9nyeztesse a szennyest egzotikus illattal! A Tesori D&#8217;Oriente Vaniglia e Zenzero a van\u00edlia \u00e9s a gy\u00f6mb\u00e9r kombin\u00e1ci\u00f3j\u00e1val puh\u00e1v\u00e1, finomm\u00e1 \u00e9s gy\u00f6ny\u00f6r\u0171en illatoss\u00e1 teszi a ruh\u00e1kat. A textilpuh\u00edt\u00f3 v\u00e9di a sz\u00e1lakat, cs\u00f6kkenti a gy\u0171r\u0151d\u00e9st \u00e9s megk\u00f6nny\u00edti a vasal\u00e1st, mik\u00f6zben 38 mos\u00e1sig tart\u00f3 frissess\u00e9get biztos\u00edt. T\u00f6k\u00e9letes v\u00e1laszt\u00e1s mindenkinek, aki k\u00e9nyeztetni szeretn\u00e9 a szennyes\u00e9t, mik\u00f6zben meg\u0151rzi annak min\u0151s\u00e9g\u00e9t. [&hellip;]<\/p>\n","protected":false},"featured_media":17479,"template":"","meta":[],"product_brand":[279],"product_cat":[350],"product_tag":[],"class_list":{"0":"post-17477","1":"product","2":"type-product","3":"status-publish","4":"has-post-thumbnail","6":"product_brand-tesori-doriente","7":"product_cat-tesori-hu","9":"first","10":"instock","11":"taxable","12":"shipping-taxable","13":"purchasable","14":"product-type-simple"},"_links":{"self":[{"href":"https:\/\/perfettohome.sk\/hu\/wp-json\/wp\/v2\/product\/17477","targetHints":{"allow":["GET"]}}],"collection":[{"href":"https:\/\/perfettohome.sk\/hu\/wp-json\/wp\/v2\/product"}],"about":[{"href":"https:\/\/perfettohome.sk\/hu\/wp-json\/wp\/v2\/types\/product"}],"wp:featuredmedia":[{"embeddable":true,"href":"https:\/\/perfettohome.sk\/hu\/wp-json\/wp\/v2\/media\/17479"}],"wp:attachment":[{"href":"https:\/\/perfettohome.sk\/hu\/wp-json\/wp\/v2\/media?parent=17477"}],"wp:term":[{"taxonomy":"product_brand","embeddable":true,"href":"https:\/\/perfettohome.sk\/hu\/wp-json\/wp\/v2\/product_brand?post=17477"},{"taxonomy":"product_cat","embeddable":true,"href":"https:\/\/perfettohome.sk\/hu\/wp-json\/wp\/v2\/product_cat?post=17477"},{"taxonomy":"product_tag","embeddable":true,"href":"https:\/\/perfettohome.sk\/hu\/wp-json\/wp\/v2\/product_tag?post=17477"}],"curies":[{"name":"wp","href":"https:\/\/api.w.org\/{rel}","templated":true}]}}