{"id":17483,"date":"2025-10-07T14:23:35","date_gmt":"2025-10-07T12:23:35","guid":{"rendered":"https:\/\/perfettohome.sk\/produkt\/aquella-nedves-torlokendok-autofeluletekre-24db\/"},"modified":"2025-10-07T14:23:35","modified_gmt":"2025-10-07T12:23:35","slug":"aquella-nedves-torlokendok-autofeluletekre-24db","status":"publish","type":"product","link":"https:\/\/perfettohome.sk\/hu\/produkt\/aquella-nedves-torlokendok-autofeluletekre-24db\/","title":{"rendered":"Aquella nedves t\u00f6rl\u0151kend\u0151k aut\u00f3fel\u00fcletekre 24db"},"content":{"rendered":"<p>Gyors \u00e9s egyszer\u0171 \u00e1pol\u00e1s az aut\u00f3 belsej\u00e9nek! Az Aquella aut\u00f3fel\u00fclet nedves t\u00f6rl\u0151kend\u0151k hat\u00e9konyan t\u00e1vol\u00edtj\u00e1k el a port, a szennyez\u0151d\u00e9seket \u00e9s az ujjlenyomatokat a m\u0171anyag, gumi vagy festett alkatr\u00e9szekr\u0151l. Kellemes illatot \u00e9s tiszta, rendezett, cs\u00edkmentes megjelen\u00e9st hagynak maguk ut\u00e1n. A praktikus csomagol\u00e1s ide\u00e1lis otthoni \u00e9s \u00fatk\u00f6zbeni haszn\u00e1latra.   <\/p>\n<p>Darabsz\u00e1m: 24<br \/>\nFelhaszn\u00e1l\u00e1s: m\u0171anyag, gumi \u00e9s festett fel\u00fcletek az aut\u00f3ban<br \/>\nTulajdons\u00e1gok: tiszt\u00edt, friss\u00edt, nem hagy cs\u00edkokat<br \/>\nIllat: friss, finom<\/p>\n","protected":false},"excerpt":{"rendered":"<p>Gyors \u00e9s egyszer\u0171 \u00e1pol\u00e1s az aut\u00f3 belsej\u00e9nek! Az Aquella aut\u00f3fel\u00fclet nedves t\u00f6rl\u0151kend\u0151k hat\u00e9konyan t\u00e1vol\u00edtj\u00e1k el a port, a szennyez\u0151d\u00e9seket \u00e9s az ujjlenyomatokat a m\u0171anyag, gumi vagy festett alkatr\u00e9szekr\u0151l. Kellemes illatot \u00e9s tiszta, rendezett, cs\u00edkmentes megjelen\u00e9st hagynak maguk ut\u00e1n. A praktikus csomagol\u00e1s ide\u00e1lis otthoni \u00e9s \u00fatk\u00f6zbeni haszn\u00e1latra. Darabsz\u00e1m: 24 Felhaszn\u00e1l\u00e1s: m\u0171anyag, gumi \u00e9s festett fel\u00fcletek az [&hellip;]<\/p>\n","protected":false},"featured_media":17484,"template":"","meta":[],"product_brand":[246],"product_cat":[324],"product_tag":[],"class_list":{"0":"post-17483","1":"product","2":"type-product","3":"status-publish","4":"has-post-thumbnail","6":"product_brand-aquella","7":"product_cat-torlokendok-zsebkendok","9":"first","10":"instock","11":"taxable","12":"shipping-taxable","13":"purchasable","14":"product-type-simple"},"_links":{"self":[{"href":"https:\/\/perfettohome.sk\/hu\/wp-json\/wp\/v2\/product\/17483","targetHints":{"allow":["GET"]}}],"collection":[{"href":"https:\/\/perfettohome.sk\/hu\/wp-json\/wp\/v2\/product"}],"about":[{"href":"https:\/\/perfettohome.sk\/hu\/wp-json\/wp\/v2\/types\/product"}],"wp:featuredmedia":[{"embeddable":true,"href":"https:\/\/perfettohome.sk\/hu\/wp-json\/wp\/v2\/media\/17484"}],"wp:attachment":[{"href":"https:\/\/perfettohome.sk\/hu\/wp-json\/wp\/v2\/media?parent=17483"}],"wp:term":[{"taxonomy":"product_brand","embeddable":true,"href":"https:\/\/perfettohome.sk\/hu\/wp-json\/wp\/v2\/product_brand?post=17483"},{"taxonomy":"product_cat","embeddable":true,"href":"https:\/\/perfettohome.sk\/hu\/wp-json\/wp\/v2\/product_cat?post=17483"},{"taxonomy":"product_tag","embeddable":true,"href":"https:\/\/perfettohome.sk\/hu\/wp-json\/wp\/v2\/product_tag?post=17483"}],"curies":[{"name":"wp","href":"https:\/\/api.w.org\/{rel}","templated":true}]}}